{"id":26437,"date":"2021-02-04T17:32:19","date_gmt":"2021-02-04T16:32:19","guid":{"rendered":"https:\/\/sextoysproductstore.com\/store\/uncategorized\/male-masturbator-cup-soft-pussy-sex-toys-transparent-vagina-adult-endurance-exercise-sex-products-vacuum-pocket-cup-for-men\/"},"modified":"2026-04-17T07:12:17","modified_gmt":"2026-04-17T05:12:17","slug":"safiman-soft-pussy-endurance-exercise-masturbator-cup","status":"publish","type":"product","link":"https:\/\/sextoysproductstore.com\/es\/store\/male-masturbators\/safiman-soft-pussy-endurance-exercise-masturbator-cup\/","title":{"rendered":"Vaso masturbador para ejercicios de resistencia Safiman Soft Pussy"},"content":{"rendered":"","protected":false},"excerpt":{"rendered":"<p>Una aut\u00e9ntica experiencia de imitaci\u00f3n como los canales carnosos y las texturas de un co\u00f1o real. Grandes est\u00edmulos de contacto ondulados, junto con contracciones r\u00edtmicas, llevan el placer a lo m\u00e1s alto.<\/p>\n<ul>\n<li>Material: TPR\/ABS<\/li>\n<li>Colores: 6 Colores<\/li>\n<li>Silicona blanda transparente F\u00e1cil de limpiar<\/li>\n<li>Vac\u00edo o ventilaci\u00f3n conmutables a voluntad<\/li>\n<li><strong>Talla 1 y talla 2<\/strong>: Tipo de fricci\u00f3n suave, placer suave<\/li>\n<li><strong>Tallas 3 y 4<\/strong>: Tipo suave y apretado, fuerte placer<\/li>\n<li><strong>Tallas 5 y 6<\/strong>: La tensi\u00f3n y la tenacidad estimulan los sentimientos<\/li>\n<\/ul>","protected":false},"featured_media":26456,"comment_status":"open","ping_status":"closed","template":"","meta":{"_seopress_robots_primary_cat":"","_seopress_titles_title":"","_seopress_titles_desc":"","_seopress_robots_index":""},"store":[4032],"product_brand":[],"product_cat":[3450],"product_tag":[3935],"class_list":{"0":"post-26437","1":"product","2":"type-product","3":"status-publish","4":"has-post-thumbnail","6":"store-safiman","7":"product_cat-male-masturbators","8":"product_tag-for-men","10":"first","11":"outofstock","12":"sale","13":"taxable","14":"shipping-taxable","15":"purchasable","16":"product-type-variable"},"_links":{"self":[{"href":"https:\/\/sextoysproductstore.com\/es\/wp-json\/wp\/v2\/product\/26437","targetHints":{"allow":["GET"]}}],"collection":[{"href":"https:\/\/sextoysproductstore.com\/es\/wp-json\/wp\/v2\/product"}],"about":[{"href":"https:\/\/sextoysproductstore.com\/es\/wp-json\/wp\/v2\/types\/product"}],"replies":[{"embeddable":true,"href":"https:\/\/sextoysproductstore.com\/es\/wp-json\/wp\/v2\/comments?post=26437"}],"version-history":[{"count":0,"href":"https:\/\/sextoysproductstore.com\/es\/wp-json\/wp\/v2\/product\/26437\/revisions"}],"wp:featuredmedia":[{"embeddable":true,"href":"https:\/\/sextoysproductstore.com\/es\/wp-json\/wp\/v2\/media\/26456"}],"wp:attachment":[{"href":"https:\/\/sextoysproductstore.com\/es\/wp-json\/wp\/v2\/media?parent=26437"}],"wp:term":[{"taxonomy":"store","embeddable":true,"href":"https:\/\/sextoysproductstore.com\/es\/wp-json\/wp\/v2\/store?post=26437"},{"taxonomy":"product_brand","embeddable":true,"href":"https:\/\/sextoysproductstore.com\/es\/wp-json\/wp\/v2\/product_brand?post=26437"},{"taxonomy":"product_cat","embeddable":true,"href":"https:\/\/sextoysproductstore.com\/es\/wp-json\/wp\/v2\/product_cat?post=26437"},{"taxonomy":"product_tag","embeddable":true,"href":"https:\/\/sextoysproductstore.com\/es\/wp-json\/wp\/v2\/product_tag?post=26437"}],"curies":[{"name":"wp","href":"https:\/\/api.w.org\/{rel}","templated":true}]}}