{"id":24934,"date":"2020-12-26T16:07:36","date_gmt":"2020-12-26T15:07:36","guid":{"rendered":"https:\/\/sextoysproductstore.com\/store\/uncategorized\/tenga-double-hole-cup-simulated-vagina-masturbators-cup-suck-realistic-pussy-vigina-anus-sex-toy-shop-product-for-men\/"},"modified":"2026-04-10T03:04:21","modified_gmt":"2026-04-10T01:04:21","slug":"tenga-double-hole-cup","status":"publish","type":"product","link":"https:\/\/sextoysproductstore.com\/es\/store\/male-masturbators\/tenga-double-hole-cup\/","title":{"rendered":"TENGA CUP\u00d3N DE DOBLE AGUJERO"},"content":{"rendered":"","protected":false},"excerpt":{"rendered":"<p><strong>\u00a1Doble estimulaci\u00f3n m\u00e1s profunda en el tama\u00f1o 120%!<\/strong><\/p>\n<p>\u00a1El U.S. Double Hole CUP cuenta con una construcci\u00f3n de doble canal que ofrece sensaciones completamente diferentes desde ambos lados! \u00a1\u00dasalo individualmente para saborear la diferencia o al mismo tiempo para disfrutar de la diferencia din\u00e1mica!<\/p>","protected":false},"featured_media":26070,"comment_status":"open","ping_status":"closed","template":"","meta":{"_seopress_robots_primary_cat":"","_seopress_titles_title":"","_seopress_titles_desc":"","_seopress_robots_index":""},"store":[4025],"product_brand":[],"product_cat":[3450],"product_tag":[3935],"class_list":{"0":"post-24934","1":"product","2":"type-product","3":"status-publish","4":"has-post-thumbnail","6":"store-tenga","7":"product_cat-male-masturbators","8":"product_tag-for-men","10":"first","11":"outofstock","12":"sale","13":"taxable","14":"shipping-taxable","15":"purchasable","16":"product-type-variable"},"_links":{"self":[{"href":"https:\/\/sextoysproductstore.com\/es\/wp-json\/wp\/v2\/product\/24934","targetHints":{"allow":["GET"]}}],"collection":[{"href":"https:\/\/sextoysproductstore.com\/es\/wp-json\/wp\/v2\/product"}],"about":[{"href":"https:\/\/sextoysproductstore.com\/es\/wp-json\/wp\/v2\/types\/product"}],"replies":[{"embeddable":true,"href":"https:\/\/sextoysproductstore.com\/es\/wp-json\/wp\/v2\/comments?post=24934"}],"version-history":[{"count":0,"href":"https:\/\/sextoysproductstore.com\/es\/wp-json\/wp\/v2\/product\/24934\/revisions"}],"wp:featuredmedia":[{"embeddable":true,"href":"https:\/\/sextoysproductstore.com\/es\/wp-json\/wp\/v2\/media\/26070"}],"wp:attachment":[{"href":"https:\/\/sextoysproductstore.com\/es\/wp-json\/wp\/v2\/media?parent=24934"}],"wp:term":[{"taxonomy":"store","embeddable":true,"href":"https:\/\/sextoysproductstore.com\/es\/wp-json\/wp\/v2\/store?post=24934"},{"taxonomy":"product_brand","embeddable":true,"href":"https:\/\/sextoysproductstore.com\/es\/wp-json\/wp\/v2\/product_brand?post=24934"},{"taxonomy":"product_cat","embeddable":true,"href":"https:\/\/sextoysproductstore.com\/es\/wp-json\/wp\/v2\/product_cat?post=24934"},{"taxonomy":"product_tag","embeddable":true,"href":"https:\/\/sextoysproductstore.com\/es\/wp-json\/wp\/v2\/product_tag?post=24934"}],"curies":[{"name":"wp","href":"https:\/\/api.w.org\/{rel}","templated":true}]}}