{"id":15283,"date":"2020-08-18T00:40:02","date_gmt":"2020-08-18T00:40:02","guid":{"rendered":"https:\/\/sextoysproductstore.com\/product\/double-dildo-strap-on-harness-sex-toy-realistic-g-spot-men-penis-ladies-lesbian-gay-couples-dong-strapon-dildos-for-women\/"},"modified":"2026-01-18T09:26:32","modified_gmt":"2026-01-18T08:26:32","slug":"baile-double-dildo-strap-on-harness","status":"publish","type":"product","link":"https:\/\/sextoysproductstore.com\/es\/store\/strap-on-dildos\/baile-double-dildo-strap-on-harness\/","title":{"rendered":"Arn\u00e9s con doble consolador"},"content":{"rendered":"<p><strong>Uso:<\/strong><\/p>\n<ol>\n<li>Nota: Este dispositivo es exclusivamente para los individuos<\/li>\n<li>Antes de su uso, con 75% de alcohol m\u00e9dico frote este dispositivo, desinfect\u00e1ndolo y limpi\u00e1ndolo completamente<\/li>\n<li>Sugiero usarlo con preservativo<\/li>\n<li>Cuando se utiliza, se puede aplicar un poco de lubricante en \u00e9l<\/li>\n<li>Cuando se limpie el producto despu\u00e9s de su uso, la parte del circuito debe mantenerse alejada del agua<\/li>\n<\/ol>","protected":false},"excerpt":{"rendered":"<p><strong>Funci\u00f3n<\/strong><\/p>\n<ul>\n<li>Hecho con TPR no t\u00f3xico y seguro, sin mal olor, nylon y cuero de PU<\/li>\n<li>Ropa interior ajustable y el\u00e1stica<\/li>\n<li>Consoladores desmontables con la textura dura y flexible<\/li>\n<li>2 Dildos para estimular la vagina de tu pareja o tu ano<\/li>\n<li>Producto especializado para que las lesbianas tengan relaciones homosexuales. Consoladores desmontables, dise\u00f1o impermeable para una f\u00e1cil limpieza.<\/li>\n<\/ul>\n<p><strong>Descripci\u00f3n:<\/strong><\/p>\n<ul>\n<li>Tama\u00f1o: Consolador grande 180*35mm Consolador peque\u00f1o 125*25mm<\/li>\n<li>Material: TPR, tambi\u00e9n conocido como caucho termopl\u00e1stico<\/li>\n<\/ul>","protected":false},"featured_media":15377,"comment_status":"open","ping_status":"closed","template":"","meta":{"_seopress_robots_primary_cat":"","_seopress_titles_title":"","_seopress_titles_desc":"","_seopress_robots_index":""},"store":[3849],"product_brand":[],"product_cat":[3661],"product_tag":[],"class_list":{"0":"post-15283","1":"product","2":"type-product","3":"status-publish","4":"has-post-thumbnail","6":"store-baile","7":"product_cat-strap-on-dildos","9":"first","10":"outofstock","11":"sale","12":"taxable","13":"shipping-taxable","14":"purchasable","15":"product-type-variable"},"_links":{"self":[{"href":"https:\/\/sextoysproductstore.com\/es\/wp-json\/wp\/v2\/product\/15283","targetHints":{"allow":["GET"]}}],"collection":[{"href":"https:\/\/sextoysproductstore.com\/es\/wp-json\/wp\/v2\/product"}],"about":[{"href":"https:\/\/sextoysproductstore.com\/es\/wp-json\/wp\/v2\/types\/product"}],"replies":[{"embeddable":true,"href":"https:\/\/sextoysproductstore.com\/es\/wp-json\/wp\/v2\/comments?post=15283"}],"version-history":[{"count":0,"href":"https:\/\/sextoysproductstore.com\/es\/wp-json\/wp\/v2\/product\/15283\/revisions"}],"wp:featuredmedia":[{"embeddable":true,"href":"https:\/\/sextoysproductstore.com\/es\/wp-json\/wp\/v2\/media\/15377"}],"wp:attachment":[{"href":"https:\/\/sextoysproductstore.com\/es\/wp-json\/wp\/v2\/media?parent=15283"}],"wp:term":[{"taxonomy":"store","embeddable":true,"href":"https:\/\/sextoysproductstore.com\/es\/wp-json\/wp\/v2\/store?post=15283"},{"taxonomy":"product_brand","embeddable":true,"href":"https:\/\/sextoysproductstore.com\/es\/wp-json\/wp\/v2\/product_brand?post=15283"},{"taxonomy":"product_cat","embeddable":true,"href":"https:\/\/sextoysproductstore.com\/es\/wp-json\/wp\/v2\/product_cat?post=15283"},{"taxonomy":"product_tag","embeddable":true,"href":"https:\/\/sextoysproductstore.com\/es\/wp-json\/wp\/v2\/product_tag?post=15283"}],"curies":[{"name":"wp","href":"https:\/\/api.w.org\/{rel}","templated":true}]}}