{"id":15276,"date":"2020-08-18T00:39:59","date_gmt":"2020-08-18T00:39:59","guid":{"rendered":"https:\/\/sextoysproductstore.com\/product\/unisex-big-dildos-huge-strap-on-realistic-dildo-pants-harness-adjustable-8-5-penis-anal-sex-toy-for-woman-couples-lesbian\/"},"modified":"2026-01-18T08:56:23","modified_gmt":"2026-01-18T07:56:23","slug":"lovetoy-rodeo-unisex-huge-realistic-strap-on-dildo-penis","status":"publish","type":"product","link":"https:\/\/sextoysproductstore.com\/es\/store\/strap-on-dildos\/lovetoy-rodeo-unisex-huge-realistic-strap-on-dildo-penis\/","title":{"rendered":"Lovetoy Rodeo 8 pulgadas y 8,5 pulgadas Unisex realista Strap-on Consolador Pene"},"content":{"rendered":"<p>El consolador de silicona Stap-On m\u00e1s realista que existe. Este juguete sexual es revolucionario y funcional, con un eje de pene de aspecto real incre\u00edblemente realista y un glande de pene s\u00faper suave que crean una sensaci\u00f3n aut\u00e9ntica para cada compa\u00f1ero. Est\u00e1 hecho para proporcionar la satisfacci\u00f3n m\u00e1s realista esencialmente.<\/p>\n<p>El strap-on hueco de silicona soporta su erecci\u00f3n en \u00faltima instancia. Este strap-on hueco es perfecto para las personas que sufren de disfunci\u00f3n er\u00e9ctil y aquellos en la b\u00fasqueda de un aumento de la circunferencia de la erecci\u00f3n en el acto. Por el contrario, sus sugerencias de silicona blanda complacer a su compa\u00f1ero con tales sensaciones pr\u00e1cticas.<\/p>\n<p>Las tallas de Comfiest Waistband son de 24-48 pulgadas para adaptarse a mujeres y hombres. Est\u00e1n dise\u00f1adas para adaptarse a mujeres y hombres (tallas de cintura 24\u2033-48\u2033) con diferentes estilos f\u00edsicos y tallas.<\/p>\n<p>La cintura el\u00e1stica tipo jock hace que sea esencialmente el strap-on m\u00e1s c\u00f3modo que existe. Los diez cierres de la correa, los laterales de velcro liso ajustable y las correas el\u00e1sticas crean una combinaci\u00f3n ideal.<\/p>","protected":false},"excerpt":{"rendered":"<p>Lovetoy Rodeo es el consolador con correa m\u00e1s fino que existe. Est\u00e1n dise\u00f1ados para ofrecer esencialmente la satisfacci\u00f3n m\u00e1s realista.<\/p>\n<ul>\n<li>Realista, c\u00f3modo, suficientemente suave<\/li>\n<li>El glande s\u00faper suave con un departamento de v\u00e1stago relativamente r\u00edgido combinan a la perfecci\u00f3n<\/li>\n<li>Una experiencia s\u00faper real con este set de consoladores Strap-On que vale cada cent\u00edmetro<\/li>\n<li>El consolador hueco est\u00e1 hecho de silicona<\/li>\n<li>LV415001 Longitud: 8 pulgadas, Longitud insertable: 7,5 pulgadas, Anchura exterior: 1,75 pulgadas, Anchura interior: 1,25 pulgadas<\/li>\n<li>LV415002 Longitud: 8,5 pulgadas, Longitud insertable: 8 pulgadas, Anchura exterior: 2 pulgadas, Anchura interior: 1,45 pulgadas<\/li>\n<li>La cintura est\u00e1 hecha de poli\u00e9ster, con un ancho de 2 pulgadas, y est\u00e1 dise\u00f1ada para ajustarse tanto a hombres como a mujeres (tallas de cintura 24\"- 48\"). La cintura el\u00e1stica estilo jock lo convierte en el strap-on m\u00e1s c\u00f3modo del mercado.<\/li>\n<li>Los diez cierres en la cintura, los laterales ajustables con velcro suave y las correas el\u00e1sticas crean un ajuste perfecto.<\/li>\n<\/ul>","protected":false},"featured_media":20518,"comment_status":"open","ping_status":"closed","template":"","meta":{"_seopress_robots_primary_cat":"","_seopress_titles_title":"Lovetoy Rodeo Unisex Huge Realistic Strap-on Dildo Penis","_seopress_titles_desc":"Lovetoy Rodeo the finest Lifelike Hole strap-on, dildo out there. They are designed to deliver essentially the most lifelike satisfaction.","_seopress_robots_index":""},"store":[3847],"product_brand":[],"product_cat":[3661],"product_tag":[],"class_list":{"0":"post-15276","1":"product","2":"type-product","3":"status-publish","4":"has-post-thumbnail","6":"store-lovetoy","7":"product_cat-strap-on-dildos","9":"first","10":"outofstock","11":"sale","12":"taxable","13":"shipping-taxable","14":"purchasable","15":"product-type-variable"},"_links":{"self":[{"href":"https:\/\/sextoysproductstore.com\/es\/wp-json\/wp\/v2\/product\/15276","targetHints":{"allow":["GET"]}}],"collection":[{"href":"https:\/\/sextoysproductstore.com\/es\/wp-json\/wp\/v2\/product"}],"about":[{"href":"https:\/\/sextoysproductstore.com\/es\/wp-json\/wp\/v2\/types\/product"}],"replies":[{"embeddable":true,"href":"https:\/\/sextoysproductstore.com\/es\/wp-json\/wp\/v2\/comments?post=15276"}],"version-history":[{"count":0,"href":"https:\/\/sextoysproductstore.com\/es\/wp-json\/wp\/v2\/product\/15276\/revisions"}],"wp:featuredmedia":[{"embeddable":true,"href":"https:\/\/sextoysproductstore.com\/es\/wp-json\/wp\/v2\/media\/20518"}],"wp:attachment":[{"href":"https:\/\/sextoysproductstore.com\/es\/wp-json\/wp\/v2\/media?parent=15276"}],"wp:term":[{"taxonomy":"store","embeddable":true,"href":"https:\/\/sextoysproductstore.com\/es\/wp-json\/wp\/v2\/store?post=15276"},{"taxonomy":"product_brand","embeddable":true,"href":"https:\/\/sextoysproductstore.com\/es\/wp-json\/wp\/v2\/product_brand?post=15276"},{"taxonomy":"product_cat","embeddable":true,"href":"https:\/\/sextoysproductstore.com\/es\/wp-json\/wp\/v2\/product_cat?post=15276"},{"taxonomy":"product_tag","embeddable":true,"href":"https:\/\/sextoysproductstore.com\/es\/wp-json\/wp\/v2\/product_tag?post=15276"}],"curies":[{"name":"wp","href":"https:\/\/api.w.org\/{rel}","templated":true}]}}