{"id":14828,"date":"2020-08-17T17:30:52","date_gmt":"2020-08-17T17:30:52","guid":{"rendered":"https:\/\/sextoysproductstore.com\/product\/lovetoy-12-realistic-pvc-king-sized-dildo-huge-dildos-with-suction-cup-for-women-masturbation-sex-toys\/"},"modified":"2026-01-16T04:52:45","modified_gmt":"2026-01-16T03:52:45","slug":"lovetoy-12-inch-realistic-king-size-xxl-huge-dildo","status":"publish","type":"product","link":"https:\/\/sextoysproductstore.com\/es\/store\/realistic-dildo-penis\/lovetoy-12-inch-realistic-king-size-xxl-huge-dildo\/","title":{"rendered":"Lovetoy Consolador realista de 12 pulgadas tama\u00f1o XXL"},"content":{"rendered":"<p>Este consolador realista de alta calidad de la legendaria serie de consoladores realistas de Love Toys tiene una punta redondeada de color rosa rubor para facilitar la inserci\u00f3n y un eje sensacionalmente veteado para aumentar el placer interno.<\/p>\n<p>Flexi\u00f3n durante el uso. El eje curvado trabaja con tu cuerpo para satisfacerte, mientras que las bolas texturizadas duplican tu diversi\u00f3n con una incre\u00edble estimulaci\u00f3n externa. Este enorme consolador de tama\u00f1o real es tan incre\u00edble que parece piel, especialmente si se calienta previamente en agua. Te garantiza una experiencia sensacional.<\/p>\n<p>Este juguete tiene una base de ventosa que puedes fijar a cualquier superficie lisa y dura para tener las manos libres en tus sue\u00f1os sexuales.<\/p>\n<p>Utiliza abundante lubricante con este juguete para obtener la mejor y m\u00e1s resbaladiza experiencia.<\/p>","protected":false},"excerpt":{"rendered":"<p>Explora cada cent\u00edmetro del legendario consolador realista Lovetoy 12 pulgadas de tama\u00f1o king, longitud y circunferencia extra Sensacional para la estimulaci\u00f3n de llenado.<\/p>\n<p>Satisf\u00e1gase con cada vena, curva y bulto de esta r\u00e9plica gigante que parece y se siente como si sus fantas\u00edas cobraran vida.<\/p>\n<ul>\n<li>Tama\u00f1o: 12\" largo X 2,2\" ancho<\/li>\n<li>Longitud y circunferencia extra sensacional para la estimulaci\u00f3n de llenado<\/li>\n<li>Material de PVC sin ftalatos de tacto real para una experiencia realista<\/li>\n<li>Base de ventosa para jugar con las manos libres<\/li>\n<li>Peso neto: 1,2 kg<\/li>\n<\/ul>","protected":false},"featured_media":20419,"comment_status":"open","ping_status":"closed","template":"","meta":{"_seopress_robots_primary_cat":"","_seopress_titles_title":"","_seopress_titles_desc":"Explore every inch of the legendary Lovetoy 12 Inch king-sized realistic dildo, extra Sensational length and girth for filling stimulation.","_seopress_robots_index":""},"store":[3847],"product_brand":[],"product_cat":[3621],"product_tag":[3936],"class_list":{"0":"post-14828","1":"product","2":"type-product","3":"status-publish","4":"has-post-thumbnail","6":"store-lovetoy","7":"product_cat-realistic-dildo-penis","8":"product_tag-for-women","10":"first","11":"outofstock","12":"sale","13":"taxable","14":"shipping-taxable","15":"purchasable","16":"product-type-simple"},"_links":{"self":[{"href":"https:\/\/sextoysproductstore.com\/es\/wp-json\/wp\/v2\/product\/14828","targetHints":{"allow":["GET"]}}],"collection":[{"href":"https:\/\/sextoysproductstore.com\/es\/wp-json\/wp\/v2\/product"}],"about":[{"href":"https:\/\/sextoysproductstore.com\/es\/wp-json\/wp\/v2\/types\/product"}],"replies":[{"embeddable":true,"href":"https:\/\/sextoysproductstore.com\/es\/wp-json\/wp\/v2\/comments?post=14828"}],"version-history":[{"count":0,"href":"https:\/\/sextoysproductstore.com\/es\/wp-json\/wp\/v2\/product\/14828\/revisions"}],"wp:featuredmedia":[{"embeddable":true,"href":"https:\/\/sextoysproductstore.com\/es\/wp-json\/wp\/v2\/media\/20419"}],"wp:attachment":[{"href":"https:\/\/sextoysproductstore.com\/es\/wp-json\/wp\/v2\/media?parent=14828"}],"wp:term":[{"taxonomy":"store","embeddable":true,"href":"https:\/\/sextoysproductstore.com\/es\/wp-json\/wp\/v2\/store?post=14828"},{"taxonomy":"product_brand","embeddable":true,"href":"https:\/\/sextoysproductstore.com\/es\/wp-json\/wp\/v2\/product_brand?post=14828"},{"taxonomy":"product_cat","embeddable":true,"href":"https:\/\/sextoysproductstore.com\/es\/wp-json\/wp\/v2\/product_cat?post=14828"},{"taxonomy":"product_tag","embeddable":true,"href":"https:\/\/sextoysproductstore.com\/es\/wp-json\/wp\/v2\/product_tag?post=14828"}],"curies":[{"name":"wp","href":"https:\/\/api.w.org\/{rel}","templated":true}]}}