{"id":14808,"date":"2020-08-17T17:30:45","date_gmt":"2020-08-17T17:30:45","guid":{"rendered":"https:\/\/sextoysproductstore.com\/product\/lovetoy-dual-layer-silicone-dildos-10-12-hug-realistic-penis-female-masturbation-lifelike-dildo-with-suction-cup-sex-plug-toy\/"},"modified":"2026-01-16T04:52:01","modified_gmt":"2026-01-16T03:52:01","slug":"lovetoy-dual-layer-platinum-hug-realistic-dildo-penis","status":"publish","type":"product","link":"https:\/\/sextoysproductstore.com\/es\/store\/realistic-dildo-penis\/lovetoy-dual-layer-platinum-hug-realistic-dildo-penis\/","title":{"rendered":"Consolador Pene Real\u00edstico Lovetoy King Sized Doble Capa Platino"},"content":{"rendered":"<p>El pene consolador realista Lovetoy est\u00e1 a tu disposici\u00f3n para proporcionarte la satisfacci\u00f3n m\u00e1s realista.<\/p>\n<p>Sus incre\u00edbles dimensiones te dejar\u00e1n boquiabierto. Su robusta base de ventosa le permite fijar cualquier superficie plana y lisa para disfrutar de un animado paseo con las manos libres.<\/p>\n<p>Fabricado con silicona ultrasuave de doble capa, te encantar\u00e1 la sensaci\u00f3n natural contra tu cuerpo, que cuenta con una suavidad incre\u00edblemente natural con un n\u00facleo interior firme que se siente igual que una erecci\u00f3n natural. Su cabeza redondeada y realista y su eje veteado se encargan internamente de todo.<\/p>\n<p>La base de succi\u00f3n lo hace perfecto para jugar con las manos libres, con o sin arn\u00e9s.<\/p>","protected":false},"excerpt":{"rendered":"<p>La polla Lovetoy King Sized de doble capa de silicona natural es incre\u00edblemente realista con un eje de doble capa, cabeza abultada y bolas texturizadas que crean aut\u00e9nticas sensaciones tanto por dentro como por fuera.<\/p>\n<ul>\n<li>Tama\u00f1os disponibles: 10 pulgadas, 11 pulgadas y 12 pulgadas<\/li>\n<li>Fabricado con silicona de platino de doble capa<\/li>\n<li>Silicona firme en el interior, silicona ultrasuave en el exterior<\/li>\n<li>Super real sentir la experiencia con este consolador que vale la pena cada pulgada<\/li>\n<li>Un consolador King Size de calidad superior fabricado para proporcionar toda una vida de placer<\/li>\n<li>Material: Silicona platino, sin ftalatos, sin l\u00e1tex<\/li>\n<li>Este fant\u00e1stico consolador se sentir\u00e1 incre\u00edble contra tu piel.<\/li>\n<\/ul>","protected":false},"featured_media":31718,"comment_status":"open","ping_status":"closed","template":"","meta":{"_seopress_robots_primary_cat":"","_seopress_titles_title":"","_seopress_titles_desc":"The Lovetoy King Sized Realistic Dildo Penis is there for you to deliver the most lifelike satisfaction. Incredibly Realistic Dildo Penis!","_seopress_robots_index":""},"store":[3847],"product_brand":[],"product_cat":[3621],"product_tag":[3936],"class_list":{"0":"post-14808","1":"product","2":"type-product","3":"status-publish","4":"has-post-thumbnail","6":"store-lovetoy","7":"product_cat-realistic-dildo-penis","8":"product_tag-for-women","10":"first","11":"outofstock","12":"sale","13":"taxable","14":"shipping-taxable","15":"purchasable","16":"product-type-variable"},"_links":{"self":[{"href":"https:\/\/sextoysproductstore.com\/es\/wp-json\/wp\/v2\/product\/14808","targetHints":{"allow":["GET"]}}],"collection":[{"href":"https:\/\/sextoysproductstore.com\/es\/wp-json\/wp\/v2\/product"}],"about":[{"href":"https:\/\/sextoysproductstore.com\/es\/wp-json\/wp\/v2\/types\/product"}],"replies":[{"embeddable":true,"href":"https:\/\/sextoysproductstore.com\/es\/wp-json\/wp\/v2\/comments?post=14808"}],"version-history":[{"count":0,"href":"https:\/\/sextoysproductstore.com\/es\/wp-json\/wp\/v2\/product\/14808\/revisions"}],"wp:featuredmedia":[{"embeddable":true,"href":"https:\/\/sextoysproductstore.com\/es\/wp-json\/wp\/v2\/media\/31718"}],"wp:attachment":[{"href":"https:\/\/sextoysproductstore.com\/es\/wp-json\/wp\/v2\/media?parent=14808"}],"wp:term":[{"taxonomy":"store","embeddable":true,"href":"https:\/\/sextoysproductstore.com\/es\/wp-json\/wp\/v2\/store?post=14808"},{"taxonomy":"product_brand","embeddable":true,"href":"https:\/\/sextoysproductstore.com\/es\/wp-json\/wp\/v2\/product_brand?post=14808"},{"taxonomy":"product_cat","embeddable":true,"href":"https:\/\/sextoysproductstore.com\/es\/wp-json\/wp\/v2\/product_cat?post=14808"},{"taxonomy":"product_tag","embeddable":true,"href":"https:\/\/sextoysproductstore.com\/es\/wp-json\/wp\/v2\/product_tag?post=14808"}],"curies":[{"name":"wp","href":"https:\/\/api.w.org\/{rel}","templated":true}]}}