{"id":14804,"date":"2020-08-17T19:30:44","date_gmt":"2020-08-17T17:30:44","guid":{"rendered":"https:\/\/sextoysproductstore.com\/product\/7-inch-realistic-dildo-female-self-pleasure-sex-toys-dual-layered-liquid-silicone-penis-with-hands-free-suction-cup\/"},"modified":"2026-01-16T04:03:43","modified_gmt":"2026-01-16T03:03:43","slug":"lovetoy-7-inch-realistic-dual-layered-platinum-silicone-cock","status":"publish","type":"product","link":"https:\/\/sextoysproductstore.com\/es\/store\/realistic-dildo-penis\/lovetoy-7-inch-realistic-dual-layered-platinum-silicone-cock\/","title":{"rendered":"Lovetoy Pene de silicona de doble capa realista de 7 pulgadas"},"content":{"rendered":"<p>Construido para ofrecer la satisfacci\u00f3n m\u00e1s real.<\/p>\n<p>Love Toy Pene natural de silicona de doble capa es incre\u00edblemente realista con un eje de doble capa, cabeza abultada y bolas texturizadas que crean una sensaci\u00f3n aut\u00e9ntica tanto por dentro como por fuera.<\/p>\n<p>Le encantar\u00e1 la sensaci\u00f3n natural contra su cuerpo, que cuenta con una suavidad incre\u00edblemente realista con un n\u00facleo interior firme que se siente igual que una erecci\u00f3n real.<\/p>\n<p>Mientras que su cabeza redondeada y realista y su v\u00e1stago veteado se encargan de los asuntos internos.<\/p>\n<p>La base de succi\u00f3n lo hace perfecto para jugar con las manos libres, con o sin arn\u00e9s.<\/p>","protected":false},"excerpt":{"rendered":"<p>Consolador realista de 7 pulgadas Juguetes sexuales para el autoplacer femenino Pene de silicona l\u00edquida de doble capa con ventosa manos libres<\/p>\n<ul class=\"pruductoptions\">\n<li>Silicona firme en el interior, silicona ultrasuave en el exterior, fabricada con silicona l\u00edquida de doble capa<\/li>\n<li>Experiencia s\u00faper real con este consolador de silicona que vale cada cent\u00edmetro<\/li>\n<li>Un consolador de calidad superior construido para dar una vida de placer<\/li>\n<li>Material: silicona l\u00edquida, sin ftalatos ni l\u00e1tex<\/li>\n<li>Tama\u00f1o medio de la polla: 18*3.8CM (incluida la base de succi\u00f3n)<\/li>\n<li>6 cm de di\u00e1metro para la base de succi\u00f3n de silicona<\/li>\n<\/ul>","protected":false},"featured_media":20778,"comment_status":"open","ping_status":"closed","template":"","meta":{"_seopress_robots_primary_cat":"","_seopress_titles_title":"","_seopress_titles_desc":"","_seopress_robots_index":""},"store":[3847],"product_brand":[],"product_cat":[3621],"product_tag":[3936],"class_list":{"0":"post-14804","1":"product","2":"type-product","3":"status-publish","4":"has-post-thumbnail","6":"store-lovetoy","7":"product_cat-realistic-dildo-penis","8":"product_tag-for-women","10":"first","11":"outofstock","12":"sale","13":"taxable","14":"shipping-taxable","15":"purchasable","16":"product-type-variable"},"_links":{"self":[{"href":"https:\/\/sextoysproductstore.com\/es\/wp-json\/wp\/v2\/product\/14804","targetHints":{"allow":["GET"]}}],"collection":[{"href":"https:\/\/sextoysproductstore.com\/es\/wp-json\/wp\/v2\/product"}],"about":[{"href":"https:\/\/sextoysproductstore.com\/es\/wp-json\/wp\/v2\/types\/product"}],"replies":[{"embeddable":true,"href":"https:\/\/sextoysproductstore.com\/es\/wp-json\/wp\/v2\/comments?post=14804"}],"version-history":[{"count":0,"href":"https:\/\/sextoysproductstore.com\/es\/wp-json\/wp\/v2\/product\/14804\/revisions"}],"wp:featuredmedia":[{"embeddable":true,"href":"https:\/\/sextoysproductstore.com\/es\/wp-json\/wp\/v2\/media\/20778"}],"wp:attachment":[{"href":"https:\/\/sextoysproductstore.com\/es\/wp-json\/wp\/v2\/media?parent=14804"}],"wp:term":[{"taxonomy":"store","embeddable":true,"href":"https:\/\/sextoysproductstore.com\/es\/wp-json\/wp\/v2\/store?post=14804"},{"taxonomy":"product_brand","embeddable":true,"href":"https:\/\/sextoysproductstore.com\/es\/wp-json\/wp\/v2\/product_brand?post=14804"},{"taxonomy":"product_cat","embeddable":true,"href":"https:\/\/sextoysproductstore.com\/es\/wp-json\/wp\/v2\/product_cat?post=14804"},{"taxonomy":"product_tag","embeddable":true,"href":"https:\/\/sextoysproductstore.com\/es\/wp-json\/wp\/v2\/product_tag?post=14804"}],"curies":[{"name":"wp","href":"https:\/\/api.w.org\/{rel}","templated":true}]}}