{"id":14800,"date":"2020-08-17T17:30:43","date_gmt":"2020-08-17T17:30:43","guid":{"rendered":"https:\/\/sextoysproductstore.com\/product\/7-inch-dual-layer-liquid-silicone-dildo-realistic-big-huge-penis-with-strong-suction-cup-sex-products-for-women\/"},"modified":"2026-01-16T03:56:18","modified_gmt":"2026-01-16T02:56:18","slug":"lovetoy-7-inch-dual-layer-liquid-realistic-dildo-penis","status":"publish","type":"product","link":"https:\/\/sextoysproductstore.com\/es\/store\/realistic-dildo-penis\/lovetoy-7-inch-dual-layer-liquid-realistic-dildo-penis\/","title":{"rendered":"Lovetoy Pene Consolador Realista L\u00edquido de Doble Capa de 7 Pulgadas"},"content":{"rendered":"<p>Construido para ofrecer la satisfacci\u00f3n m\u00e1s real.<\/p>\n<p>La polla natural de silicona de doble capa de Love Toy es incre\u00edblemente realista con un eje de doble capa y una cabeza abultada que crean una aut\u00e9ntica sensaci\u00f3n tanto por dentro como por fuera.<\/p>\n<p>Le encantar\u00e1 el tacto natural contra su cuerpo, que cuenta con una suavidad incre\u00edblemente realista con un n\u00facleo interior firme que se siente como una erecci\u00f3n real.<\/p>\n<p>Mientras que su cabeza redondeada y realista y su eje veteado se encargan de los asuntos internos, la base plana lo hace perfecto para jugar con las manos libres, con o sin arn\u00e9s.<\/p>","protected":false},"excerpt":{"rendered":"<p>Lovetoy Pene Dildo Real\u00edstico L\u00edquido de Doble Capa de 7 Pulgadas. Ll\u00e9nate con cada vena, como si tus fantas\u00edas cobraran vida.<\/p>\n<ul>\n<li>Silicona firme en el interior, silicona ultrasuave en el exterior, fabricada a conciencia con silicona Platinum de doble capa<\/li>\n<li>Experiencia s\u00faper real con este consolador de silicona que vale cada cent\u00edmetro<\/li>\n<li>Un consolador de calidad superior construido para dar una vida de placer<\/li>\n<li>Material: silicona l\u00edquida, sin ftalatos, sin l\u00e1tex<\/li>\n<li>Tama\u00f1o medio de la polla: 18*3.6CM (incluyendo la base de succi\u00f3n)<\/li>\n<li>6 cm de di\u00e1metro para la base de succi\u00f3n de silicona<\/li>\n<\/ul>","protected":false},"featured_media":20790,"comment_status":"open","ping_status":"closed","template":"","meta":{"_seopress_robots_primary_cat":"","_seopress_titles_title":"","_seopress_titles_desc":"","_seopress_robots_index":""},"store":[3847],"product_brand":[],"product_cat":[3621],"product_tag":[3936],"class_list":{"0":"post-14800","1":"product","2":"type-product","3":"status-publish","4":"has-post-thumbnail","6":"store-lovetoy","7":"product_cat-realistic-dildo-penis","8":"product_tag-for-women","10":"first","11":"outofstock","12":"sale","13":"taxable","14":"shipping-taxable","15":"purchasable","16":"product-type-variable"},"_links":{"self":[{"href":"https:\/\/sextoysproductstore.com\/es\/wp-json\/wp\/v2\/product\/14800","targetHints":{"allow":["GET"]}}],"collection":[{"href":"https:\/\/sextoysproductstore.com\/es\/wp-json\/wp\/v2\/product"}],"about":[{"href":"https:\/\/sextoysproductstore.com\/es\/wp-json\/wp\/v2\/types\/product"}],"replies":[{"embeddable":true,"href":"https:\/\/sextoysproductstore.com\/es\/wp-json\/wp\/v2\/comments?post=14800"}],"version-history":[{"count":0,"href":"https:\/\/sextoysproductstore.com\/es\/wp-json\/wp\/v2\/product\/14800\/revisions"}],"wp:featuredmedia":[{"embeddable":true,"href":"https:\/\/sextoysproductstore.com\/es\/wp-json\/wp\/v2\/media\/20790"}],"wp:attachment":[{"href":"https:\/\/sextoysproductstore.com\/es\/wp-json\/wp\/v2\/media?parent=14800"}],"wp:term":[{"taxonomy":"store","embeddable":true,"href":"https:\/\/sextoysproductstore.com\/es\/wp-json\/wp\/v2\/store?post=14800"},{"taxonomy":"product_brand","embeddable":true,"href":"https:\/\/sextoysproductstore.com\/es\/wp-json\/wp\/v2\/product_brand?post=14800"},{"taxonomy":"product_cat","embeddable":true,"href":"https:\/\/sextoysproductstore.com\/es\/wp-json\/wp\/v2\/product_cat?post=14800"},{"taxonomy":"product_tag","embeddable":true,"href":"https:\/\/sextoysproductstore.com\/es\/wp-json\/wp\/v2\/product_tag?post=14800"}],"curies":[{"name":"wp","href":"https:\/\/api.w.org\/{rel}","templated":true}]}}