{"id":14793,"date":"2020-08-17T17:30:41","date_gmt":"2020-08-17T17:30:41","guid":{"rendered":"https:\/\/sextoysproductstore.com\/product\/7-inches-squirting-ejaculating-cock-lifelike-feeling-realistic-dildo-big-dick-with-suction-cup-for-women-sex-toys\/"},"modified":"2026-01-16T03:54:23","modified_gmt":"2026-01-16T02:54:23","slug":"lovetoy-7-inch-realistic-feeling-ejaculating-dildo-cock","status":"publish","type":"product","link":"https:\/\/sextoysproductstore.com\/es\/store\/realistic-dildo-penis\/lovetoy-7-inch-realistic-feeling-ejaculating-dildo-cock\/","title":{"rendered":"Lovetoy 7 pulgadas sensaci\u00f3n realista eyaculaci\u00f3n consolador polla"},"content":{"rendered":"<p>Disfruta de un mont\u00f3n de diversi\u00f3n cachonda y chorreante con este consolador de pene suave y realista.<\/p>\n<p>Aspira cualquier l\u00edquido y lo expulsa a chorros. No puede faltar en la colecci\u00f3n de nadie.<\/p>\n<p><strong>ADVERTENCIA:<\/strong> No utilice aceite mineral ni productos a base de aceite como lubricantes, ya que pueden deteriorar el juguete. Utilice lubricante a base de agua.<\/p>","protected":false},"excerpt":{"rendered":"<ul>\n<li>Consolador superrealista con detalles suaves<\/li>\n<li>La cabeza bulbosa y el eje texturizado aumentan las sensaciones internas<\/li>\n<li>Material TPE inodoro, suave y seguro<\/li>\n<li>Ventosa para jugar sin manos o con arn\u00e9s<\/li>\n<li>Manipulador de bolas f\u00e1cil de usar para el almacenamiento de l\u00edquidos<\/li>\n<\/ul>","protected":false},"featured_media":15020,"comment_status":"open","ping_status":"closed","template":"","meta":{"_seopress_robots_primary_cat":"","_seopress_titles_title":"","_seopress_titles_desc":"","_seopress_robots_index":""},"store":[3847],"product_brand":[],"product_cat":[3621],"product_tag":[3936],"class_list":{"0":"post-14793","1":"product","2":"type-product","3":"status-publish","4":"has-post-thumbnail","6":"store-lovetoy","7":"product_cat-realistic-dildo-penis","8":"product_tag-for-women","10":"first","11":"outofstock","12":"sale","13":"taxable","14":"shipping-taxable","15":"purchasable","16":"product-type-variable"},"_links":{"self":[{"href":"https:\/\/sextoysproductstore.com\/es\/wp-json\/wp\/v2\/product\/14793","targetHints":{"allow":["GET"]}}],"collection":[{"href":"https:\/\/sextoysproductstore.com\/es\/wp-json\/wp\/v2\/product"}],"about":[{"href":"https:\/\/sextoysproductstore.com\/es\/wp-json\/wp\/v2\/types\/product"}],"replies":[{"embeddable":true,"href":"https:\/\/sextoysproductstore.com\/es\/wp-json\/wp\/v2\/comments?post=14793"}],"version-history":[{"count":0,"href":"https:\/\/sextoysproductstore.com\/es\/wp-json\/wp\/v2\/product\/14793\/revisions"}],"wp:featuredmedia":[{"embeddable":true,"href":"https:\/\/sextoysproductstore.com\/es\/wp-json\/wp\/v2\/media\/15020"}],"wp:attachment":[{"href":"https:\/\/sextoysproductstore.com\/es\/wp-json\/wp\/v2\/media?parent=14793"}],"wp:term":[{"taxonomy":"store","embeddable":true,"href":"https:\/\/sextoysproductstore.com\/es\/wp-json\/wp\/v2\/store?post=14793"},{"taxonomy":"product_brand","embeddable":true,"href":"https:\/\/sextoysproductstore.com\/es\/wp-json\/wp\/v2\/product_brand?post=14793"},{"taxonomy":"product_cat","embeddable":true,"href":"https:\/\/sextoysproductstore.com\/es\/wp-json\/wp\/v2\/product_cat?post=14793"},{"taxonomy":"product_tag","embeddable":true,"href":"https:\/\/sextoysproductstore.com\/es\/wp-json\/wp\/v2\/product_tag?post=14793"}],"curies":[{"name":"wp","href":"https:\/\/api.w.org\/{rel}","templated":true}]}}