{"id":14774,"date":"2020-08-17T17:30:36","date_gmt":"2020-08-17T17:30:36","guid":{"rendered":"https:\/\/sextoysproductstore.com\/product\/sliding-skin-dual-layer-huge-realistic-dildo-with-suction-cup-flesh-dildos-for-women-lesbian-masturbation-anal-sex-toys\/"},"modified":"2026-01-15T03:52:48","modified_gmt":"2026-01-15T02:52:48","slug":"lovetoy-sliding-skin-dual-layer-huge-dong-realistic-dildo-penis","status":"publish","type":"product","link":"https:\/\/sextoysproductstore.com\/es\/store\/realistic-dildo-penis\/lovetoy-sliding-skin-dual-layer-huge-dong-realistic-dildo-penis\/","title":{"rendered":"Lovetoy Sliding Skin Dual Layer Huge Dong Pene Consolador Realista"},"content":{"rendered":"<p>Fabricado con material realista de piel deslizante de doble capa para una sensaci\u00f3n similar a la de Iif.<\/p>\n<p>Con tecnolog\u00eda especial de doble densidad para simular la sensaci\u00f3n de un pene erecto, podr\u00e1 disfrutar de una piel exterior suave y un interior satisfactoriamente firme.<\/p>\n<p>Fabricado a mano para garantizar su autenticidad, este miembro realista se puede doblar muy f\u00e1cilmente para darle cualquier forma, incluso mejor que la real.<\/p>\n<p>S\u00f3lo tienes que a\u00f1adir un poco de lubricante a base de agua al eje realista para mejorar tu juego.<\/p>","protected":false},"excerpt":{"rendered":"<p>Pene consolador realista fabricado con material TPE superrealista de doble capa. Hecho a mano para el m\u00e1ximo placer. F\u00e1cil de doblar a cualquier forma.<\/p>\n<ul>\n<li>Fabricado con material TPE superrealista de doble capa<\/li>\n<li>La tecnolog\u00eda de piel deslizante de alta densidad estimula una piel exterior suave con un centro firme.<\/li>\n<li>Hecho a mano para el m\u00e1ximo placer<\/li>\n<li>Se dobla f\u00e1cilmente a cualquier forma<\/li>\n<\/ul>","protected":false},"featured_media":20721,"comment_status":"open","ping_status":"closed","template":"","meta":{"_seopress_robots_primary_cat":"","_seopress_titles_title":"","_seopress_titles_desc":"Realistic Dildo Penis made from Super realistic dual -layer TPE material. Hand crafted for ultimate pleasure. Easily bended to any shape.","_seopress_robots_index":""},"store":[3847],"product_brand":[],"product_cat":[3621],"product_tag":[3936],"class_list":{"0":"post-14774","1":"product","2":"type-product","3":"status-publish","4":"has-post-thumbnail","6":"store-lovetoy","7":"product_cat-realistic-dildo-penis","8":"product_tag-for-women","10":"first","11":"outofstock","12":"sale","13":"taxable","14":"shipping-taxable","15":"purchasable","16":"product-type-variable"},"_links":{"self":[{"href":"https:\/\/sextoysproductstore.com\/es\/wp-json\/wp\/v2\/product\/14774","targetHints":{"allow":["GET"]}}],"collection":[{"href":"https:\/\/sextoysproductstore.com\/es\/wp-json\/wp\/v2\/product"}],"about":[{"href":"https:\/\/sextoysproductstore.com\/es\/wp-json\/wp\/v2\/types\/product"}],"replies":[{"embeddable":true,"href":"https:\/\/sextoysproductstore.com\/es\/wp-json\/wp\/v2\/comments?post=14774"}],"version-history":[{"count":0,"href":"https:\/\/sextoysproductstore.com\/es\/wp-json\/wp\/v2\/product\/14774\/revisions"}],"wp:featuredmedia":[{"embeddable":true,"href":"https:\/\/sextoysproductstore.com\/es\/wp-json\/wp\/v2\/media\/20721"}],"wp:attachment":[{"href":"https:\/\/sextoysproductstore.com\/es\/wp-json\/wp\/v2\/media?parent=14774"}],"wp:term":[{"taxonomy":"store","embeddable":true,"href":"https:\/\/sextoysproductstore.com\/es\/wp-json\/wp\/v2\/store?post=14774"},{"taxonomy":"product_brand","embeddable":true,"href":"https:\/\/sextoysproductstore.com\/es\/wp-json\/wp\/v2\/product_brand?post=14774"},{"taxonomy":"product_cat","embeddable":true,"href":"https:\/\/sextoysproductstore.com\/es\/wp-json\/wp\/v2\/product_cat?post=14774"},{"taxonomy":"product_tag","embeddable":true,"href":"https:\/\/sextoysproductstore.com\/es\/wp-json\/wp\/v2\/product_tag?post=14774"}],"curies":[{"name":"wp","href":"https:\/\/api.w.org\/{rel}","templated":true}]}}