{"id":14765,"date":"2020-08-17T17:30:29","date_gmt":"2020-08-17T17:30:29","guid":{"rendered":"https:\/\/sextoysproductstore.com\/product\/lovetoy-10-5-plus-size-penis-huge-dildos-legendary-king-sized-realistic-dildo-with-suction-cup-adult-toy-sex-toy-for-women\/"},"modified":"2026-05-01T11:25:31","modified_gmt":"2026-05-01T09:25:31","slug":"lovetoy-10-5-inch-legendary-king-sized-realistic-dildo","status":"publish","type":"product","link":"https:\/\/sextoysproductstore.com\/es\/store\/realistic-dildo-penis\/lovetoy-10-5-inch-legendary-king-sized-realistic-dildo\/","title":{"rendered":"Consolador realista Lovetoy 10.5 pulgadas Legendary King Sized"},"content":{"rendered":"<p>Explora cada cent\u00edmetro del legendario consolador realista tama\u00f1o king de Love Toys.<\/p>\n<p>Satisf\u00e1gase con cada vena, curva y bulto de esta r\u00e9plica gigante que parece y se siente como si sus fantas\u00edas cobraran vida.<\/p>\n<p>Este consolador realista de alta calidad de la serie Legendary Realistic de Love Toys tiene una punta redondeada de color rosa rubor para facilitar la inserci\u00f3n y un eje sensacionalmente veteado para aumentar el placer interno. Se flexionan durante el uso. El palo flexible trabaja con tu cuerpo para satisfacerte, mientras que las bolas texturizadas duplican tu diversi\u00f3n con una incre\u00edble estimulaci\u00f3n externa.<\/p>\n<p>Este enorme consolador de tama\u00f1o king es tan \u00fanico que parece piel, sobre todo si se calienta previamente en agua tibia. Te garantizamos una experiencia sensacional. Este juguete tiene una base de ventosa que puedes fijar a cualquier superficie lisa y dura para tener las manos libres en tus sue\u00f1os sexuales.<\/p>\n<p>Utiliza abundante lubricante con este juguete para obtener la mejor y m\u00e1s resbaladiza experiencia.<\/p>","protected":false},"excerpt":{"rendered":"<p>Lovetoy 10,5 pulgadas King Sized Consolador realista llegar\u00e1 a una sesi\u00f3n de vapor con los poros m\u00e1s altamente suave real y la piel.<\/p>\n<ul>\n<li>Tama\u00f1o: 10,5\" largo X 2,2\" ancho<\/li>\n<li>Longitud y circunferencia extra sensacional para la estimulaci\u00f3n de llenado<\/li>\n<li>Material de PVC sin ftalatos de tacto real para una experiencia realista<\/li>\n<li>Base de ventosa para jugar con las manos libres<\/li>\n<li>Peso neto: 1,1 kg<\/li>\n<\/ul>","protected":false},"featured_media":20441,"comment_status":"open","ping_status":"closed","template":"","meta":{"_seopress_robots_primary_cat":"","_seopress_titles_title":"","_seopress_titles_desc":"Lovetoy 10.5 Inch King Sized Realistic Dildo will get to a steamy session with the most highly gentle actual pores and skin.","_seopress_robots_index":""},"store":[3847],"product_brand":[],"product_cat":[3621],"product_tag":[3936],"class_list":{"0":"post-14765","1":"product","2":"type-product","3":"status-publish","4":"has-post-thumbnail","6":"store-lovetoy","7":"product_cat-realistic-dildo-penis","8":"product_tag-for-women","10":"first","11":"outofstock","12":"sale","13":"taxable","14":"shipping-taxable","15":"purchasable","16":"product-type-simple"},"_links":{"self":[{"href":"https:\/\/sextoysproductstore.com\/es\/wp-json\/wp\/v2\/product\/14765","targetHints":{"allow":["GET"]}}],"collection":[{"href":"https:\/\/sextoysproductstore.com\/es\/wp-json\/wp\/v2\/product"}],"about":[{"href":"https:\/\/sextoysproductstore.com\/es\/wp-json\/wp\/v2\/types\/product"}],"replies":[{"embeddable":true,"href":"https:\/\/sextoysproductstore.com\/es\/wp-json\/wp\/v2\/comments?post=14765"}],"version-history":[{"count":0,"href":"https:\/\/sextoysproductstore.com\/es\/wp-json\/wp\/v2\/product\/14765\/revisions"}],"wp:featuredmedia":[{"embeddable":true,"href":"https:\/\/sextoysproductstore.com\/es\/wp-json\/wp\/v2\/media\/20441"}],"wp:attachment":[{"href":"https:\/\/sextoysproductstore.com\/es\/wp-json\/wp\/v2\/media?parent=14765"}],"wp:term":[{"taxonomy":"store","embeddable":true,"href":"https:\/\/sextoysproductstore.com\/es\/wp-json\/wp\/v2\/store?post=14765"},{"taxonomy":"product_brand","embeddable":true,"href":"https:\/\/sextoysproductstore.com\/es\/wp-json\/wp\/v2\/product_brand?post=14765"},{"taxonomy":"product_cat","embeddable":true,"href":"https:\/\/sextoysproductstore.com\/es\/wp-json\/wp\/v2\/product_cat?post=14765"},{"taxonomy":"product_tag","embeddable":true,"href":"https:\/\/sextoysproductstore.com\/es\/wp-json\/wp\/v2\/product_tag?post=14765"}],"curies":[{"name":"wp","href":"https:\/\/api.w.org\/{rel}","templated":true}]}}