{"id":14764,"date":"2020-08-17T17:30:29","date_gmt":"2020-08-17T17:30:29","guid":{"rendered":"https:\/\/sextoysproductstore.com\/product\/9-dildo-tpe-realistic-suction-cup-female-sex-toy-g-spot-waterproof-penis-big-large-anal-butt-plug-gay-sex-products\/"},"modified":"2026-01-15T03:52:02","modified_gmt":"2026-01-15T02:52:02","slug":"lovetoy-9inch-the-ultra-soft-dude-realistic-dildo-penis","status":"publish","type":"product","link":"https:\/\/sextoysproductstore.com\/es\/store\/realistic-dildo-penis\/lovetoy-9inch-the-ultra-soft-dude-realistic-dildo-penis\/","title":{"rendered":"Lovetoy 9 Inch The Ultra Soft Dude Pene Consolador Realista"},"content":{"rendered":"<p>THE ULTRA SOFT DUDE es un grupo de lujosos consoladores dise\u00f1ados por expertos de Love Toy.<\/p>\n<p>Descubre cada cent\u00edmetro del consolador The extremely Smooth dude. Cumplir con su auto con cada vena, la curva y el bulto de este duplicado precisa que aparece y parece que sus fantas\u00edas cobran vida.<\/p>\n<p>Este consolador es lo m\u00e1s parecido a una sesi\u00f3n de vapor con los poros y la piel m\u00e1s extremadamente delicados.<\/p>\n<p>El tejido es completamente similar a la piel -especialmente si se calienta previamente en agua caliente- y significa que se garantiza una experiencia de relleno sensacional.<\/p>\n<p>Este juguete tiene una base de ventosa que posiblemente puede conectar a cualquier piso f\u00e1cil agotador para la experiencia de manos libres de sus objetivos.<\/p>\n<p>Simplemente cubre su tama\u00f1o con lubricante a base de agua y desl\u00edzate sobre \u00e9l, inclin\u00e1ndolo para estimular tus zonas er\u00f3genas y obtener un placer inimaginable<\/p>","protected":false},"excerpt":{"rendered":"<ul>\n<li>100% piel cibern\u00e9tica suave<\/li>\n<li>consolador realista de piel suave con base de ventosa<\/li>\n<li>Tama\u00f1o: 9\" de largo x 1,6\" de ancho<\/li>\n<li>Material: TPE<\/li>\n<\/ul>","protected":false},"featured_media":20506,"comment_status":"open","ping_status":"closed","template":"","meta":{"_seopress_robots_primary_cat":"","_seopress_titles_title":"","_seopress_titles_desc":"","_seopress_robots_index":""},"store":[3847],"product_brand":[],"product_cat":[3621],"product_tag":[3936],"class_list":{"0":"post-14764","1":"product","2":"type-product","3":"status-publish","4":"has-post-thumbnail","6":"store-lovetoy","7":"product_cat-realistic-dildo-penis","8":"product_tag-for-women","10":"first","11":"outofstock","12":"sale","13":"taxable","14":"shipping-taxable","15":"purchasable","16":"product-type-simple"},"_links":{"self":[{"href":"https:\/\/sextoysproductstore.com\/es\/wp-json\/wp\/v2\/product\/14764","targetHints":{"allow":["GET"]}}],"collection":[{"href":"https:\/\/sextoysproductstore.com\/es\/wp-json\/wp\/v2\/product"}],"about":[{"href":"https:\/\/sextoysproductstore.com\/es\/wp-json\/wp\/v2\/types\/product"}],"replies":[{"embeddable":true,"href":"https:\/\/sextoysproductstore.com\/es\/wp-json\/wp\/v2\/comments?post=14764"}],"version-history":[{"count":0,"href":"https:\/\/sextoysproductstore.com\/es\/wp-json\/wp\/v2\/product\/14764\/revisions"}],"wp:featuredmedia":[{"embeddable":true,"href":"https:\/\/sextoysproductstore.com\/es\/wp-json\/wp\/v2\/media\/20506"}],"wp:attachment":[{"href":"https:\/\/sextoysproductstore.com\/es\/wp-json\/wp\/v2\/media?parent=14764"}],"wp:term":[{"taxonomy":"store","embeddable":true,"href":"https:\/\/sextoysproductstore.com\/es\/wp-json\/wp\/v2\/store?post=14764"},{"taxonomy":"product_brand","embeddable":true,"href":"https:\/\/sextoysproductstore.com\/es\/wp-json\/wp\/v2\/product_brand?post=14764"},{"taxonomy":"product_cat","embeddable":true,"href":"https:\/\/sextoysproductstore.com\/es\/wp-json\/wp\/v2\/product_cat?post=14764"},{"taxonomy":"product_tag","embeddable":true,"href":"https:\/\/sextoysproductstore.com\/es\/wp-json\/wp\/v2\/product_tag?post=14764"}],"curies":[{"name":"wp","href":"https:\/\/api.w.org\/{rel}","templated":true}]}}