{"id":14323,"date":"2020-08-17T01:13:40","date_gmt":"2020-08-17T01:13:40","guid":{"rendered":"https:\/\/sextoysproductstore.com\/product\/12-speed-dual-head-vibrator-heating-av-massager-wand-women-g-spot-vagina-clitoris-stimulate-anal-dildo-vibrators-erotic-adult-se\/"},"modified":"2026-01-09T17:52:37","modified_gmt":"2026-01-09T16:52:37","slug":"12-speed-dual-head-magic-wand-vibrator-heating-av-massager","status":"publish","type":"product","link":"https:\/\/sextoysproductstore.com\/es\/store\/magic-wand\/12-speed-dual-head-magic-wand-vibrator-heating-av-massager\/","title":{"rendered":"Vibrador con varilla m\u00e1gica de 12 velocidades que calienta el masajeador AV"},"content":{"rendered":"","protected":false},"excerpt":{"rendered":"<p>Alta calidad, vibraci\u00f3n de m\u00faltiples velocidades, los mejores juguetes sexuales para estimular tus partes sensibles.<\/p>\n<ul>\n<li>Material: Silicona<\/li>\n<li>Funci\u00f3n: 12 modos de vibraci\u00f3n, calentamiento inteligente de 45 grados, vibraci\u00f3n bidireccional<\/li>\n<li>Fuente de alimentaci\u00f3n: Recargable por USB<\/li>\n<li>Resistente al agua: S\u00ed<\/li>\n<li>Color: negro, rosa, p\u00farpura o rosa\/rosa<\/li>\n<li>Ruido: menos de 40db<\/li>\n<\/ul>","protected":false},"featured_media":14442,"comment_status":"open","ping_status":"closed","template":"","meta":{"_seopress_robots_primary_cat":"","_seopress_titles_title":"","_seopress_titles_desc":"","_seopress_robots_index":""},"store":[],"product_brand":[],"product_cat":[3373],"product_tag":[3936],"class_list":{"0":"post-14323","1":"product","2":"type-product","3":"status-publish","4":"has-post-thumbnail","6":"product_cat-magic-wand","7":"product_tag-for-women","9":"first","10":"outofstock","11":"sale","12":"taxable","13":"shipping-taxable","14":"purchasable","15":"product-type-variable"},"_links":{"self":[{"href":"https:\/\/sextoysproductstore.com\/es\/wp-json\/wp\/v2\/product\/14323","targetHints":{"allow":["GET"]}}],"collection":[{"href":"https:\/\/sextoysproductstore.com\/es\/wp-json\/wp\/v2\/product"}],"about":[{"href":"https:\/\/sextoysproductstore.com\/es\/wp-json\/wp\/v2\/types\/product"}],"replies":[{"embeddable":true,"href":"https:\/\/sextoysproductstore.com\/es\/wp-json\/wp\/v2\/comments?post=14323"}],"version-history":[{"count":0,"href":"https:\/\/sextoysproductstore.com\/es\/wp-json\/wp\/v2\/product\/14323\/revisions"}],"wp:featuredmedia":[{"embeddable":true,"href":"https:\/\/sextoysproductstore.com\/es\/wp-json\/wp\/v2\/media\/14442"}],"wp:attachment":[{"href":"https:\/\/sextoysproductstore.com\/es\/wp-json\/wp\/v2\/media?parent=14323"}],"wp:term":[{"taxonomy":"store","embeddable":true,"href":"https:\/\/sextoysproductstore.com\/es\/wp-json\/wp\/v2\/store?post=14323"},{"taxonomy":"product_brand","embeddable":true,"href":"https:\/\/sextoysproductstore.com\/es\/wp-json\/wp\/v2\/product_brand?post=14323"},{"taxonomy":"product_cat","embeddable":true,"href":"https:\/\/sextoysproductstore.com\/es\/wp-json\/wp\/v2\/product_cat?post=14323"},{"taxonomy":"product_tag","embeddable":true,"href":"https:\/\/sextoysproductstore.com\/es\/wp-json\/wp\/v2\/product_tag?post=14323"}],"curies":[{"name":"wp","href":"https:\/\/api.w.org\/{rel}","templated":true}]}}