{"id":14209,"date":"2020-08-17T01:07:20","date_gmt":"2020-08-17T01:07:20","guid":{"rendered":"https:\/\/sextoysproductstore.com\/product\/female-multispeed-thrusting-rabbit-dildos-vibrator-waterproof-g-spot-clitoral-dildo-massager-adult-sex-toys-for-women\/"},"modified":"2026-04-11T07:42:04","modified_gmt":"2026-04-11T05:42:04","slug":"rabbit-vibrator-36-modes-multispeed-waterproof-dildo-g-spot-clitoral-massager","status":"publish","type":"product","link":"https:\/\/sextoysproductstore.com\/es\/store\/vibrators\/rabbit-vibrators\/rabbit-vibrator-36-modes-multispeed-waterproof-dildo-g-spot-clitoral-massager\/","title":{"rendered":"Vibrador Conejo 36 Modos Consolador Multivelocidad Impermeable Punto G Masajeador de Cl\u00edtoris"},"content":{"rendered":"","protected":false},"excerpt":{"rendered":"<p>36 vibraciones multivelocidades + rotaci\u00f3n en ambos lados para una mayor estimulaci\u00f3n. Colores brillantes, dise\u00f1o \u00fanico y m\u00faltiples puntos de estimulaci\u00f3n. Masajeador premium con vibraci\u00f3n silenciosa. Hecho de material de gelatina deliciosamente suave.<\/p>\n<ul>\n<li>Frecuencia: 36 modos de vibraci\u00f3n silenciosa<\/li>\n<li>Rotaci\u00f3n: Rotaci\u00f3n de 360\u00b0 en el sentido de las agujas del reloj o en sentido contrario<\/li>\n<li>Propiedad del eje insertable: M\u00e9dico no t\u00f3xico<\/li>\n<li>Pilas: 4 AAA (no incluidas)<\/li>\n<li>Propiedad impermeable: Impermeable<\/li>\n<li>Funci\u00f3n: Vibraci\u00f3n, rotaci\u00f3n, perlas de masaje, estimulador del punto G y del cl\u00edtoris<\/li>\n<\/ul>","protected":false},"featured_media":14268,"comment_status":"open","ping_status":"closed","template":"","meta":{"_seopress_robots_primary_cat":"","_seopress_titles_title":"","_seopress_titles_desc":"","_seopress_robots_index":""},"store":[3846],"product_brand":[],"product_cat":[3607],"product_tag":[3936],"class_list":{"0":"post-14209","1":"product","2":"type-product","3":"status-publish","4":"has-post-thumbnail","6":"store-chialstar","7":"product_cat-rabbit-vibrators","8":"product_tag-for-women","10":"first","11":"outofstock","12":"sale","13":"taxable","14":"shipping-taxable","15":"purchasable","16":"product-type-variable"},"_links":{"self":[{"href":"https:\/\/sextoysproductstore.com\/es\/wp-json\/wp\/v2\/product\/14209","targetHints":{"allow":["GET"]}}],"collection":[{"href":"https:\/\/sextoysproductstore.com\/es\/wp-json\/wp\/v2\/product"}],"about":[{"href":"https:\/\/sextoysproductstore.com\/es\/wp-json\/wp\/v2\/types\/product"}],"replies":[{"embeddable":true,"href":"https:\/\/sextoysproductstore.com\/es\/wp-json\/wp\/v2\/comments?post=14209"}],"version-history":[{"count":0,"href":"https:\/\/sextoysproductstore.com\/es\/wp-json\/wp\/v2\/product\/14209\/revisions"}],"wp:featuredmedia":[{"embeddable":true,"href":"https:\/\/sextoysproductstore.com\/es\/wp-json\/wp\/v2\/media\/14268"}],"wp:attachment":[{"href":"https:\/\/sextoysproductstore.com\/es\/wp-json\/wp\/v2\/media?parent=14209"}],"wp:term":[{"taxonomy":"store","embeddable":true,"href":"https:\/\/sextoysproductstore.com\/es\/wp-json\/wp\/v2\/store?post=14209"},{"taxonomy":"product_brand","embeddable":true,"href":"https:\/\/sextoysproductstore.com\/es\/wp-json\/wp\/v2\/product_brand?post=14209"},{"taxonomy":"product_cat","embeddable":true,"href":"https:\/\/sextoysproductstore.com\/es\/wp-json\/wp\/v2\/product_cat?post=14209"},{"taxonomy":"product_tag","embeddable":true,"href":"https:\/\/sextoysproductstore.com\/es\/wp-json\/wp\/v2\/product_tag?post=14209"}],"curies":[{"name":"wp","href":"https:\/\/api.w.org\/{rel}","templated":true}]}}