{"id":7560,"date":"2020-04-21T10:20:56","date_gmt":"2020-04-21T10:20:56","guid":{"rendered":"https:\/\/pricelikeit.com\/?page_id=7560"},"modified":"2023-08-01T19:45:55","modified_gmt":"2023-08-01T17:45:55","slug":"about-us","status":"publish","type":"page","link":"https:\/\/sextoysproductstore.com\/es\/about-us\/","title":{"rendered":"Sobre nosotros"},"content":{"rendered":"<div data-elementor-type=\"wp-page\" data-elementor-id=\"7560\" class=\"elementor elementor-7560\" data-elementor-post-type=\"page\">\n\t\t\t\t\t\t<section class=\"elementor-section elementor-top-section elementor-element elementor-element-08d7a92 elementor-section-boxed elementor-section-height-default elementor-section-height-default\" data-id=\"08d7a92\" data-element_type=\"section\" data-e-type=\"section\">\n\t\t\t\t\t\t<div class=\"elementor-container elementor-column-gap-default\">\n\t\t\t\t\t<div class=\"elementor-column elementor-col-50 elementor-top-column elementor-element elementor-element-ef50130\" data-id=\"ef50130\" data-element_type=\"column\" data-e-type=\"column\">\n\t\t\t<div class=\"elementor-widget-wrap elementor-element-populated\">\n\t\t\t\t\t\t<div class=\"elementor-element elementor-element-32ad19a elementor-widget elementor-widget-heading\" data-id=\"32ad19a\" data-element_type=\"widget\" data-e-type=\"widget\" data-widget_type=\"heading.default\">\n\t\t\t\t\t<h1 class=\"elementor-heading-title elementor-size-default\">Bienvenido a nuestro emporio del placer\n Juguetes Sexuales Productstore<\/h1>\t\t\t\t<\/div>\n\t\t\t\t<div class=\"elementor-element elementor-element-d929d60 elementor-widget elementor-widget-heading\" data-id=\"d929d60\" data-element_type=\"widget\" data-e-type=\"widget\" data-widget_type=\"heading.default\">\n\t\t\t\t\t<h2 class=\"elementor-heading-title elementor-size-default\">Introducci\u00f3n<\/h2>\t\t\t\t<\/div>\n\t\t\t\t<div class=\"elementor-element elementor-element-4eb9774 elementor-widget elementor-widget-text-editor\" data-id=\"4eb9774\" data-element_type=\"widget\" data-e-type=\"widget\" data-widget_type=\"text-editor.default\">\n\t\t\t\t\t\t\t\t\tEn Sex Toys Productstore, nos dedicamos a potenciar a las personas en su b\u00fasqueda del placer y la satisfacci\u00f3n sexual. Nuestra misi\u00f3n es proporcionar una amplia gama de juguetes sexuales para adultos que atienden a diversas preferencias y deseos.\t\t\t\t\t\t\t\t<\/div>\n\t\t<div class=\"elementor-element elementor-element-0fd6dd3 e-flex e-con-boxed e-con e-parent\" data-id=\"0fd6dd3\" data-element_type=\"container\" data-e-type=\"container\">\n\t\t\t\t\t<div class=\"e-con-inner\">\n\t\t<div class=\"elementor-element elementor-element-776a986 e-con-full e-flex e-con e-parent\" data-id=\"776a986\" data-element_type=\"container\" data-e-type=\"container\">\n\t\t\t\t<div class=\"elementor-element elementor-element-18e4c8c elementor-widget elementor-widget-heading\" data-id=\"18e4c8c\" data-element_type=\"widget\" data-e-type=\"widget\" data-widget_type=\"heading.default\">\n\t\t\t\t\t<h3 class=\"elementor-heading-title elementor-size-default\">Sin fronteras <\/h3>\t\t\t\t<\/div>\n\t\t\t\t<div class=\"elementor-element elementor-element-5debc66 elementor-widget elementor-widget-text-editor\" data-id=\"5debc66\" data-element_type=\"widget\" data-e-type=\"widget\" data-widget_type=\"text-editor.default\">\n\t\t\t\t\t\t\t\t\t<p>Todo el mundo alberga sus propias fantas\u00edas, y es perfectamente normal sentirse inseguro o aprensivo a la hora de expresarlas. Sin embargo, creemos firmemente que explorar los propios deseos es un aspecto natural y esencial del ser humano.<\/p><p>Fomentamos un entorno libre de prejuicios, animando a nuestros clientes a aceptar su sexualidad y explorar todos los aspectos de su vida sexual sin verg\u00fcenza ni tab\u00faes.<\/p>\t\t\t\t\t\t\t\t<\/div>\n\t\t\t\t<div class=\"elementor-element elementor-element-c084490 elementor-widget elementor-widget-heading\" data-id=\"c084490\" data-element_type=\"widget\" data-e-type=\"widget\" data-widget_type=\"heading.default\">\n\t\t\t\t\t<h3 class=\"elementor-heading-title elementor-size-default\">Una amplia selecci\u00f3n de productos<\/h3>\t\t\t\t<\/div>\n\t\t\t\t<div class=\"elementor-element elementor-element-e12036f elementor-widget elementor-widget-text-editor\" data-id=\"e12036f\" data-element_type=\"widget\" data-e-type=\"widget\" data-widget_type=\"text-editor.default\">\n\t\t\t\t\t\t\t\t\t<p>Nuestra <a href=\"https:\/\/sextoysproductstore.com\/store\/\">colecci\u00f3n de Juguetes Sexuales<\/a> est\u00e1 pensada para personas de todas las orientaciones, intereses y deseos. Nos enorgullecemos de ofrecer una amplia gama de productos, para que haya algo para todos los gustos.<\/p>\t\t\t\t\t\t\t\t<\/div>\n\t\t\t\t<\/div>\n\t\t\t\t<div class=\"elementor-element elementor-element-eb83bd9 elementor-widget__width-initial elementor-widget-laptop__width-inherit elementor-widget-mobile__width-inherit elementor-widget elementor-widget-image\" data-id=\"eb83bd9\" data-element_type=\"widget\" data-e-type=\"widget\" data-widget_type=\"image.default\">\n\t\t\t\t\t\t\t\t\t\t\t\t\t\t\t<img loading=\"lazy\" decoding=\"async\" width=\"840\" height=\"632\" src=\"https:\/\/sextoysproductstore.com\/wp-content\/uploads\/Sex-Toys-Product-Store-Team-2023-1024x770.webp\" class=\"attachment-large size-large wp-image-36497\" alt=\"Sex Toys Product Store Team 2023 image\" srcset=\"https:\/\/sextoysproductstore.com\/wp-content\/uploads\/Sex-Toys-Product-Store-Team-2023-1024x770.webp 1024w, https:\/\/sextoysproductstore.com\/wp-content\/uploads\/Sex-Toys-Product-Store-Team-2023-260x195.webp 260w, https:\/\/sextoysproductstore.com\/wp-content\/uploads\/Sex-Toys-Product-Store-Team-2023-767x577.webp 767w, https:\/\/sextoysproductstore.com\/wp-content\/uploads\/Sex-Toys-Product-Store-Team-2023-1536x1155.webp 1536w, https:\/\/sextoysproductstore.com\/wp-content\/uploads\/Sex-Toys-Product-Store-Team-2023-2048x1540.webp 2048w, https:\/\/sextoysproductstore.com\/wp-content\/uploads\/Sex-Toys-Product-Store-Team-2023-16x12.webp 16w, https:\/\/sextoysproductstore.com\/wp-content\/uploads\/Sex-Toys-Product-Store-Team-2023-200x150.webp 200w, https:\/\/sextoysproductstore.com\/wp-content\/uploads\/Sex-Toys-Product-Store-Team-2023-100x75.webp 100w, https:\/\/sextoysproductstore.com\/wp-content\/uploads\/Sex-Toys-Product-Store-Team-2023-466x350.webp 466w, https:\/\/sextoysproductstore.com\/wp-content\/uploads\/Sex-Toys-Product-Store-Team-2023-788x592.webp 788w, https:\/\/sextoysproductstore.com\/wp-content\/uploads\/Sex-Toys-Product-Store-Team-2023-600x451.webp 600w, https:\/\/sextoysproductstore.com\/wp-content\/uploads\/Sex-Toys-Product-Store-Team-2023.webp 1753w\" sizes=\"auto, (max-width: 840px) 100vw, 840px\" \/>\t\t\t\t\t\t\t\t\t\t\t\t\t\t\t<\/div>\n\t\t\t\t\t<\/div>\n\t\t\t\t<\/div>\n\t\t\t\t<div class=\"elementor-element elementor-element-e0751dd elementor-widget elementor-widget-heading\" data-id=\"e0751dd\" data-element_type=\"widget\" data-e-type=\"widget\" data-widget_type=\"heading.default\">\n\t\t\t\t\t<h4 class=\"elementor-heading-title elementor-size-default\">Para \u00e9l, para ella y para todos los dem\u00e1s<\/h4>\t\t\t\t<\/div>\n\t\t\t\t<div class=\"elementor-element elementor-element-edaba7c elementor-widget elementor-widget-text-editor\" data-id=\"edaba7c\" data-element_type=\"widget\" data-e-type=\"widget\" data-widget_type=\"text-editor.default\">\n\t\t\t\t\t\t\t\t\tEn Sex Toys Productstore, entendemos que el placer no conoce fronteras. Tanto si te identificas como hombre, mujer, no binario o cualquier otro g\u00e9nero, nuestros productos est\u00e1n dise\u00f1ados para abrazar y celebrar las diversas experiencias sexuales.\t\t\t\t\t\t\t\t<\/div>\n\t\t\t\t<div class=\"elementor-element elementor-element-7dd7aae elementor-widget elementor-widget-heading\" data-id=\"7dd7aae\" data-element_type=\"widget\" data-e-type=\"widget\" data-widget_type=\"heading.default\">\n\t\t\t\t\t<h4 class=\"elementor-heading-title elementor-size-default\">Retiro para parejas<\/h4>\t\t\t\t<\/div>\n\t\t\t\t<div class=\"elementor-element elementor-element-36f9274 elementor-widget elementor-widget-text-editor\" data-id=\"36f9274\" data-element_type=\"widget\" data-e-type=\"widget\" data-widget_type=\"text-editor.default\">\n\t\t\t\t\t\t\t\t\t<p>Para las parejas que buscan mejorar sus relaciones \u00edntimas, disponemos de una excitante gama de juguetes dise\u00f1ados para aumentar el placer y la intimidad compartidos. Nuestros productos animan a las parejas a explorar nuevas aventuras juntos, fortaleciendo su v\u00ednculo.<\/p>\t\t\t\t\t\t\t\t<\/div>\n\t\t\t\t<div class=\"elementor-element elementor-element-ecb2354 elementor-widget elementor-widget-heading\" data-id=\"ecb2354\" data-element_type=\"widget\" data-e-type=\"widget\" data-widget_type=\"heading.default\">\n\t\t\t\t\t<h4 class=\"elementor-heading-title elementor-size-default\">Abrazar todo amor<\/h4>\t\t\t\t<\/div>\n\t\t\t\t<div class=\"elementor-element elementor-element-08e801a elementor-widget elementor-widget-text-editor\" data-id=\"08e801a\" data-element_type=\"widget\" data-e-type=\"widget\" data-widget_type=\"text-editor.default\">\n\t\t\t\t\t\t\t\t\t<p>Nuestro compromiso con la inclusi\u00f3n se extiende a todas las formas de amor. Ofrecemos una amplia selecci\u00f3n de productos dirigidos a la comunidad LGBTQ+, para que todo el mundo pueda encontrar art\u00edculos que se ajusten a sus deseos e identidades.<\/p>\t\t\t\t\t\t\t\t<\/div>\n\t\t\t\t<div class=\"elementor-element elementor-element-d0ff146 elementor-widget elementor-widget-heading\" data-id=\"d0ff146\" data-element_type=\"widget\" data-e-type=\"widget\" data-widget_type=\"heading.default\">\n\t\t\t\t\t<h4 class=\"elementor-heading-title elementor-size-default\">Productos seguros y de alta calidad<\/h4>\t\t\t\t<\/div>\n\t\t\t\t<div class=\"elementor-element elementor-element-1c4dcb8 elementor-widget elementor-widget-text-editor\" data-id=\"1c4dcb8\" data-element_type=\"widget\" data-e-type=\"widget\" data-widget_type=\"text-editor.default\">\n\t\t\t\t\t\t\t\t\tEn Sex Toys Productstore, damos prioridad a la salud y la seguridad de nuestros clientes. Nuestros Juguetes Sexuales est\u00e1n fabricados con materiales de primera calidad, cumpliendo con los m\u00e1s altos est\u00e1ndares de la industria y garantizando una experiencia segura y placentera.\t\t\t\t\t\t\t\t<\/div>\n\t\t\t\t<div class=\"elementor-element elementor-element-36674ff elementor-widget elementor-widget-heading\" data-id=\"36674ff\" data-element_type=\"widget\" data-e-type=\"widget\" data-widget_type=\"heading.default\">\n\t\t\t\t\t<h4 class=\"elementor-heading-title elementor-size-default\">Embalaje y env\u00edo discretos<\/h4>\t\t\t\t<\/div>\n\t\t\t\t<div class=\"elementor-element elementor-element-c6fa25d elementor-widget elementor-widget-text-editor\" data-id=\"c6fa25d\" data-element_type=\"widget\" data-e-type=\"widget\" data-widget_type=\"text-editor.default\">\n\t\t\t\t\t\t\t\t\t<p>Entendiendo el valor de la privacidad, nos aseguramos de que todos los pedidos se empaqueten discretamente, protegiendo su informaci\u00f3n personal durante todo el proceso de env\u00edo.<\/p>\t\t\t\t\t\t\t\t<\/div>\n\t\t\t\t<div class=\"elementor-element elementor-element-980780d elementor-widget elementor-widget-heading\" data-id=\"980780d\" data-element_type=\"widget\" data-e-type=\"widget\" data-widget_type=\"heading.default\">\n\t\t\t\t\t<h4 class=\"elementor-heading-title elementor-size-default\">\u00danete a nosotros en el viaje<\/h4>\t\t\t\t<\/div>\n\t\t\t\t<div class=\"elementor-element elementor-element-6ee5486 elementor-widget elementor-widget-text-editor\" data-id=\"6ee5486\" data-element_type=\"widget\" data-e-type=\"widget\" data-widget_type=\"text-editor.default\">\n\t\t\t\t\t\t\t\t\tEmb\u00e1rcate en un viaje liberador de autodescubrimiento y placer con Sex Toys Productstore. Tanto si eres un entusiasta experimentado como un principiante curioso, nuestra amplia selecci\u00f3n de Juguetes Sexuales para Adultos te espera, prometi\u00e9ndote experiencias deliciosas y momentos inolvidables.\t\t\t\t\t\t\t\t<\/div>\n\t\t\t\t<div class=\"elementor-element elementor-element-b8a4fc9 elementor-widget elementor-widget-heading\" data-id=\"b8a4fc9\" data-element_type=\"widget\" data-e-type=\"widget\" data-widget_type=\"heading.default\">\n\t\t\t\t\t<h4 class=\"elementor-heading-title elementor-size-default\">Conclusi\u00f3n<\/h4>\t\t\t\t<\/div>\n\t\t\t\t<div class=\"elementor-element elementor-element-124bb18 elementor-widget elementor-widget-text-editor\" data-id=\"124bb18\" data-element_type=\"widget\" data-e-type=\"widget\" data-widget_type=\"text-editor.default\">\n\t\t\t\t\t\t\t\t\tEn Sex Toys Productstore, nos erigimos como un faro de apertura y aceptaci\u00f3n, animando a todo el mundo a abrazar su sexualidad con orgullo y alegr\u00eda. Nuestra pasi\u00f3n por ofrecer productos de calidad y promover el bienestar sexual es la base de todo lo que hacemos. \u00danete a nosotros y descubre un mundo de placer, exploraci\u00f3n y satisfacci\u00f3n.\t\t\t\t\t\t\t\t<\/div>\n\t\t\t\t\t<\/div>\n\t\t<\/div>\n\t\t\t\t<div class=\"elementor-column elementor-col-50 elementor-top-column elementor-element elementor-element-effd568\" data-id=\"effd568\" data-element_type=\"column\" data-e-type=\"column\">\n\t\t\t<div class=\"elementor-widget-wrap elementor-element-populated\">\n\t\t\t\t\t\t<div class=\"elementor-element elementor-element-7fcf2b0 elementor-widget elementor-widget-sidebar\" data-id=\"7fcf2b0\" data-element_type=\"widget\" data-e-type=\"widget\" data-widget_type=\"sidebar.default\">\n\t\t\t\t\t<div id=\"rehub_posts_widget-2\" class=\"widget posts_widget\"><div class=\"title\">\u00daltimas entradas<\/div>\t<div class=\"color_sidebar\">\r\n\t\t<div class=\"tabs-item clearfix\">\r\n\t\t\t\t\t\r\n\t\t\t<div class=\"clearfix flowhidden mb15 pb15 border-grey-bottom\">\r\n\t            <figure class=\"floatleft width-100 img-maxh-100 img-width-auto\"><a href=\"https:\/\/sextoysproductstore.com\/es\/the-pleasure-with-the-power-of-cock-rings\/\">\r\n\t            \t<img loading=\"lazy\" decoding=\"async\" width=\"100\" height=\"100\" src=\"https:\/\/sextoysproductstore.com\/wp-content\/uploads\/30534-nd4rhq-100x100.jpg\" class=\"\" alt=\"\" emptyimage=\"https:\/\/sextoysproductstore.com\/wp-content\/themes\/rehub-theme\/images\/default\/noimage_100_70.png\" no_thumb=\"https:\/\/sextoysproductstore.com\/wp-content\/themes\/rehub-theme\/images\/default\/noimage_100_70.png\" srcset=\"https:\/\/sextoysproductstore.com\/wp-content\/uploads\/30534-nd4rhq-100x100.jpg 100w, https:\/\/sextoysproductstore.com\/wp-content\/uploads\/30534-nd4rhq-150x150.jpg 150w, https:\/\/sextoysproductstore.com\/wp-content\/uploads\/30534-nd4rhq-260x260.jpg 260w, https:\/\/sextoysproductstore.com\/wp-content\/uploads\/30534-nd4rhq-768x768.jpg 768w, https:\/\/sextoysproductstore.com\/wp-content\/uploads\/30534-nd4rhq-1024x1024.jpg 1024w, https:\/\/sextoysproductstore.com\/wp-content\/uploads\/30534-nd4rhq-1536x1536.jpg 1536w, https:\/\/sextoysproductstore.com\/wp-content\/uploads\/30534-nd4rhq-2048x2048.jpg 2048w, https:\/\/sextoysproductstore.com\/wp-content\/uploads\/30534-nd4rhq-788x788.jpg 788w, https:\/\/sextoysproductstore.com\/wp-content\/uploads\/30534-nd4rhq-600x600.jpg 600w, https:\/\/sextoysproductstore.com\/wp-content\/uploads\/30534-nd4rhq-350x350.jpg 350w, https:\/\/sextoysproductstore.com\/wp-content\/uploads\/30534-nd4rhq-32x32.jpg 32w, https:\/\/sextoysproductstore.com\/wp-content\/uploads\/30534-nd4rhq.jpg 1000w\" sizes=\"auto, (max-width: 100px) 100vw, 100px\" \/>\t            <\/a><\/figure>\r\n\t            <div class=\"detail floatright width-100-calc pl15 rtlpr15\">\r\n\t\t            <div class=\"mt0 lineheight20 fontnormal font95\"><a href=\"https:\/\/sextoysproductstore.com\/es\/the-pleasure-with-the-power-of-cock-rings\/\">El placer con el poder de los anillos para el pene<\/a><\/div>\r\n\r\n\t\t            \t            \t<div class=\"post-meta\">\r\n\t              \t\t\t                \t\t\t\t\t<span class=\"cat_link_meta\"><a href=\"https:\/\/sextoysproductstore.com\/es\/category\/cock-ring\/\" class=\"cat\">Anillo para el pene<\/a><\/span>\n\t\t\t\t\t\t<span class=\"comm_count_meta\"><span class=\"comm_meta\"><\/span><\/span>\n\t\t\t\t                <\/div>\r\n\t            \t\r\n\t\t            \t            <\/div>\r\n            <\/div>\t\r\n\t\t\t\r\n\t\t\t<div class=\"clearfix flowhidden mb15 pb15 border-grey-bottom\">\r\n\t            <figure class=\"floatleft width-100 img-maxh-100 img-width-auto\"><a href=\"https:\/\/sextoysproductstore.com\/es\/xplore-unmatched-pleasure-with-lovetoys-realistic-dildo-collection\/\">\r\n\t            \t<img loading=\"lazy\" decoding=\"async\" width=\"100\" height=\"100\" src=\"https:\/\/sextoysproductstore.com\/wp-content\/uploads\/Lovetoys-Realistic-Dildo-Collection-100x100.webp\" class=\"\" alt=\"Lovetoy&#039;s Realistic Dildo Collection image\" emptyimage=\"https:\/\/sextoysproductstore.com\/wp-content\/themes\/rehub-theme\/images\/default\/noimage_100_70.png\" no_thumb=\"https:\/\/sextoysproductstore.com\/wp-content\/themes\/rehub-theme\/images\/default\/noimage_100_70.png\" srcset=\"https:\/\/sextoysproductstore.com\/wp-content\/uploads\/Lovetoys-Realistic-Dildo-Collection-100x100.webp 100w, https:\/\/sextoysproductstore.com\/wp-content\/uploads\/Lovetoys-Realistic-Dildo-Collection-260x260.webp 260w, https:\/\/sextoysproductstore.com\/wp-content\/uploads\/Lovetoys-Realistic-Dildo-Collection-1024x1024.webp 1024w, https:\/\/sextoysproductstore.com\/wp-content\/uploads\/Lovetoys-Realistic-Dildo-Collection-150x150.webp 150w, https:\/\/sextoysproductstore.com\/wp-content\/uploads\/Lovetoys-Realistic-Dildo-Collection-768x768.webp 768w, https:\/\/sextoysproductstore.com\/wp-content\/uploads\/Lovetoys-Realistic-Dildo-Collection-1536x1536.webp 1536w, https:\/\/sextoysproductstore.com\/wp-content\/uploads\/Lovetoys-Realistic-Dildo-Collection-2048x2048.webp 2048w, https:\/\/sextoysproductstore.com\/wp-content\/uploads\/Lovetoys-Realistic-Dildo-Collection-12x12.webp 12w, https:\/\/sextoysproductstore.com\/wp-content\/uploads\/Lovetoys-Realistic-Dildo-Collection-350x350.webp 350w, https:\/\/sextoysproductstore.com\/wp-content\/uploads\/Lovetoys-Realistic-Dildo-Collection-788x788.webp 788w, https:\/\/sextoysproductstore.com\/wp-content\/uploads\/Lovetoys-Realistic-Dildo-Collection-600x600.webp 600w, https:\/\/sextoysproductstore.com\/wp-content\/uploads\/Lovetoys-Realistic-Dildo-Collection-32x32.webp 32w, https:\/\/sextoysproductstore.com\/wp-content\/uploads\/Lovetoys-Realistic-Dildo-Collection.webp 800w\" sizes=\"auto, (max-width: 100px) 100vw, 100px\" \/>\t            <\/a><\/figure>\r\n\t            <div class=\"detail floatright width-100-calc pl15 rtlpr15\">\r\n\t\t            <div class=\"mt0 lineheight20 fontnormal font95\"><a href=\"https:\/\/sextoysproductstore.com\/es\/xplore-unmatched-pleasure-with-lovetoys-realistic-dildo-collection\/\">Explora el placer sin igual con la colecci\u00f3n de consoladores realistas de Lovetoy<\/a><\/div>\r\n\r\n\t\t            \t            \t<div class=\"post-meta\">\r\n\t              \t\t\t                \t\t\t\t\t<span class=\"cat_link_meta\"><a href=\"https:\/\/sextoysproductstore.com\/es\/category\/brands\/\" class=\"cat\">Marcas<\/a><\/span>\n\t\t\t\t\t\t<span class=\"comm_count_meta\"><span class=\"comm_meta\"><\/span><\/span>\n\t\t\t\t                <\/div>\r\n\t            \t\r\n\t\t            \t            <\/div>\r\n            <\/div>\t\r\n\t\t\t\r\n\t\t\t<div class=\"clearfix flowhidden mb15 pb15 border-grey-bottom\">\r\n\t            <figure class=\"floatleft width-100 img-maxh-100 img-width-auto\"><a href=\"https:\/\/sextoysproductstore.com\/es\/benefits-of-using-sex-toys\/\">\r\n\t            \t<img loading=\"lazy\" decoding=\"async\" width=\"100\" height=\"100\" src=\"https:\/\/sextoysproductstore.com\/wp-content\/uploads\/Benefits-of-Using-Sex-Toys-1-100x100.webp\" class=\"\" alt=\"Benefits of Using Sex Toys image\" emptyimage=\"https:\/\/sextoysproductstore.com\/wp-content\/themes\/rehub-theme\/images\/default\/noimage_100_70.png\" no_thumb=\"https:\/\/sextoysproductstore.com\/wp-content\/themes\/rehub-theme\/images\/default\/noimage_100_70.png\" srcset=\"https:\/\/sextoysproductstore.com\/wp-content\/uploads\/Benefits-of-Using-Sex-Toys-1-100x100.webp 100w, https:\/\/sextoysproductstore.com\/wp-content\/uploads\/Benefits-of-Using-Sex-Toys-1-260x260.webp 260w, https:\/\/sextoysproductstore.com\/wp-content\/uploads\/Benefits-of-Using-Sex-Toys-1.webp 1024w, https:\/\/sextoysproductstore.com\/wp-content\/uploads\/Benefits-of-Using-Sex-Toys-1-150x150.webp 150w, https:\/\/sextoysproductstore.com\/wp-content\/uploads\/Benefits-of-Using-Sex-Toys-1-768x768.webp 768w, https:\/\/sextoysproductstore.com\/wp-content\/uploads\/Benefits-of-Using-Sex-Toys-1-1536x1536.webp 1536w, https:\/\/sextoysproductstore.com\/wp-content\/uploads\/Benefits-of-Using-Sex-Toys-1-2048x2048.webp 2048w, https:\/\/sextoysproductstore.com\/wp-content\/uploads\/Benefits-of-Using-Sex-Toys-1-12x12.webp 12w, https:\/\/sextoysproductstore.com\/wp-content\/uploads\/Benefits-of-Using-Sex-Toys-1-350x350.webp 350w, https:\/\/sextoysproductstore.com\/wp-content\/uploads\/Benefits-of-Using-Sex-Toys-1-788x788.webp 788w, https:\/\/sextoysproductstore.com\/wp-content\/uploads\/Benefits-of-Using-Sex-Toys-1-600x600.webp 600w, https:\/\/sextoysproductstore.com\/wp-content\/uploads\/Benefits-of-Using-Sex-Toys-1-32x32.webp 32w\" sizes=\"auto, (max-width: 100px) 100vw, 100px\" \/>\t            <\/a><\/figure>\r\n\t            <div class=\"detail floatright width-100-calc pl15 rtlpr15\">\r\n\t\t            <div class=\"mt0 lineheight20 fontnormal font95\"><a href=\"https:\/\/sextoysproductstore.com\/es\/benefits-of-using-sex-toys\/\">Beneficios del uso de juguetes sexuales<\/a><\/div>\r\n\r\n\t\t            \t            \t<div class=\"post-meta\">\r\n\t              \t\t\t                \t\t\t\t\t<span class=\"cat_link_meta\"><a href=\"https:\/\/sextoysproductstore.com\/es\/category\/sex-toys\/\" class=\"cat\">Juguetes sexuales<\/a><\/span>\n\t\t\t\t\t\t<span class=\"comm_count_meta\"><span class=\"comm_meta\"><\/span><\/span>\n\t\t\t\t                <\/div>\r\n\t            \t\r\n\t\t            \t            <\/div>\r\n            <\/div>\t\r\n\t\t\t\r\n\t\t\t<div class=\"clearfix flowhidden\">\r\n\t            <figure class=\"floatleft width-100 img-maxh-100 img-width-auto\"><a href=\"https:\/\/sextoysproductstore.com\/es\/lelo-sex-toys\/\">\r\n\t            \t<img loading=\"lazy\" decoding=\"async\" width=\"100\" height=\"100\" src=\"https:\/\/sextoysproductstore.com\/wp-content\/uploads\/lelo\/34534-f58d3f-100x100.jpeg\" class=\"\" alt=\"34534-f58d3f.jpeg\" emptyimage=\"https:\/\/sextoysproductstore.com\/wp-content\/themes\/rehub-theme\/images\/default\/noimage_100_70.png\" no_thumb=\"https:\/\/sextoysproductstore.com\/wp-content\/themes\/rehub-theme\/images\/default\/noimage_100_70.png\" srcset=\"https:\/\/sextoysproductstore.com\/wp-content\/uploads\/lelo\/34534-f58d3f-100x100.jpeg 100w, https:\/\/sextoysproductstore.com\/wp-content\/uploads\/lelo\/34534-f58d3f-260x260.jpeg 260w, https:\/\/sextoysproductstore.com\/wp-content\/uploads\/lelo\/34534-f58d3f-600x600.jpeg 600w, https:\/\/sextoysproductstore.com\/wp-content\/uploads\/lelo\/34534-f58d3f-150x150.jpeg 150w, https:\/\/sextoysproductstore.com\/wp-content\/uploads\/lelo\/34534-f58d3f-768x768.jpeg 768w, https:\/\/sextoysproductstore.com\/wp-content\/uploads\/lelo\/34534-f58d3f-1024x1024.jpeg 1024w, https:\/\/sextoysproductstore.com\/wp-content\/uploads\/lelo\/34534-f58d3f-788x788.jpeg 788w, https:\/\/sextoysproductstore.com\/wp-content\/uploads\/lelo\/34534-f58d3f-32x32.jpeg 32w, https:\/\/sextoysproductstore.com\/wp-content\/uploads\/lelo\/34534-f58d3f-1536x1536.jpeg 1536w, https:\/\/sextoysproductstore.com\/wp-content\/uploads\/lelo\/34534-f58d3f-2048x2048.jpeg 2048w, https:\/\/sextoysproductstore.com\/wp-content\/uploads\/lelo\/34534-f58d3f-12x12.jpeg 12w, https:\/\/sextoysproductstore.com\/wp-content\/uploads\/lelo\/34534-f58d3f-350x350.jpeg 350w, https:\/\/sextoysproductstore.com\/wp-content\/uploads\/lelo\/34534-f58d3f.jpeg 800w\" sizes=\"auto, (max-width: 100px) 100vw, 100px\" \/>\t            <\/a><\/figure>\r\n\t            <div class=\"detail floatright width-100-calc pl15 rtlpr15\">\r\n\t\t            <div class=\"mt0 lineheight20 fontnormal font95\"><a href=\"https:\/\/sextoysproductstore.com\/es\/lelo-sex-toys\/\">Juguetes sexuales Lelo<\/a><\/div>\r\n\r\n\t\t            \t            \t<div class=\"post-meta\">\r\n\t              \t\t\t                \t\t\t\t\t<span class=\"cat_link_meta\"><a href=\"https:\/\/sextoysproductstore.com\/es\/category\/brands\/\" class=\"cat\">Marcas<\/a><\/span>\n\t\t\t\t\t\t<span class=\"comm_count_meta\"><span class=\"comm_meta\"><\/span><\/span>\n\t\t\t\t                <\/div>\r\n\t            \t\r\n\t\t            \t            <\/div>\r\n            <\/div>\t\r\n\t\t\t\t<\/div>\r\n\t<\/div>\t\r\n\t\t\t\t\t\r\n\t<\/div>\t\t\t\t<\/div>\n\t\t\t\t\t<\/div>\n\t\t<\/div>\n\t\t\t\t\t<\/div>\n\t\t<\/section>\n\t\t\t\t<\/div>","protected":false},"excerpt":{"rendered":"<p>Welcome to Our Pleasure Emporium Sex Toys Productstore Introduction At Sex Toys Productstore, we are dedicated to empowering individuals in their pursuit of sexual pleasure and satisfaction. Our mission is to provide a wide array of Adult Sex Toys that cater to diverse preferences and desires. No Boundaries! Everyone harbors their unique fantasies, and it&#8217;s [&hellip;]<\/p>\n","protected":false},"author":3,"featured_media":23193,"parent":0,"menu_order":3,"comment_status":"closed","ping_status":"closed","template":"elementor_header_footer","meta":{"_seopress_robots_primary_cat":"","_seopress_titles_title":"About our online sex toys store %%sep%% %%sitetitle%%","_seopress_titles_desc":"Sex Toys Product Store wants to support anyone who wants to please themselves with more sexual pleasure with great Sex Toys.","_seopress_robots_index":"","footnotes":""},"class_list":["post-7560","page","type-page","status-publish","has-post-thumbnail","hentry"],"_links":{"self":[{"href":"https:\/\/sextoysproductstore.com\/es\/wp-json\/wp\/v2\/pages\/7560","targetHints":{"allow":["GET"]}}],"collection":[{"href":"https:\/\/sextoysproductstore.com\/es\/wp-json\/wp\/v2\/pages"}],"about":[{"href":"https:\/\/sextoysproductstore.com\/es\/wp-json\/wp\/v2\/types\/page"}],"author":[{"embeddable":true,"href":"https:\/\/sextoysproductstore.com\/es\/wp-json\/wp\/v2\/users\/3"}],"replies":[{"embeddable":true,"href":"https:\/\/sextoysproductstore.com\/es\/wp-json\/wp\/v2\/comments?post=7560"}],"version-history":[{"count":0,"href":"https:\/\/sextoysproductstore.com\/es\/wp-json\/wp\/v2\/pages\/7560\/revisions"}],"wp:featuredmedia":[{"embeddable":true,"href":"https:\/\/sextoysproductstore.com\/es\/wp-json\/wp\/v2\/media\/23193"}],"wp:attachment":[{"href":"https:\/\/sextoysproductstore.com\/es\/wp-json\/wp\/v2\/media?parent=7560"}],"curies":[{"name":"wp","href":"https:\/\/api.w.org\/{rel}","templated":true}]}}