{"id":1668,"date":"2020-03-24T16:46:48","date_gmt":"2020-03-24T16:46:48","guid":{"rendered":"https:\/\/pricelikeit.com\/?page_id=1668"},"modified":"2021-02-23T04:05:22","modified_gmt":"2021-02-23T03:05:22","slug":"disclaimer","status":"publish","type":"page","link":"https:\/\/sextoysproductstore.com\/es\/disclaimer\/","title":{"rendered":"Descargo de responsabilidad"},"content":{"rendered":"<p><strong>Descargo de responsabilidad para SexToys Productstore<\/strong><br \/>\nSi necesita m\u00e1s informaci\u00f3n o tiene alguna pregunta sobre el descargo de responsabilidad de nuestro sitio, no dude en ponerse en contacto con nosotros por correo electr\u00f3nico en support@sextoysproductstore.com<\/p>\n<h2>Descargo de responsabilidad de sextoysproductstore.com<\/h2>\n<p>Toda la informaci\u00f3n contenida en este sitio web - https:\/\/sextoysproductstore.com - se publica de buena fe y s\u00f3lo con fines de informaci\u00f3n general. sextoysproductstore.com no ofrece ninguna garant\u00eda sobre la integridad, fiabilidad y exactitud de esta informaci\u00f3n. Cualquier acci\u00f3n que usted tome sobre la base de la informaci\u00f3n que encuentre en este sitio web (sextoysproductstore.com), es estrictamente bajo su propio riesgo. sextoysproductstore.com no ser\u00e1 responsable de ninguna p\u00e9rdida y\/o da\u00f1o en relaci\u00f3n con el uso de nuestro sitio web.<\/p>\n<p>Desde nuestro sitio web, puede visitar otros sitios web siguiendo los hiperv\u00ednculos a dichos sitios externos. Aunque nos esforzamos por ofrecer s\u00f3lo enlaces de calidad a sitios web \u00fatiles y \u00e9ticos, no tenemos ning\u00fan control sobre el contenido y la naturaleza de estos sitios. Estos enlaces a otros sitios web no implican una recomendaci\u00f3n de todo el contenido que se encuentra en estos sitios. Los propietarios de los sitios y su contenido pueden cambiar sin previo aviso y pueden ocurrir antes de que tengamos la oportunidad de eliminar un enlace que pueda haber salido \"mal\".<\/p>\n<p>Tenga en cuenta tambi\u00e9n que, cuando abandone nuestro sitio web, otros sitios pueden tener pol\u00edticas de privacidad y condiciones diferentes que est\u00e1n fuera de nuestro control. Aseg\u00farese de comprobar las pol\u00edticas de privacidad de estos sitios, as\u00ed como sus \"condiciones de servicio\", antes de emprender cualquier negocio o cargar cualquier informaci\u00f3n.<\/p>\n<h2>Consentimiento<\/h2>\n<p>Al utilizar nuestro sitio web, usted acepta nuestra exenci\u00f3n de responsabilidad y est\u00e1 de acuerdo con sus t\u00e9rminos.<\/p>\n<h2>Actualizaci\u00f3n<\/h2>\n<p>En caso de que actualicemos, modifiquemos o hagamos cualquier cambio en este documento, dichos cambios se publicar\u00e1n de forma destacada aqu\u00ed.<\/p>","protected":false},"excerpt":{"rendered":"<p>Disclaimer for SexToys Productstore If you require any more information or have any questions about our site&#8217;s disclaimer, please feel free to contact us by email at support@sextoysproductstore.com Disclaimers for sextoysproductstore.com All the information on this website &#8211; https:\/\/sextoysproductstore.com &#8211; is published in good faith and for general information purpose only. sextoysproductstore.com does not make [&hellip;]<\/p>\n","protected":false},"author":3,"featured_media":0,"parent":0,"menu_order":70,"comment_status":"closed","ping_status":"closed","template":"","meta":{"_seopress_robots_primary_cat":"","_seopress_titles_title":"","_seopress_titles_desc":"","_seopress_robots_index":"","footnotes":""},"class_list":["post-1668","page","type-page","status-publish","hentry"],"_links":{"self":[{"href":"https:\/\/sextoysproductstore.com\/es\/wp-json\/wp\/v2\/pages\/1668","targetHints":{"allow":["GET"]}}],"collection":[{"href":"https:\/\/sextoysproductstore.com\/es\/wp-json\/wp\/v2\/pages"}],"about":[{"href":"https:\/\/sextoysproductstore.com\/es\/wp-json\/wp\/v2\/types\/page"}],"author":[{"embeddable":true,"href":"https:\/\/sextoysproductstore.com\/es\/wp-json\/wp\/v2\/users\/3"}],"replies":[{"embeddable":true,"href":"https:\/\/sextoysproductstore.com\/es\/wp-json\/wp\/v2\/comments?post=1668"}],"version-history":[{"count":0,"href":"https:\/\/sextoysproductstore.com\/es\/wp-json\/wp\/v2\/pages\/1668\/revisions"}],"wp:attachment":[{"href":"https:\/\/sextoysproductstore.com\/es\/wp-json\/wp\/v2\/media?parent=1668"}],"curies":[{"name":"wp","href":"https:\/\/api.w.org\/{rel}","templated":true}]}}