{"id":1666,"date":"2020-03-24T16:44:54","date_gmt":"2020-03-24T16:44:54","guid":{"rendered":"https:\/\/pricelikeit.com\/?page_id=1666"},"modified":"2022-12-21T06:01:08","modified_gmt":"2022-12-21T05:01:08","slug":"terms-and-conditions","status":"publish","type":"page","link":"https:\/\/sextoysproductstore.com\/es\/terms-and-conditions\/","title":{"rendered":"T\u00e9rminos y condiciones"},"content":{"rendered":"<p><strong>\u00a1Bienvenido a sextoysproductstore.com!<\/strong><\/p>\n<p>Estos t\u00e9rminos y condiciones describen las reglas y regulaciones para el uso del sitio web de Sex Toys Product Store, ubicado en https:\/\/sextoysproductstore.com.<\/p>\n<p>Al acceder a este sitio web asumimos que acepta estos t\u00e9rminos y condiciones. No contin\u00fae utilizando sextoysproductstore.com si no est\u00e1 de acuerdo en aceptar todos los t\u00e9rminos y condiciones establecidos en esta p\u00e1gina.<\/p>\n<p>La siguiente terminolog\u00eda se aplica a estos T\u00e9rminos y Condiciones, a la Declaraci\u00f3n de Privacidad y al Aviso de Exenci\u00f3n de Responsabilidad y a todos los Acuerdos: \"Cliente\", \"Usted\" y \"Su\" se refiere a usted, la persona que se registra en este sitio web y cumple con los t\u00e9rminos y condiciones de la Compa\u00f1\u00eda. \"La Compa\u00f1\u00eda\", \"Nosotros\", \"Nuestro\" y \"Nosotros\", se refiere a nuestra Compa\u00f1\u00eda. \"Parte\", \"Partes\" o \"Nosotros\", se refiere tanto al Cliente como a nosotros. Todos los t\u00e9rminos se refieren a la oferta, la aceptaci\u00f3n y la contraprestaci\u00f3n necesaria para llevar a cabo el proceso de nuestra asistencia al Cliente de la manera m\u00e1s adecuada con el prop\u00f3sito expreso de satisfacer las necesidades del Cliente con respecto a la prestaci\u00f3n de los servicios indicados de la Compa\u00f1\u00eda, de acuerdo con y con sujeci\u00f3n a la legislaci\u00f3n vigente de los Pa\u00edses Bajos. Cualquier uso de la terminolog\u00eda anterior u otras palabras en singular, plural, may\u00fasculas y\/o \u00e9l\/ella o ellos, se consideran intercambiables y por lo tanto se refieren a lo mismo.<\/p>\n<h3><strong>Galletas<\/strong><\/h3>\n<p>Empleamos el uso de cookies. Al acceder a sextoysproductstore.com, aceptas el uso de cookies de acuerdo con la Pol\u00edtica de Privacidad de Sex Toys Product Store.<\/p>\n<p>La mayor\u00eda de los sitios web interactivos utilizan cookies para permitirnos recuperar los datos del usuario en cada visita. Nuestro sitio web utiliza cookies para permitir la funcionalidad de ciertas \u00e1reas y facilitar la visita a nuestro sitio web. Algunos de nuestros socios afiliados\/publicitarios tambi\u00e9n pueden utilizar cookies.<\/p>\n<h3><strong>Licencia<\/strong><\/h3>\n<p>A menos que se indique lo contrario, Sex Toys Product Store y\/o sus licenciantes son los propietarios de los derechos de propiedad intelectual de todo el material de sextoysproductstore.com. Todos los derechos de propiedad intelectual est\u00e1n reservados. Usted puede acceder a esto desde sextoysproductstore.com para su uso personal sujeto a las restricciones establecidas en estos t\u00e9rminos y condiciones.<\/p>\n<p>No debes:<\/p>\n<ul>\n<li>Reproducir material de sextoysproductstore.com<\/li>\n<li>Vender, alquilar o sublicenciar material de sextoysproductstore.com<\/li>\n<li>Reproducir, duplicar o copiar material de sextoysproductstore.com<\/li>\n<li>Redistribuir el contenido de sextoysproductstore.com<\/li>\n<\/ul>\n<p>El presente Acuerdo comenzar\u00e1 en la fecha del mismo.<\/p>\n<p>Algunas partes de este sitio web ofrecen la oportunidad de que los usuarios publiquen e intercambien opiniones e informaci\u00f3n en ciertas \u00e1reas del sitio web. Sex Toys Product Store no filtra, edita, publica o revisa los comentarios antes de su presencia en el sitio web. Los comentarios no reflejan los puntos de vista y opiniones de Sex Toys Product Store, sus agentes y\/o afiliados. Los comentarios reflejan los puntos de vista y las opiniones de la persona que los publica. En la medida en que lo permita la legislaci\u00f3n aplicable, Sex Toys Product Store no ser\u00e1 responsable de los Comentarios ni de ninguna responsabilidad, da\u00f1os o gastos causados y\/o sufridos como resultado de cualquier uso y\/o publicaci\u00f3n y\/o aparici\u00f3n de los Comentarios en este sitio web.<\/p>\n<p>Sex Toys Product Store se reserva el derecho de supervisar todos los comentarios y de eliminar cualquier comentario que pueda considerarse inapropiado, ofensivo o que infrinja estos T\u00e9rminos y Condiciones.<\/p>\n<p>Usted garantiza y declara que:<\/p>\n<ul>\n<li>Usted tiene derecho a publicar los Comentarios en nuestro sitio web y tiene todas las licencias y consentimientos necesarios para hacerlo;<\/li>\n<li>Los comentarios no invaden ning\u00fan derecho de propiedad intelectual, incluidos, sin limitaci\u00f3n, los derechos de autor, las patentes o las marcas comerciales de terceros;<\/li>\n<li>Los comentarios no contienen ning\u00fan material difamatorio, calumnioso, ofensivo, indecente o ilegal que suponga una invasi\u00f3n de la privacidad<\/li>\n<li>Los comentarios no se utilizar\u00e1n para solicitar o promover negocios o costumbres o presentar actividades comerciales o il\u00edcitas.<\/li>\n<\/ul>\n<p>Por la presente, usted concede a Sex Toys Product Store una licencia no exclusiva para utilizar, reproducir, editar y autorizar a otros a utilizar, reproducir y editar cualquiera de sus comentarios en cualquier forma, formato o medio.<\/p>\n<h3><strong>Hiperv\u00ednculos a nuestro contenido<\/strong><\/h3>\n<p>Las siguientes organizaciones pueden enlazar con nuestro sitio web sin necesidad de aprobaci\u00f3n previa por escrito:<\/p>\n<ul>\n<li>Agencias gubernamentales;<\/li>\n<li>Motores de b\u00fasqueda;<\/li>\n<li>Organizaciones de noticias;<\/li>\n<li>Los distribuidores de directorios en l\u00ednea pueden enlazar con nuestro sitio web de la misma manera que lo hacen con los sitios web de otras empresas incluidas en la lista; y<\/li>\n<li>Empresas acreditadas en todo el sistema, excepto las organizaciones sin \u00e1nimo de lucro, los centros comerciales ben\u00e9ficos y los grupos de recaudaci\u00f3n de fondos ben\u00e9ficos, que no pueden establecer un hiperv\u00ednculo con nuestro sitio web.<\/li>\n<\/ul>\n<p>Estas organizaciones pueden enlazar con nuestra p\u00e1gina de inicio, con publicaciones o con otra informaci\u00f3n del sitio web siempre que el enlace (a) no sea de ninguna manera enga\u00f1oso; (b) no implique falsamente el patrocinio, el respaldo o la aprobaci\u00f3n de la parte que enlaza y de sus productos y\/o servicios; y (c) se ajuste al contexto del sitio de la parte que enlaza.<\/p>\n<p>Podemos considerar y aprobar otras solicitudes de enlaces de los siguientes tipos de organizaciones:<\/p>\n<ul>\n<li>fuentes de informaci\u00f3n com\u00fanmente conocidas por los consumidores y\/o las empresas;<\/li>\n<li>sitios de la comunidad punto.com;<\/li>\n<li>asociaciones u otros grupos que representen a las organizaciones ben\u00e9ficas;<\/li>\n<li>distribuidores de directorios en l\u00ednea;<\/li>\n<li>portales de Internet;<\/li>\n<li>empresas de contabilidad, derecho y consultor\u00eda; y<\/li>\n<li>instituciones educativas y asociaciones comerciales.<\/li>\n<\/ul>\n<p>Aprobaremos las solicitudes de enlace de estas organizaciones si decidimos que (a) el enlace no nos hace quedar mal con nosotros mismos o con nuestras empresas acreditadas; (b) la organizaci\u00f3n no tiene antecedentes negativos con nosotros; (c) el beneficio para nosotros de la visibilidad del hiperv\u00ednculo compensa la ausencia de Sex Toys Product Store; y (d) el enlace est\u00e1 en el contexto de la informaci\u00f3n de recursos generales.<\/p>\n<p>Estas organizaciones pueden enlazar con nuestra p\u00e1gina de inicio siempre que el enlace (a) no sea de ninguna manera enga\u00f1oso; (b) no implique falsamente el patrocinio, el respaldo o la aprobaci\u00f3n de la parte que enlaza y de sus productos o servicios; y (c) se ajuste al contexto del sitio de la parte que enlaza.<\/p>\n<p>Si usted es una de las organizaciones enumeradas en el apartado 2 anterior y est\u00e1 interesado en establecer un enlace con nuestro sitio web, debe informarnos enviando un correo electr\u00f3nico a Sex Toys Product Store. Por favor, incluya su nombre, el nombre de su organizaci\u00f3n, la informaci\u00f3n de contacto, as\u00ed como la URL de su sitio, una lista de las URL desde las que pretende enlazar a nuestro sitio web, y una lista de las URL de nuestro sitio a las que le gustar\u00eda enlazar. Espere 2-3 semanas para recibir una respuesta.<\/p>\n<p>Las organizaciones autorizadas pueden establecer hiperv\u00ednculos con nuestro sitio web de la siguiente manera:<\/p>\n<ul>\n<li>Mediante el uso de nuestro nombre corporativo; o<\/li>\n<li>Mediante el uso del localizador uniforme de recursos al que se enlaza; o<\/li>\n<li>Mediante el uso de cualquier otra descripci\u00f3n de nuestro sitio web al que se enlaza que tenga sentido dentro del contexto y el formato del contenido del sitio de la parte que enlaza.<\/li>\n<\/ul>\n<p>No se permitir\u00e1 el uso del logotipo de Sex Toys Product Store ni de otras ilustraciones para los enlaces si no existe un acuerdo de licencia de marca.<\/p>\n<h3><strong>iFrames<\/strong><\/h3>\n<p>Sin la aprobaci\u00f3n previa y el permiso por escrito, usted no puede crear marcos alrededor de nuestras p\u00e1ginas web que alteren de alguna manera la presentaci\u00f3n visual o la apariencia de nuestro sitio web.<\/p>\n<h3><strong>Responsabilidad por el contenido<\/strong><\/h3>\n<p>No seremos responsables de ning\u00fan contenido que aparezca en su sitio web. Usted se compromete a protegernos y defendernos de todas las reclamaciones que surjan en su Sitio Web. No debe aparecer ning\u00fan enlace en ning\u00fan sitio web que pueda interpretarse como difamatorio, obsceno o delictivo, o que infrinja, viole o propugne la infracci\u00f3n u otra violaci\u00f3n de derechos de terceros.<\/p>\n<h3><strong>Su privacidad<\/strong><\/h3>\n<p>Lea la pol\u00edtica de privacidad<\/p>\n<h3><strong>Reserva de derechos<\/strong><\/h3>\n<p>Nos reservamos el derecho de solicitarle que elimine todos los enlaces o cualquier enlace particular a nuestro Sitio Web. Usted se compromete a eliminar inmediatamente todos los enlaces a nuestro sitio web cuando se le solicite. Tambi\u00e9n nos reservamos el derecho a modificar estos t\u00e9rminos y condiciones y su pol\u00edtica de enlaces en cualquier momento. Al enlazar continuamente con nuestro sitio web, usted acepta estar obligado a cumplir estos t\u00e9rminos y condiciones de enlace.<\/p>\n<h3><strong>Eliminaci\u00f3n de enlaces de nuestro sitio web<\/strong><\/h3>\n<p>Si encuentra alg\u00fan enlace en nuestro sitio web que resulte ofensivo por cualquier motivo, puede ponerse en contacto con nosotros e informarnos en cualquier momento. Tendremos en cuenta las solicitudes de eliminaci\u00f3n de enlaces, pero no estamos obligados a hacerlo ni a responderle directamente.<\/p>\n<p>No aseguramos que la informaci\u00f3n contenida en este sitio web sea correcta, no garantizamos su integridad o exactitud; tampoco nos comprometemos a asegurar que el sitio web siga estando disponible o que el material del sitio web se mantenga actualizado.<\/p>\n<h3><strong>Descargo de responsabilidad<\/strong><\/h3>\n<p>En la medida m\u00e1xima permitida por la ley aplicable, excluimos todas las representaciones, garant\u00edas y condiciones relacionadas con nuestro sitio web y el uso de este sitio web. Nada de lo dispuesto en esta cl\u00e1usula de exenci\u00f3n de responsabilidad:<\/p>\n<ul>\n<li>limitar o excluir nuestra responsabilidad o la suya en caso de muerte o da\u00f1os personales;<\/li>\n<li>limitar o excluir nuestra responsabilidad o la suya en caso de fraude o tergiversaci\u00f3n fraudulenta;<\/li>\n<li>limitar cualquiera de nuestras responsabilidades o las suyas de cualquier manera que no est\u00e9 permitida por la legislaci\u00f3n aplicable; o<\/li>\n<li>excluir cualquiera de nuestras responsabilidades o de las suyas que no puedan ser excluidas en virtud de la legislaci\u00f3n aplicable.<\/li>\n<\/ul>\n<p>Las limitaciones y prohibiciones de responsabilidad establecidas en esta secci\u00f3n y en otras partes de este descargo de responsabilidad: (a) est\u00e1n sujetas al p\u00e1rrafo anterior; y (b) rigen todas las responsabilidades que surjan en virtud del descargo de responsabilidad, incluidas las responsabilidades contractuales, extracontractuales y por incumplimiento de obligaciones legales.<\/p>\n<p>Mientras el sitio web y la informaci\u00f3n y los servicios del mismo se proporcionen de forma gratuita, no seremos responsables de ninguna p\u00e9rdida o da\u00f1o de cualquier naturaleza.<\/p>","protected":false},"excerpt":{"rendered":"<p>Welcome to sextoysproductstore.com! These terms and conditions outline the rules and regulations for the use of Sex Toys Product Store&#8217;s Website, located at https:\/\/sextoysproductstore.com. By accessing this website we assume you accept these terms and conditions. Do not continue to use sextoysproductstore.com if you do not agree to take all of the terms and conditions [&hellip;]<\/p>\n","protected":false},"author":3,"featured_media":0,"parent":0,"menu_order":60,"comment_status":"closed","ping_status":"closed","template":"","meta":{"_seopress_robots_primary_cat":"","_seopress_titles_title":"%%sitetitle%% %%sep%% %%post_title%% sextoysproductstore.com","_seopress_titles_desc":"These terms and conditions outline the rules and regulations for the use of Sex Toys Product Store&#039;s Website.","_seopress_robots_index":"yes","footnotes":""},"class_list":["post-1666","page","type-page","status-publish","hentry"],"_links":{"self":[{"href":"https:\/\/sextoysproductstore.com\/es\/wp-json\/wp\/v2\/pages\/1666","targetHints":{"allow":["GET"]}}],"collection":[{"href":"https:\/\/sextoysproductstore.com\/es\/wp-json\/wp\/v2\/pages"}],"about":[{"href":"https:\/\/sextoysproductstore.com\/es\/wp-json\/wp\/v2\/types\/page"}],"author":[{"embeddable":true,"href":"https:\/\/sextoysproductstore.com\/es\/wp-json\/wp\/v2\/users\/3"}],"replies":[{"embeddable":true,"href":"https:\/\/sextoysproductstore.com\/es\/wp-json\/wp\/v2\/comments?post=1666"}],"version-history":[{"count":0,"href":"https:\/\/sextoysproductstore.com\/es\/wp-json\/wp\/v2\/pages\/1666\/revisions"}],"wp:attachment":[{"href":"https:\/\/sextoysproductstore.com\/es\/wp-json\/wp\/v2\/media?parent=1666"}],"curies":[{"name":"wp","href":"https:\/\/api.w.org\/{rel}","templated":true}]}}