{"id":33213,"date":"2022-05-25T06:12:00","date_gmt":"2022-05-25T04:12:00","guid":{"rendered":"https:\/\/sextoysproductstore.com\/store\/uncategorized\/wireless-app-sucking-vibrators-sex-toys-for-women-sucker-g-spot-clitoris-stimulator-vibrating-dildo-oral-licking-masturbator-toy\/"},"modified":"2026-04-10T04:03:03","modified_gmt":"2026-04-10T02:03:03","slug":"levett-wireless-app-sucking-vibrator-sucker-g-spot-clitoris-stimulator","status":"publish","type":"product","link":"https:\/\/sextoysproductstore.com\/de\/store\/wireless-sex-toys\/levett-wireless-app-sucking-vibrator-sucker-g-spot-clitoris-stimulator\/","title":{"rendered":"Levett Wireless APP Sucking Vibrator Sucker G-Punkt Klitoris Stimulator"},"content":{"rendered":"<p class=\"detail-desc-decorate-content\" align=\"start\">APP Control Version Funktion:<\/p>\n<ol>\n<li class=\"detail-desc-decorate-content\">Klassischer Modus: 6 Vibrationsfrequenzen und 6 Ansaugfrequenzen;<\/li>\n<li class=\"detail-desc-decorate-content\">Musik-Modus: Sie k\u00f6nnen Musik abspielen, w\u00e4hrend Sie das Spielzeug benutzen. Die Vibrationsfrequenz wird durch die Musikmelodie ver\u00e4ndert;<\/li>\n<li class=\"detail-desc-decorate-content\">Sch\u00fcttelmodus: Durch Sch\u00fctteln des Telefons k\u00f6nnen Sie die Frequenz und Intensit\u00e4t der Vibration steuern;<\/li>\n<li class=\"detail-desc-decorate-content\">Ber\u00fchrungsmodus: Durch Gleiten Ihres Fingers auf dem Handy-Display k\u00f6nnen Sie die Vibrationsfrequenz und -intensit\u00e4t steuern;<\/li>\n<li class=\"detail-desc-decorate-content\">Interaktiver Modus: F\u00fcgen Sie Freunde hinzu, um die Vibratoren der anderen zu steuern und k\u00f6nnen Sie Videoanrufe t\u00e4tigen. Wird mehr Spa\u00df machen!<\/li>\n<\/ol>","protected":false},"excerpt":{"rendered":"<ul>\n<li class=\"detail-desc-decorate-content\">Funktion: 6 Vibrationsmodi &amp; 6 Saugmodi<\/li>\n<li class=\"detail-desc-decorate-content\">Material: Medizinisches Silikon &amp; ABS<\/li>\n<li class=\"detail-desc-decorate-content\">Merkmale: Wasserdicht, Phthalatfrei<\/li>\n<li class=\"detail-desc-decorate-content\">Gr\u00f6\u00dfe: 100mm*77mm*70mm<\/li>\n<li class=\"detail-desc-decorate-content\">Akku: Magnetische USB-Ladung<\/li>\n<\/ul>","protected":false},"featured_media":33237,"comment_status":"open","ping_status":"closed","template":"","meta":{"_seopress_robots_primary_cat":"","_seopress_titles_title":"","_seopress_titles_desc":"","_seopress_robots_index":""},"store":[4242],"product_brand":[],"product_cat":[4228],"product_tag":[3936],"class_list":{"0":"post-33213","1":"product","2":"type-product","3":"status-publish","4":"has-post-thumbnail","6":"store-levett","7":"product_cat-wireless-sex-toys","8":"product_tag-for-women","10":"first","11":"outofstock","12":"taxable","13":"shipping-taxable","14":"product-type-variable"},"_links":{"self":[{"href":"https:\/\/sextoysproductstore.com\/de\/wp-json\/wp\/v2\/product\/33213","targetHints":{"allow":["GET"]}}],"collection":[{"href":"https:\/\/sextoysproductstore.com\/de\/wp-json\/wp\/v2\/product"}],"about":[{"href":"https:\/\/sextoysproductstore.com\/de\/wp-json\/wp\/v2\/types\/product"}],"replies":[{"embeddable":true,"href":"https:\/\/sextoysproductstore.com\/de\/wp-json\/wp\/v2\/comments?post=33213"}],"version-history":[{"count":0,"href":"https:\/\/sextoysproductstore.com\/de\/wp-json\/wp\/v2\/product\/33213\/revisions"}],"wp:featuredmedia":[{"embeddable":true,"href":"https:\/\/sextoysproductstore.com\/de\/wp-json\/wp\/v2\/media\/33237"}],"wp:attachment":[{"href":"https:\/\/sextoysproductstore.com\/de\/wp-json\/wp\/v2\/media?parent=33213"}],"wp:term":[{"taxonomy":"store","embeddable":true,"href":"https:\/\/sextoysproductstore.com\/de\/wp-json\/wp\/v2\/store?post=33213"},{"taxonomy":"product_brand","embeddable":true,"href":"https:\/\/sextoysproductstore.com\/de\/wp-json\/wp\/v2\/product_brand?post=33213"},{"taxonomy":"product_cat","embeddable":true,"href":"https:\/\/sextoysproductstore.com\/de\/wp-json\/wp\/v2\/product_cat?post=33213"},{"taxonomy":"product_tag","embeddable":true,"href":"https:\/\/sextoysproductstore.com\/de\/wp-json\/wp\/v2\/product_tag?post=33213"}],"curies":[{"name":"wp","href":"https:\/\/api.w.org\/{rel}","templated":true}]}}