{"id":33094,"date":"2022-05-25T04:27:52","date_gmt":"2022-05-25T02:27:52","guid":{"rendered":"https:\/\/sextoysproductstore.com\/store\/uncategorized\/wireless-app-control-vibrating-egg-vibrator-wearable-panties-vibrators-g-spot-stimulator-vaginal-kegel-ball-sex-toy-for-women\/"},"modified":"2026-04-10T04:01:47","modified_gmt":"2026-04-10T02:01:47","slug":"levett-wireless-app-control-vibrating-egg-g-spot-stimulator-kegel-ball","status":"publish","type":"product","link":"https:\/\/sextoysproductstore.com\/de\/store\/wireless-sex-toys\/levett-wireless-app-control-vibrating-egg-g-spot-stimulator-kegel-ball\/","title":{"rendered":"LEVETT Kabellose APP-Steuerung Vibrierendes Ei G-Punkt Stimulator Kegel Ball"},"content":{"rendered":"<p>APP-Version:<\/p>\n<ol>\n<li>Klassischer Modus: 9 Vibrationsfrequenzen<\/li>\n<li>Musik-Modus: Sie k\u00f6nnen Musik abspielen, w\u00e4hrend Sie das Spielzeug benutzen. Die Vibrationsfrequenz wird durch die Musikmelodie ver\u00e4ndert<\/li>\n<li>Sch\u00fcttelmodus: Durch Sch\u00fctteln des Telefons k\u00f6nnen Sie die Frequenz und Intensit\u00e4t der Vibration steuern<\/li>\n<li>Interaktiver Modus: F\u00fcgen Sie Freunde hinzu, um die Vibratoren der anderen zu steuern und k\u00f6nnen Sie Videoanrufe t\u00e4tigen. So macht es mehr Spa\u00df!<\/li>\n<\/ol>","protected":false},"excerpt":{"rendered":"<p>KEINE Entfernungsbegrenzung! Kann in einer anderen Stadt steuern. Mehr Spa\u00df haben!<\/p>\n<ul>\n<li>Merkmale: Wasserdicht, Phthalatfrei, Magnetische Aufladung<\/li>\n<li>Material: Medizinisches Silikon<\/li>\n<li>Modi: 16 verschiedene Vibrationsfrequenzen<\/li>\n<li>Gr\u00f6\u00dfe: 180*38mm<\/li>\n<li>Stromversorgung: Magnetische USB-Ladung<\/li>\n<li>Aufladezeit: 2-3 Stunden<\/li>\n<li>Nutzungsdauer: 1,5-2 Stunden<\/li>\n<li>Entfernung zur Fernbedienung: 10 Meter<\/li>\n<\/ul>","protected":false},"featured_media":33147,"comment_status":"open","ping_status":"closed","template":"","meta":{"_seopress_robots_primary_cat":"","_seopress_titles_title":"","_seopress_titles_desc":"","_seopress_robots_index":""},"store":[4242],"product_brand":[],"product_cat":[4228],"product_tag":[3936],"class_list":{"0":"post-33094","1":"product","2":"type-product","3":"status-publish","4":"has-post-thumbnail","6":"store-levett","7":"product_cat-wireless-sex-toys","8":"product_tag-for-women","10":"first","11":"instock","12":"sale","13":"taxable","14":"shipping-taxable","15":"purchasable","16":"product-type-variable"},"_links":{"self":[{"href":"https:\/\/sextoysproductstore.com\/de\/wp-json\/wp\/v2\/product\/33094","targetHints":{"allow":["GET"]}}],"collection":[{"href":"https:\/\/sextoysproductstore.com\/de\/wp-json\/wp\/v2\/product"}],"about":[{"href":"https:\/\/sextoysproductstore.com\/de\/wp-json\/wp\/v2\/types\/product"}],"replies":[{"embeddable":true,"href":"https:\/\/sextoysproductstore.com\/de\/wp-json\/wp\/v2\/comments?post=33094"}],"version-history":[{"count":0,"href":"https:\/\/sextoysproductstore.com\/de\/wp-json\/wp\/v2\/product\/33094\/revisions"}],"wp:featuredmedia":[{"embeddable":true,"href":"https:\/\/sextoysproductstore.com\/de\/wp-json\/wp\/v2\/media\/33147"}],"wp:attachment":[{"href":"https:\/\/sextoysproductstore.com\/de\/wp-json\/wp\/v2\/media?parent=33094"}],"wp:term":[{"taxonomy":"store","embeddable":true,"href":"https:\/\/sextoysproductstore.com\/de\/wp-json\/wp\/v2\/store?post=33094"},{"taxonomy":"product_brand","embeddable":true,"href":"https:\/\/sextoysproductstore.com\/de\/wp-json\/wp\/v2\/product_brand?post=33094"},{"taxonomy":"product_cat","embeddable":true,"href":"https:\/\/sextoysproductstore.com\/de\/wp-json\/wp\/v2\/product_cat?post=33094"},{"taxonomy":"product_tag","embeddable":true,"href":"https:\/\/sextoysproductstore.com\/de\/wp-json\/wp\/v2\/product_tag?post=33094"}],"curies":[{"name":"wp","href":"https:\/\/api.w.org\/{rel}","templated":true}]}}