{"id":32829,"date":"2022-05-22T16:08:21","date_gmt":"2022-05-22T14:08:21","guid":{"rendered":"https:\/\/sextoysproductstore.com\/store\/uncategorized\/app-control-egg-vibrators-vibrating-vaginal-vibrator-g-spot-clitoris-stimulator-vaginal-kegel-balls-sexshop-sex-toys-for-women\/"},"modified":"2026-04-10T04:01:15","modified_gmt":"2026-04-10T02:01:15","slug":"levett-app-control-vibrating-kegel-balls-vaginal-g-spot-clitoris-stimulator","status":"publish","type":"product","link":"https:\/\/sextoysproductstore.com\/de\/store\/wireless-sex-toys\/levett-app-control-vibrating-kegel-balls-vaginal-g-spot-clitoris-stimulator\/","title":{"rendered":"LEVETT APP Control Vibrierende Kegelkugeln Vaginal G Spot Klitoris Stimulator"},"content":{"rendered":"<p>APP Control Version Funktion:<\/p>\n<ol>\n<li>Klassischer Modus: 9 Vibrationsfrequenzen<\/li>\n<li>Musik-Modus: Sie k\u00f6nnen Musik abspielen, w\u00e4hrend Sie das Spielzeug benutzen. Die Musikmelodie wird die Vibrationsfrequenz \u00e4ndern<\/li>\n<li>Sch\u00fcttelmodus: Durch Sch\u00fctteln des Telefons k\u00f6nnen Sie die Frequenz und Intensit\u00e4t der Vibration steuern<\/li>\n<li>Interaktiver Modus: F\u00fcgen Sie Freunde hinzu, um die Vibratoren der anderen zu steuern und k\u00f6nnen Sie Videoanrufe t\u00e4tigen. So macht es mehr Spa\u00df!<\/li>\n<\/ol>","protected":false},"excerpt":{"rendered":"<p>Kabellose Fernsteuerung Version:<\/p>\n<ul>\n<li>Modi: 16 verschiedene Vibrationsfrequenzen<\/li>\n<li>Merkmale: Wasserdicht und phthalatfrei<\/li>\n<li>Material: Medizinisches Silikon<\/li>\n<li>Gr\u00f6\u00dfe:180*30mm<\/li>\n<li>Stromversorgung: Magnetische USB-Ladung<\/li>\n<li>Aufladezeit: 2-3 Stunden<\/li>\n<li>Nutzungsdauer: &gt;2 Stunden<\/li>\n<li>Entfernung zur Fernbedienung: 10 Meter<\/li>\n<\/ul>","protected":false},"featured_media":33010,"comment_status":"open","ping_status":"closed","template":"","meta":{"_seopress_robots_primary_cat":"","_seopress_titles_title":"","_seopress_titles_desc":"","_seopress_robots_index":""},"store":[4242],"product_brand":[],"product_cat":[4228],"product_tag":[3936],"class_list":{"0":"post-32829","1":"product","2":"type-product","3":"status-publish","4":"has-post-thumbnail","6":"store-levett","7":"product_cat-wireless-sex-toys","8":"product_tag-for-women","10":"first","11":"instock","12":"taxable","13":"shipping-taxable","14":"product-type-variable"},"_links":{"self":[{"href":"https:\/\/sextoysproductstore.com\/de\/wp-json\/wp\/v2\/product\/32829","targetHints":{"allow":["GET"]}}],"collection":[{"href":"https:\/\/sextoysproductstore.com\/de\/wp-json\/wp\/v2\/product"}],"about":[{"href":"https:\/\/sextoysproductstore.com\/de\/wp-json\/wp\/v2\/types\/product"}],"replies":[{"embeddable":true,"href":"https:\/\/sextoysproductstore.com\/de\/wp-json\/wp\/v2\/comments?post=32829"}],"version-history":[{"count":0,"href":"https:\/\/sextoysproductstore.com\/de\/wp-json\/wp\/v2\/product\/32829\/revisions"}],"wp:featuredmedia":[{"embeddable":true,"href":"https:\/\/sextoysproductstore.com\/de\/wp-json\/wp\/v2\/media\/33010"}],"wp:attachment":[{"href":"https:\/\/sextoysproductstore.com\/de\/wp-json\/wp\/v2\/media?parent=32829"}],"wp:term":[{"taxonomy":"store","embeddable":true,"href":"https:\/\/sextoysproductstore.com\/de\/wp-json\/wp\/v2\/store?post=32829"},{"taxonomy":"product_brand","embeddable":true,"href":"https:\/\/sextoysproductstore.com\/de\/wp-json\/wp\/v2\/product_brand?post=32829"},{"taxonomy":"product_cat","embeddable":true,"href":"https:\/\/sextoysproductstore.com\/de\/wp-json\/wp\/v2\/product_cat?post=32829"},{"taxonomy":"product_tag","embeddable":true,"href":"https:\/\/sextoysproductstore.com\/de\/wp-json\/wp\/v2\/product_tag?post=32829"}],"curies":[{"name":"wp","href":"https:\/\/api.w.org\/{rel}","templated":true}]}}