{"id":32803,"date":"2022-05-22T16:07:53","date_gmt":"2022-05-22T14:07:53","guid":{"rendered":"https:\/\/sextoysproductstore.com\/store\/uncategorized\/clitoral-sucking-vibrator-app-control-sex-toys-for-women-clit-sucker-dildo-vibrator-g-spot-nipple-vacuum-stimulator-sex-products\/"},"modified":"2026-04-10T03:59:42","modified_gmt":"2026-04-10T01:59:42","slug":"levett-app-control-clitoral-sucking-dildo-g-spot-vacuum-stimulator","status":"publish","type":"product","link":"https:\/\/sextoysproductstore.com\/de\/store\/wireless-sex-toys\/levett-app-control-clitoral-sucking-dildo-g-spot-vacuum-stimulator\/","title":{"rendered":"LEVETT App Control Klitoris-Saugdildo G Spot Vakuum Stimulator"},"content":{"rendered":"<p class=\"detail-desc-decorate-content\" align=\"start\">APP Control Version Funktion:<\/p>\n<ol>\n<li class=\"detail-desc-decorate-content\">Classic mode: 6 vibration frequency &amp; 6 sucking frequency<\/li>\n<li class=\"detail-desc-decorate-content\">Musik-Modus: Sie k\u00f6nnen Musik abspielen, w\u00e4hrend Sie das Spielzeug benutzen. Die Musikmelodie wird die Vibrationsfrequenz \u00e4ndern<\/li>\n<li class=\"detail-desc-decorate-content\">Sch\u00fcttelmodus: Durch Sch\u00fctteln des Telefons k\u00f6nnen Sie die Frequenz und Intensit\u00e4t der Vibration steuern<\/li>\n<li class=\"detail-desc-decorate-content\" data-spm-anchor-id=\"a2g0o.detail.1000023.i0.51bad361OlbpZm\">Touch mode: By sliding your finger on the phone screen to control the vibration frequency and intensity<\/li>\n<li class=\"detail-desc-decorate-content\" data-spm-anchor-id=\"a2g0o.detail.1000023.i0.51bad361OlbpZm\">Interaktiver Modus: F\u00fcgen Sie Freunde hinzu, um die Vibratoren der anderen zu steuern und k\u00f6nnen Sie Videoanrufe t\u00e4tigen. So macht es mehr Spa\u00df!<\/li>\n<\/ol>","protected":false},"excerpt":{"rendered":"<ul>\n<li class=\"detail-desc-decorate-content\">Type: Sucking Stimulation vibrator<\/li>\n<li class=\"detail-desc-decorate-content\">Funktion: 6 Vibrationsmodi &amp; 6 Saugmodi<\/li>\n<li class=\"detail-desc-decorate-content\">Material: Medizinisches Silikon &amp; ABS<\/li>\n<li class=\"detail-desc-decorate-content\">Merkmale: Wasserdicht und phthalatfrei<\/li>\n<li class=\"detail-desc-decorate-content\">Gr\u00f6\u00dfe: 100mm*77mm*70mm<\/li>\n<li class=\"detail-desc-decorate-content\">Akku: Magnetische USB-Ladung<\/li>\n<\/ul>","protected":false},"featured_media":33014,"comment_status":"open","ping_status":"closed","template":"","meta":{"_seopress_robots_primary_cat":"","_seopress_titles_title":"","_seopress_titles_desc":"","_seopress_robots_index":""},"store":[4242],"product_brand":[],"product_cat":[4228],"product_tag":[3936],"class_list":{"0":"post-32803","1":"product","2":"type-product","3":"status-publish","4":"has-post-thumbnail","6":"store-levett","7":"product_cat-wireless-sex-toys","8":"product_tag-for-women","10":"first","11":"outofstock","12":"taxable","13":"shipping-taxable","14":"product-type-variable"},"_links":{"self":[{"href":"https:\/\/sextoysproductstore.com\/de\/wp-json\/wp\/v2\/product\/32803","targetHints":{"allow":["GET"]}}],"collection":[{"href":"https:\/\/sextoysproductstore.com\/de\/wp-json\/wp\/v2\/product"}],"about":[{"href":"https:\/\/sextoysproductstore.com\/de\/wp-json\/wp\/v2\/types\/product"}],"replies":[{"embeddable":true,"href":"https:\/\/sextoysproductstore.com\/de\/wp-json\/wp\/v2\/comments?post=32803"}],"version-history":[{"count":0,"href":"https:\/\/sextoysproductstore.com\/de\/wp-json\/wp\/v2\/product\/32803\/revisions"}],"wp:featuredmedia":[{"embeddable":true,"href":"https:\/\/sextoysproductstore.com\/de\/wp-json\/wp\/v2\/media\/33014"}],"wp:attachment":[{"href":"https:\/\/sextoysproductstore.com\/de\/wp-json\/wp\/v2\/media?parent=32803"}],"wp:term":[{"taxonomy":"store","embeddable":true,"href":"https:\/\/sextoysproductstore.com\/de\/wp-json\/wp\/v2\/store?post=32803"},{"taxonomy":"product_brand","embeddable":true,"href":"https:\/\/sextoysproductstore.com\/de\/wp-json\/wp\/v2\/product_brand?post=32803"},{"taxonomy":"product_cat","embeddable":true,"href":"https:\/\/sextoysproductstore.com\/de\/wp-json\/wp\/v2\/product_cat?post=32803"},{"taxonomy":"product_tag","embeddable":true,"href":"https:\/\/sextoysproductstore.com\/de\/wp-json\/wp\/v2\/product_tag?post=32803"}],"curies":[{"name":"wp","href":"https:\/\/api.w.org\/{rel}","templated":true}]}}