{"id":32795,"date":"2022-05-22T16:07:50","date_gmt":"2022-05-22T14:07:50","guid":{"rendered":"https:\/\/sextoysproductstore.com\/store\/uncategorized\/electric-shock-pulse-man-prostate-massage-vibrators-sex-toy-for-men-wireless-rotation-male-anal-butt-plug-stimulator-masturbator\/"},"modified":"2026-04-10T03:59:17","modified_gmt":"2026-04-10T01:59:17","slug":"levett-wireless-rotation-electric-pulse-prostate-massager-butt-plug-masturbator","status":"publish","type":"product","link":"https:\/\/sextoysproductstore.com\/de\/store\/wireless-sex-toys\/levett-wireless-rotation-electric-pulse-prostate-massager-butt-plug-masturbator\/","title":{"rendered":"LEVETT Wireless Rotation Elektrischer Puls Prostata Massager Butt Plug Masturbator"},"content":{"rendered":"<p align=\"start\">APP Version Function (Not for controller version):<\/p>\n<ol>\n<li>Klassischer Modus: 9 Vibrationsfrequenzen<\/li>\n<li>Musik-Modus: Sie k\u00f6nnen Musik abspielen, w\u00e4hrend Sie das Spielzeug benutzen. Die Musikmelodie wird die Vibrationsfrequenz \u00e4ndern<\/li>\n<li data-spm-anchor-id=\"a2g0o.detail.1000023.i0.5ab71530HPdtkU\">Touch mode: \u00a0By sliding your finger on the phone screen to control the vibration frequency and intensity<\/li>\n<li data-spm-anchor-id=\"a2g0o.detail.1000023.i0.5ab71530HPdtkU\">Sch\u00fcttelmodus: Durch Sch\u00fctteln des Telefons k\u00f6nnen Sie die Frequenz und Intensit\u00e4t der Vibration steuern<\/li>\n<li data-spm-anchor-id=\"a2g0o.detail.1000023.i0.5ab71530HPdtkU\">Interaktiver Modus: F\u00fcgen Sie Freunde hinzu, um die Vibratoren der anderen zu steuern und k\u00f6nnen Sie Videoanrufe t\u00e4tigen. Es wird mehr Spa\u00df machen!<\/li>\n<\/ol>","protected":false},"excerpt":{"rendered":"<ul>\n<li class=\"detail-desc-decorate-content\">Function: 2 Motors, 3 rotation \/ 16 vibration modes (App version 9 vibration modes) \/ 16 Electric stimulate modes \/ Heating<\/li>\n<li class=\"detail-desc-decorate-content\">Material: Medical grade silicone &amp; ABS &amp; Metal<\/li>\n<li class=\"detail-desc-decorate-content\">Merkmale: Wasserdicht und phthalatfrei<\/li>\n<li class=\"detail-desc-decorate-content\">Battery: USB charging<\/li>\n<li class=\"detail-desc-decorate-content\">Farbe: Schwarz<\/li>\n<\/ul>","protected":false},"featured_media":33015,"comment_status":"open","ping_status":"closed","template":"","meta":{"_seopress_robots_primary_cat":"","_seopress_titles_title":"","_seopress_titles_desc":"","_seopress_robots_index":""},"store":[4242],"product_brand":[],"product_cat":[4228],"product_tag":[3935],"class_list":{"0":"post-32795","1":"product","2":"type-product","3":"status-publish","4":"has-post-thumbnail","6":"store-levett","7":"product_cat-wireless-sex-toys","8":"product_tag-for-men","10":"first","11":"outofstock","12":"taxable","13":"shipping-taxable","14":"product-type-variable"},"_links":{"self":[{"href":"https:\/\/sextoysproductstore.com\/de\/wp-json\/wp\/v2\/product\/32795","targetHints":{"allow":["GET"]}}],"collection":[{"href":"https:\/\/sextoysproductstore.com\/de\/wp-json\/wp\/v2\/product"}],"about":[{"href":"https:\/\/sextoysproductstore.com\/de\/wp-json\/wp\/v2\/types\/product"}],"replies":[{"embeddable":true,"href":"https:\/\/sextoysproductstore.com\/de\/wp-json\/wp\/v2\/comments?post=32795"}],"version-history":[{"count":0,"href":"https:\/\/sextoysproductstore.com\/de\/wp-json\/wp\/v2\/product\/32795\/revisions"}],"wp:featuredmedia":[{"embeddable":true,"href":"https:\/\/sextoysproductstore.com\/de\/wp-json\/wp\/v2\/media\/33015"}],"wp:attachment":[{"href":"https:\/\/sextoysproductstore.com\/de\/wp-json\/wp\/v2\/media?parent=32795"}],"wp:term":[{"taxonomy":"store","embeddable":true,"href":"https:\/\/sextoysproductstore.com\/de\/wp-json\/wp\/v2\/store?post=32795"},{"taxonomy":"product_brand","embeddable":true,"href":"https:\/\/sextoysproductstore.com\/de\/wp-json\/wp\/v2\/product_brand?post=32795"},{"taxonomy":"product_cat","embeddable":true,"href":"https:\/\/sextoysproductstore.com\/de\/wp-json\/wp\/v2\/product_cat?post=32795"},{"taxonomy":"product_tag","embeddable":true,"href":"https:\/\/sextoysproductstore.com\/de\/wp-json\/wp\/v2\/product_tag?post=32795"}],"curies":[{"name":"wp","href":"https:\/\/api.w.org\/{rel}","templated":true}]}}