{"id":30575,"date":"2021-10-23T14:06:48","date_gmt":"2021-10-23T12:06:48","guid":{"rendered":"https:\/\/sextoysproductstore.com\/store\/uncategorized\/electric-shock-vibrating-egg-vibrators-for-women-wireless-g-spot-clitoris-stimulator-sex-toy-massager-vagina-exercise-kegel-ball\/"},"modified":"2026-04-10T03:45:56","modified_gmt":"2026-04-10T01:45:56","slug":"levett-pulse-shock-g-spot-clitoris-stimulator-kegel-ball-egg-vibrator","status":"publish","type":"product","link":"https:\/\/sextoysproductstore.com\/de\/store\/wireless-sex-toys\/levett-pulse-shock-g-spot-clitoris-stimulator-kegel-ball-egg-vibrator\/","title":{"rendered":"LEVETT Pulse Shock G Spot Klitoris Stimulator Kegel Ball Ei Vibrator"},"content":{"rendered":"<p>Warum sollten Sie sich f\u00fcr unseren Kegelball-Eiervibrator entscheiden?<\/p>\n<ol>\n<li>Ein Frequenzimpuls mit niedriger Intensit\u00e4t kann die Heilung verletzter Nerven f\u00f6rdern, Schmerzen lindern und eine therapeutische Wirkung auf die Wiederherstellung der Leitungsfunktion haben. Viele Frauen, insbesondere Frauen nach der Geburt, haben das Problem der vaginalen Entspannung, und unser Kegelball soll das Problem der vaginalen Entspannung von Frauen durch k\u00f6rperliche \u00dcbung l\u00f6sen.<\/li>\n<li>Benutzen Sie unseren Eiervibrator, um den Vaginalmuskel zu entspannen und die vaginale Lubrikation zu erh\u00f6hen, wodurch Sie leichter zum Orgasmus kommen. Die elektrische Stimulation verbessert die Blutzirkulation in der Vagina und macht sie straffer.<\/li>\n<li>Der Vibrator ist aus hochwertigem medizinischem Silikon gefertigt. Der Eiervibrator ist ideal f\u00fcr die \u00e4u\u00dfere Stimulation und geeignet f\u00fcr das Tragen im Inneren.<\/li>\n<li>Warum tragen Sie dieses stimulierende Ei nicht einfach beim Vorspiel mit Ihrem Partner? Die 16 Vibrationsgeschwindigkeiten und die Elektroschocks, die intensive Empfindungen im ganzen K\u00f6rper ausl\u00f6sen, sind ideal f\u00fcr das erste Mal.<\/li>\n<\/ol>","protected":false},"excerpt":{"rendered":"<ul>\n<li>Merkmale: Wasserdicht, Phthalatfrei<\/li>\n<li>Stromversorgung: Magnetische USB-Ladung<\/li>\n<li>Material: Medizinisches Silikon<\/li>\n<li>Modi: 16 verschiedene Vibrationsfrequenzen<\/li>\n<li>Gr\u00f6\u00dfe:180*30mm<\/li>\n<li>Aufladezeit: 2-3 Stunden<\/li>\n<li>Nutzungsdauer: &gt;2 Stunden<\/li>\n<li>Entfernung zur Fernbedienung: 10 Meter<\/li>\n<\/ul>","protected":false},"featured_media":30679,"comment_status":"open","ping_status":"closed","template":"","meta":{"_seopress_robots_primary_cat":"","_seopress_titles_title":"","_seopress_titles_desc":"","_seopress_robots_index":""},"store":[4242],"product_brand":[],"product_cat":[4228],"product_tag":[3936],"class_list":{"0":"post-30575","1":"product","2":"type-product","3":"status-publish","4":"has-post-thumbnail","6":"store-levett","7":"product_cat-wireless-sex-toys","8":"product_tag-for-women","10":"first","11":"outofstock","12":"sale","13":"taxable","14":"shipping-taxable","15":"purchasable","16":"product-type-variable"},"_links":{"self":[{"href":"https:\/\/sextoysproductstore.com\/de\/wp-json\/wp\/v2\/product\/30575","targetHints":{"allow":["GET"]}}],"collection":[{"href":"https:\/\/sextoysproductstore.com\/de\/wp-json\/wp\/v2\/product"}],"about":[{"href":"https:\/\/sextoysproductstore.com\/de\/wp-json\/wp\/v2\/types\/product"}],"replies":[{"embeddable":true,"href":"https:\/\/sextoysproductstore.com\/de\/wp-json\/wp\/v2\/comments?post=30575"}],"version-history":[{"count":0,"href":"https:\/\/sextoysproductstore.com\/de\/wp-json\/wp\/v2\/product\/30575\/revisions"}],"wp:featuredmedia":[{"embeddable":true,"href":"https:\/\/sextoysproductstore.com\/de\/wp-json\/wp\/v2\/media\/30679"}],"wp:attachment":[{"href":"https:\/\/sextoysproductstore.com\/de\/wp-json\/wp\/v2\/media?parent=30575"}],"wp:term":[{"taxonomy":"store","embeddable":true,"href":"https:\/\/sextoysproductstore.com\/de\/wp-json\/wp\/v2\/store?post=30575"},{"taxonomy":"product_brand","embeddable":true,"href":"https:\/\/sextoysproductstore.com\/de\/wp-json\/wp\/v2\/product_brand?post=30575"},{"taxonomy":"product_cat","embeddable":true,"href":"https:\/\/sextoysproductstore.com\/de\/wp-json\/wp\/v2\/product_cat?post=30575"},{"taxonomy":"product_tag","embeddable":true,"href":"https:\/\/sextoysproductstore.com\/de\/wp-json\/wp\/v2\/product_tag?post=30575"}],"curies":[{"name":"wp","href":"https:\/\/api.w.org\/{rel}","templated":true}]}}