{"id":30534,"date":"2021-10-16T02:19:41","date_gmt":"2021-10-16T00:19:41","guid":{"rendered":"https:\/\/sextoysproductstore.com\/store\/uncategorized\/male-penis-ring-cock-rings-silicone-lock-ejaculation-sex-toys-for-men-adult-ball-stretcher-anillo-hombre-cockring-sex-products\/"},"modified":"2026-04-11T17:23:18","modified_gmt":"2026-04-11T15:23:18","slug":"levett-penis-cock-ring-from-top-grade-quality-silicone","status":"publish","type":"product","link":"https:\/\/sextoysproductstore.com\/de\/store\/cock-rings\/levett-penis-cock-ring-from-top-grade-quality-silicone\/","title":{"rendered":"LEVETT Penis Cock Ring aus hochwertigem Qualit\u00e4tssilikon"},"content":{"rendered":"","protected":false},"excerpt":{"rendered":"<p>Im Gegensatz zu anderen Billigprodukten sind die Produkte von LEVETT aus hochwertigem Silikon hergestellt, ungiftig und sehr sicher f\u00fcr Ihren Intimbereich. Qualit\u00e4t ist das oberste Gebot von LEVETT.<\/p>\n<ul>\n<li>Dickes Design. Bequemer und effektiver als andere d\u00fcnne Penisringe<\/li>\n<li>Dehnbar und elastisch f\u00fcr alle Gr\u00f6\u00dfen.<\/li>\n<li>Effektiv hemmen Ejakulation, k\u00f6rperliche Hilfe Erektionen.<\/li>\n<li>F\u00fcr die Behandlung oder Kontrolle der erektilen Dysfunktion Impotenz.<\/li>\n<li>Material: Medizinisches Silikon.<\/li>\n<\/ul>","protected":false},"featured_media":30680,"comment_status":"open","ping_status":"closed","template":"","meta":{"_seopress_robots_primary_cat":"","_seopress_titles_title":"","_seopress_titles_desc":"","_seopress_robots_index":""},"store":[4242],"product_brand":[],"product_cat":[3352],"product_tag":[3935],"class_list":{"0":"post-30534","1":"product","2":"type-product","3":"status-publish","4":"has-post-thumbnail","6":"store-levett","7":"product_cat-cock-rings","8":"product_tag-for-men","10":"first","11":"outofstock","12":"sale","13":"taxable","14":"shipping-taxable","15":"purchasable","16":"product-type-variable"},"_links":{"self":[{"href":"https:\/\/sextoysproductstore.com\/de\/wp-json\/wp\/v2\/product\/30534","targetHints":{"allow":["GET"]}}],"collection":[{"href":"https:\/\/sextoysproductstore.com\/de\/wp-json\/wp\/v2\/product"}],"about":[{"href":"https:\/\/sextoysproductstore.com\/de\/wp-json\/wp\/v2\/types\/product"}],"replies":[{"embeddable":true,"href":"https:\/\/sextoysproductstore.com\/de\/wp-json\/wp\/v2\/comments?post=30534"}],"version-history":[{"count":0,"href":"https:\/\/sextoysproductstore.com\/de\/wp-json\/wp\/v2\/product\/30534\/revisions"}],"wp:featuredmedia":[{"embeddable":true,"href":"https:\/\/sextoysproductstore.com\/de\/wp-json\/wp\/v2\/media\/30680"}],"wp:attachment":[{"href":"https:\/\/sextoysproductstore.com\/de\/wp-json\/wp\/v2\/media?parent=30534"}],"wp:term":[{"taxonomy":"store","embeddable":true,"href":"https:\/\/sextoysproductstore.com\/de\/wp-json\/wp\/v2\/store?post=30534"},{"taxonomy":"product_brand","embeddable":true,"href":"https:\/\/sextoysproductstore.com\/de\/wp-json\/wp\/v2\/product_brand?post=30534"},{"taxonomy":"product_cat","embeddable":true,"href":"https:\/\/sextoysproductstore.com\/de\/wp-json\/wp\/v2\/product_cat?post=30534"},{"taxonomy":"product_tag","embeddable":true,"href":"https:\/\/sextoysproductstore.com\/de\/wp-json\/wp\/v2\/product_tag?post=30534"}],"curies":[{"name":"wp","href":"https:\/\/api.w.org\/{rel}","templated":true}]}}