{"id":29349,"date":"2021-06-11T04:15:18","date_gmt":"2021-06-11T02:15:18","guid":{"rendered":"https:\/\/sextoysproductstore.com\/store\/uncategorized\/new-app-control-vibrating-egg-vibrators-sex-toys-for-women-wireless-g-spot-stimulator-panties-vibrator-ben-wa-vaginal-kegel-ball\/"},"modified":"2026-04-10T03:38:00","modified_gmt":"2026-04-10T01:38:00","slug":"levett-app-control-waterproof-ben-wa-kegel-ball-g-spot-vibrator","status":"publish","type":"product","link":"https:\/\/sextoysproductstore.com\/de\/store\/wireless-sex-toys\/levett-app-control-waterproof-ben-wa-kegel-ball-g-spot-vibrator\/","title":{"rendered":"LEVETT App Steuerung Ben Wa Kegel Ball G Spot Vibrator"},"content":{"rendered":"<p>APP-Funktion: Einfache Bedienoberfl\u00e4che<\/p>\n<ol>\n<li>Klassischer Modus: 9 Vibrationsfrequenzen<\/li>\n<li>Musik-Modus: Sie k\u00f6nnen Musik abspielen, w\u00e4hrend Sie das Spielzeug benutzen. Die Musikmelodie wird die Vibrationsfrequenz \u00e4ndern<\/li>\n<li>Sch\u00fcttelmodus: Durch Sch\u00fctteln des Telefons k\u00f6nnen Sie die Frequenz und Intensit\u00e4t der Vibration steuern<\/li>\n<li>Interaktiver Modus: F\u00fcgen Sie Freunde hinzu, um die Vibratoren der anderen zu steuern und k\u00f6nnen Sie Videoanrufe t\u00e4tigen. Es wird mehr Spa\u00df machen!<\/li>\n<\/ol>","protected":false},"excerpt":{"rendered":"<ul>\n<li>Typ: App-Steuerung magnetische Aufladung Sexspielzeug Vibrator<\/li>\n<li>Modi: 9 verschiedene Vibrationsfrequenzen<\/li>\n<li>Merkmale: Wasserdicht, Phthalatfrei<\/li>\n<li>Material: Medizinisches Silikon<\/li>\n<li>Gr\u00f6\u00dfe:180*30mm<\/li>\n<li>Stromversorgung: USB-Ladung<\/li>\n<li>Aufladezeit: 2-3 Stunden<\/li>\n<li>Nutzungsdauer: &gt;2 Stunden<\/li>\n<\/ul>","protected":false},"featured_media":30683,"comment_status":"open","ping_status":"closed","template":"","meta":{"_seopress_robots_primary_cat":"","_seopress_titles_title":"","_seopress_titles_desc":"LEVETT 9 vibration frequency Ben Wa Kegel Ball G Spot Vibrator with App Control. Add friends to control each other's vibrators.","_seopress_robots_index":""},"store":[4242],"product_brand":[],"product_cat":[4228],"product_tag":[3936],"class_list":{"0":"post-29349","1":"product","2":"type-product","3":"status-publish","4":"has-post-thumbnail","6":"store-levett","7":"product_cat-wireless-sex-toys","8":"product_tag-for-women","10":"first","11":"outofstock","12":"sale","13":"taxable","14":"shipping-taxable","15":"purchasable","16":"product-type-variable"},"_links":{"self":[{"href":"https:\/\/sextoysproductstore.com\/de\/wp-json\/wp\/v2\/product\/29349","targetHints":{"allow":["GET"]}}],"collection":[{"href":"https:\/\/sextoysproductstore.com\/de\/wp-json\/wp\/v2\/product"}],"about":[{"href":"https:\/\/sextoysproductstore.com\/de\/wp-json\/wp\/v2\/types\/product"}],"replies":[{"embeddable":true,"href":"https:\/\/sextoysproductstore.com\/de\/wp-json\/wp\/v2\/comments?post=29349"}],"version-history":[{"count":0,"href":"https:\/\/sextoysproductstore.com\/de\/wp-json\/wp\/v2\/product\/29349\/revisions"}],"wp:featuredmedia":[{"embeddable":true,"href":"https:\/\/sextoysproductstore.com\/de\/wp-json\/wp\/v2\/media\/30683"}],"wp:attachment":[{"href":"https:\/\/sextoysproductstore.com\/de\/wp-json\/wp\/v2\/media?parent=29349"}],"wp:term":[{"taxonomy":"store","embeddable":true,"href":"https:\/\/sextoysproductstore.com\/de\/wp-json\/wp\/v2\/store?post=29349"},{"taxonomy":"product_brand","embeddable":true,"href":"https:\/\/sextoysproductstore.com\/de\/wp-json\/wp\/v2\/product_brand?post=29349"},{"taxonomy":"product_cat","embeddable":true,"href":"https:\/\/sextoysproductstore.com\/de\/wp-json\/wp\/v2\/product_cat?post=29349"},{"taxonomy":"product_tag","embeddable":true,"href":"https:\/\/sextoysproductstore.com\/de\/wp-json\/wp\/v2\/product_tag?post=29349"}],"curies":[{"name":"wp","href":"https:\/\/api.w.org\/{rel}","templated":true}]}}