{"id":28412,"date":"2021-03-05T12:58:33","date_gmt":"2021-03-05T12:58:33","guid":{"rendered":"https:\/\/sextoysproductstore.com\/store\/uncategorized\/male-mastubator-for-men-penis-dual-rings-masturbating-machine-penis-delay-trainer-ring-gay-sex-toys-for-women-couple-no-vibrator\/"},"modified":"2026-04-10T03:24:15","modified_gmt":"2026-04-10T01:24:15","slug":"yafei-dual-cock-ring-masturbating-delay-trainer-penis-machine","status":"publish","type":"product","link":"https:\/\/sextoysproductstore.com\/de\/store\/cock-rings\/yafei-dual-cock-ring-masturbating-delay-trainer-penis-machine\/","title":{"rendered":"Yafei Dual Cock Ring Masturbieren Verz\u00f6gerung Trainer Penis Maschine"},"content":{"rendered":"","protected":false},"excerpt":{"rendered":"<p>Elastizit\u00e4t Design ist f\u00fcr jede Gr\u00f6\u00dfe Penis geeignet. Die Silikonringe sind dehnbar und bequem. Liefern eine festere, l\u00e4nger anhaltende Erektion. Langes Dr\u00fccken der Power-Taste 2~3 Sekunden zum Ein-\/Ausschalten, kurzes Dr\u00fccken der Power-Taste zum Wechseln der Vibrationsmodi.<\/p>\n<ul>\n<li>10-speed vibration<\/li>\n<li>Wasserdichtes Design<\/li>\n<li>Farbe: Schwarz<\/li>\n<li>Material: Silikon + ABS<\/li>\n<li>Funktion: 10 Modi der Vibration<\/li>\n<li>Aufladen: USB Wiederaufladbar<\/li>\n<li>Gr\u00f6\u00dfe: Wie die Bilder zeigen<\/li>\n<\/ul>","protected":false},"featured_media":28958,"comment_status":"open","ping_status":"closed","template":"","meta":{"_seopress_robots_primary_cat":"","_seopress_titles_title":"","_seopress_titles_desc":"","_seopress_robots_index":""},"store":[4215],"product_brand":[],"product_cat":[3352],"product_tag":[3935],"class_list":{"0":"post-28412","1":"product","2":"type-product","3":"status-publish","4":"has-post-thumbnail","6":"store-yafei","7":"product_cat-cock-rings","8":"product_tag-for-men","10":"first","11":"outofstock","12":"sale","13":"taxable","14":"shipping-taxable","15":"purchasable","16":"product-type-variable"},"_links":{"self":[{"href":"https:\/\/sextoysproductstore.com\/de\/wp-json\/wp\/v2\/product\/28412","targetHints":{"allow":["GET"]}}],"collection":[{"href":"https:\/\/sextoysproductstore.com\/de\/wp-json\/wp\/v2\/product"}],"about":[{"href":"https:\/\/sextoysproductstore.com\/de\/wp-json\/wp\/v2\/types\/product"}],"replies":[{"embeddable":true,"href":"https:\/\/sextoysproductstore.com\/de\/wp-json\/wp\/v2\/comments?post=28412"}],"version-history":[{"count":0,"href":"https:\/\/sextoysproductstore.com\/de\/wp-json\/wp\/v2\/product\/28412\/revisions"}],"wp:featuredmedia":[{"embeddable":true,"href":"https:\/\/sextoysproductstore.com\/de\/wp-json\/wp\/v2\/media\/28958"}],"wp:attachment":[{"href":"https:\/\/sextoysproductstore.com\/de\/wp-json\/wp\/v2\/media?parent=28412"}],"wp:term":[{"taxonomy":"store","embeddable":true,"href":"https:\/\/sextoysproductstore.com\/de\/wp-json\/wp\/v2\/store?post=28412"},{"taxonomy":"product_brand","embeddable":true,"href":"https:\/\/sextoysproductstore.com\/de\/wp-json\/wp\/v2\/product_brand?post=28412"},{"taxonomy":"product_cat","embeddable":true,"href":"https:\/\/sextoysproductstore.com\/de\/wp-json\/wp\/v2\/product_cat?post=28412"},{"taxonomy":"product_tag","embeddable":true,"href":"https:\/\/sextoysproductstore.com\/de\/wp-json\/wp\/v2\/product_tag?post=28412"}],"curies":[{"name":"wp","href":"https:\/\/api.w.org\/{rel}","templated":true}]}}