{"id":28052,"date":"2021-02-15T11:17:31","date_gmt":"2021-02-15T10:17:31","guid":{"rendered":"https:\/\/sextoysproductstore.com\/store\/uncategorized\/sucking-vibrator-clit-nipple-sucker-for-women-men-dildo-clitoris-stimulator-pussy-oral-blowjob-etotic-sex-toys-for-adult-couple\/"},"modified":"2026-04-11T17:00:37","modified_gmt":"2026-04-11T15:00:37","slug":"safiman-sucking-clit-nipple-vibrator-clitoris-stimulator","status":"publish","type":"product","link":"https:\/\/sextoysproductstore.com\/de\/store\/vibrators\/clitoral-vibrators\/safiman-sucking-clit-nipple-vibrator-clitoris-stimulator\/","title":{"rendered":"Safiman Lutschen Klitoris Nippel Vibrator Klitoris Stimulator"},"content":{"rendered":"<ul>\n<li>VACUUM CLIT SUCKING: Das Saugmassageger\u00e4t wurde entwickelt, um ein realistisches orales Vergn\u00fcgen zu simulieren, saugt und vibriert die Klitoris oder Brustwarzen mit 10 verschiedenen Modi von sanft bis wild, lassen Sie die neue H\u00f6hepunkt Erfahrung haben<\/li>\n<li>100% K\u00d6RPERSICHER, EINFACH ZU REINIGEN: Wir verwenden nur erstklassiges, seidenweiches, FDA-zugelassenes Silikon f\u00fcr alle unsere Produkte. Es ist hypoallergen, hygienisch, seidig, gesund, geruchlos und leicht zu reinigen.<\/li>\n<li>Wiederaufladbar: Er wird mit einem USB-Ladekabel geliefert, so dass Sie ihn \u00fcberall aufladen k\u00f6nnen. Eine einzige Ladung reicht f\u00fcr mehr als 1 Stunde!<\/li>\n<\/ul>","protected":false},"excerpt":{"rendered":"<ul>\n<li>Betriebsart: 10 Frequenz<\/li>\n<li>Farbe: Rosenrot, Lila, Fleisch<\/li>\n<li>Produkt Meterial: Silikon<\/li>\n<li>Ger\u00e4uschpegel: &lt;50 db<\/li>\n<li>Stromversorgung: Eingebauter Akku, \u00fcber USB wiederaufladbar<\/li>\n<\/ul>","protected":false},"featured_media":28151,"comment_status":"open","ping_status":"closed","template":"","meta":{"_seopress_robots_primary_cat":"","_seopress_titles_title":"","_seopress_titles_desc":"","_seopress_robots_index":""},"store":[4032],"product_brand":[],"product_cat":[3788,3305],"product_tag":[3936],"class_list":{"0":"post-28052","1":"product","2":"type-product","3":"status-publish","4":"has-post-thumbnail","6":"store-safiman","7":"product_cat-clitoral-vibrators","8":"product_cat-vibrators","9":"product_tag-for-women","11":"first","12":"instock","13":"sale","14":"taxable","15":"shipping-taxable","16":"purchasable","17":"product-type-simple"},"_links":{"self":[{"href":"https:\/\/sextoysproductstore.com\/de\/wp-json\/wp\/v2\/product\/28052","targetHints":{"allow":["GET"]}}],"collection":[{"href":"https:\/\/sextoysproductstore.com\/de\/wp-json\/wp\/v2\/product"}],"about":[{"href":"https:\/\/sextoysproductstore.com\/de\/wp-json\/wp\/v2\/types\/product"}],"replies":[{"embeddable":true,"href":"https:\/\/sextoysproductstore.com\/de\/wp-json\/wp\/v2\/comments?post=28052"}],"version-history":[{"count":0,"href":"https:\/\/sextoysproductstore.com\/de\/wp-json\/wp\/v2\/product\/28052\/revisions"}],"wp:featuredmedia":[{"embeddable":true,"href":"https:\/\/sextoysproductstore.com\/de\/wp-json\/wp\/v2\/media\/28151"}],"wp:attachment":[{"href":"https:\/\/sextoysproductstore.com\/de\/wp-json\/wp\/v2\/media?parent=28052"}],"wp:term":[{"taxonomy":"store","embeddable":true,"href":"https:\/\/sextoysproductstore.com\/de\/wp-json\/wp\/v2\/store?post=28052"},{"taxonomy":"product_brand","embeddable":true,"href":"https:\/\/sextoysproductstore.com\/de\/wp-json\/wp\/v2\/product_brand?post=28052"},{"taxonomy":"product_cat","embeddable":true,"href":"https:\/\/sextoysproductstore.com\/de\/wp-json\/wp\/v2\/product_cat?post=28052"},{"taxonomy":"product_tag","embeddable":true,"href":"https:\/\/sextoysproductstore.com\/de\/wp-json\/wp\/v2\/product_tag?post=28052"}],"curies":[{"name":"wp","href":"https:\/\/api.w.org\/{rel}","templated":true}]}}