{"id":26755,"date":"2021-02-09T19:44:32","date_gmt":"2021-02-09T18:44:32","guid":{"rendered":"https:\/\/sextoysproductstore.com\/store\/uncategorized\/soft-silicone-anal-butt-plug-prostate-massager-adult-gay-products-anal-plug-mini-erotic-bullet-vibrator-sex-toys-for-women-men-2\/"},"modified":"2026-04-10T03:13:53","modified_gmt":"2026-04-10T01:13:53","slug":"safiman-soft-silicone-anal-butt-plug-prostate-massager-black","status":"publish","type":"product","link":"https:\/\/sextoysproductstore.com\/de\/store\/anal-butt-plugs\/safiman-soft-silicone-anal-butt-plug-prostate-massager-black\/","title":{"rendered":"Safiman Soft Silikon Anal Butt Plug Prostata Massager Schwarz"},"content":{"rendered":"","protected":false},"excerpt":{"rendered":"<p>Anal Plugs sind aus weichem Silikon, glatte Ber\u00fchrung, bequem und sicher gemacht. Drei Gr\u00f6\u00dfen Plugs sind sowohl f\u00fcr Anf\u00e4nger als auch f\u00fcr Fortgeschrittene geeignet. Mini-Gr\u00f6\u00dfe in die Tasche stecken, um \u00fcberall zu genie\u00dfen.<\/p>\n<ul>\n<li>Vibrationsfrequenz: 10 Geschwindigkeiten<\/li>\n<li>Leistungsstark, aber leise, um die Privatsph\u00e4re zu wahren<\/li>\n<li>Wasserdicht<\/li>\n<li>Material: Silikon + ABS<\/li>\n<li>Anal Plug Gr\u00f6\u00dfe: S \/ M \/ L<\/li>\n<li>Gr\u00f6\u00dfe des Vibrators: 1,8 * 9 cm<\/li>\n<li>Enthalten: Anal Plug oder Anal Vibrator Set nach Ihrer Wahl<\/li>\n<\/ul>\n<div id=\"gtx-trans\" style=\"position: absolute; left: -23px; top: -8px;\">\n<div class=\"gtx-trans-icon\"><\/div>\n<\/div>","protected":false},"featured_media":27347,"comment_status":"open","ping_status":"closed","template":"","meta":{"_seopress_robots_primary_cat":"","_seopress_titles_title":"","_seopress_titles_desc":"","_seopress_robots_index":""},"store":[4032],"product_brand":[],"product_cat":[3685],"product_tag":[3935,3936],"class_list":{"0":"post-26755","1":"product","2":"type-product","3":"status-publish","4":"has-post-thumbnail","6":"store-safiman","7":"product_cat-anal-butt-plugs","8":"product_tag-for-men","9":"product_tag-for-women","11":"first","12":"outofstock","13":"taxable","14":"shipping-taxable","15":"product-type-variable"},"_links":{"self":[{"href":"https:\/\/sextoysproductstore.com\/de\/wp-json\/wp\/v2\/product\/26755","targetHints":{"allow":["GET"]}}],"collection":[{"href":"https:\/\/sextoysproductstore.com\/de\/wp-json\/wp\/v2\/product"}],"about":[{"href":"https:\/\/sextoysproductstore.com\/de\/wp-json\/wp\/v2\/types\/product"}],"replies":[{"embeddable":true,"href":"https:\/\/sextoysproductstore.com\/de\/wp-json\/wp\/v2\/comments?post=26755"}],"version-history":[{"count":0,"href":"https:\/\/sextoysproductstore.com\/de\/wp-json\/wp\/v2\/product\/26755\/revisions"}],"wp:featuredmedia":[{"embeddable":true,"href":"https:\/\/sextoysproductstore.com\/de\/wp-json\/wp\/v2\/media\/27347"}],"wp:attachment":[{"href":"https:\/\/sextoysproductstore.com\/de\/wp-json\/wp\/v2\/media?parent=26755"}],"wp:term":[{"taxonomy":"store","embeddable":true,"href":"https:\/\/sextoysproductstore.com\/de\/wp-json\/wp\/v2\/store?post=26755"},{"taxonomy":"product_brand","embeddable":true,"href":"https:\/\/sextoysproductstore.com\/de\/wp-json\/wp\/v2\/product_brand?post=26755"},{"taxonomy":"product_cat","embeddable":true,"href":"https:\/\/sextoysproductstore.com\/de\/wp-json\/wp\/v2\/product_cat?post=26755"},{"taxonomy":"product_tag","embeddable":true,"href":"https:\/\/sextoysproductstore.com\/de\/wp-json\/wp\/v2\/product_tag?post=26755"}],"curies":[{"name":"wp","href":"https:\/\/api.w.org\/{rel}","templated":true}]}}