{"id":26437,"date":"2021-02-04T17:32:19","date_gmt":"2021-02-04T16:32:19","guid":{"rendered":"https:\/\/sextoysproductstore.com\/store\/uncategorized\/male-masturbator-cup-soft-pussy-sex-toys-transparent-vagina-adult-endurance-exercise-sex-products-vacuum-pocket-cup-for-men\/"},"modified":"2026-04-11T16:19:01","modified_gmt":"2026-04-11T14:19:01","slug":"safiman-soft-pussy-endurance-exercise-masturbator-cup","status":"publish","type":"product","link":"https:\/\/sextoysproductstore.com\/de\/store\/male-masturbators\/safiman-soft-pussy-endurance-exercise-masturbator-cup\/","title":{"rendered":"Safiman Soft Pussy Ausdauer \u00dcbung Masturbator Cup"},"content":{"rendered":"","protected":false},"excerpt":{"rendered":"<p>Ein echtes Erlebnis der Nachahmung wie die fleischigen Kan\u00e4le und Texturen einer echten Pussy. Gro\u00dfe wellenf\u00f6rmige Kontaktreize, zusammen mit rhythmischen Kontraktionen, treiben das Vergn\u00fcgen auf die Spitze.<\/p>\n<ul>\n<li>Material: TPR\/ABS<\/li>\n<li>Farben: 6 Farben<\/li>\n<li>Transparentes Soft-Silikon Leicht zu reinigen<\/li>\n<li>Vakuum oder Bel\u00fcftung kann beliebig umgeschaltet werden<\/li>\n<li><strong>Gr\u00f6\u00dfe 1 und Gr\u00f6\u00dfe 2<\/strong>: Soft Mild Reibung Typ, Mildes Vergn\u00fcgen<\/li>\n<li><strong>Gr\u00f6\u00dfe 3 und Gr\u00f6\u00dfe 4<\/strong>: Weicher und fester Typ, starkes Vergn\u00fcgen<\/li>\n<li><strong>Gr\u00f6\u00dfe 5 und Gr\u00f6\u00dfe 6<\/strong>: Enge und Z\u00e4higkeit stimulieren die Gef\u00fchle<\/li>\n<\/ul>","protected":false},"featured_media":26456,"comment_status":"open","ping_status":"closed","template":"","meta":{"_seopress_robots_primary_cat":"","_seopress_titles_title":"","_seopress_titles_desc":"","_seopress_robots_index":""},"store":[4032],"product_brand":[],"product_cat":[3450],"product_tag":[3935],"class_list":{"0":"post-26437","1":"product","2":"type-product","3":"status-publish","4":"has-post-thumbnail","6":"store-safiman","7":"product_cat-male-masturbators","8":"product_tag-for-men","10":"first","11":"outofstock","12":"sale","13":"taxable","14":"shipping-taxable","15":"purchasable","16":"product-type-variable"},"_links":{"self":[{"href":"https:\/\/sextoysproductstore.com\/de\/wp-json\/wp\/v2\/product\/26437","targetHints":{"allow":["GET"]}}],"collection":[{"href":"https:\/\/sextoysproductstore.com\/de\/wp-json\/wp\/v2\/product"}],"about":[{"href":"https:\/\/sextoysproductstore.com\/de\/wp-json\/wp\/v2\/types\/product"}],"replies":[{"embeddable":true,"href":"https:\/\/sextoysproductstore.com\/de\/wp-json\/wp\/v2\/comments?post=26437"}],"version-history":[{"count":0,"href":"https:\/\/sextoysproductstore.com\/de\/wp-json\/wp\/v2\/product\/26437\/revisions"}],"wp:featuredmedia":[{"embeddable":true,"href":"https:\/\/sextoysproductstore.com\/de\/wp-json\/wp\/v2\/media\/26456"}],"wp:attachment":[{"href":"https:\/\/sextoysproductstore.com\/de\/wp-json\/wp\/v2\/media?parent=26437"}],"wp:term":[{"taxonomy":"store","embeddable":true,"href":"https:\/\/sextoysproductstore.com\/de\/wp-json\/wp\/v2\/store?post=26437"},{"taxonomy":"product_brand","embeddable":true,"href":"https:\/\/sextoysproductstore.com\/de\/wp-json\/wp\/v2\/product_brand?post=26437"},{"taxonomy":"product_cat","embeddable":true,"href":"https:\/\/sextoysproductstore.com\/de\/wp-json\/wp\/v2\/product_cat?post=26437"},{"taxonomy":"product_tag","embeddable":true,"href":"https:\/\/sextoysproductstore.com\/de\/wp-json\/wp\/v2\/product_tag?post=26437"}],"curies":[{"name":"wp","href":"https:\/\/api.w.org\/{rel}","templated":true}]}}