{"id":24998,"date":"2020-12-26T16:10:49","date_gmt":"2020-12-26T15:10:49","guid":{"rendered":"https:\/\/sextoysproductstore.com\/store\/uncategorized\/tenga-male-masturbator-realistic-vagina-real-pussy-pocket-silicone-vagina-artificial-adult-sex-toys-products-for-men\/"},"modified":"2026-04-10T03:07:45","modified_gmt":"2026-04-10T01:07:45","slug":"tenga-pocket-sizes-simple-masturbator-sleeves-for-a-quick-pick-up-and-go","status":"publish","type":"product","link":"https:\/\/sextoysproductstore.com\/de\/store\/male-masturbators\/tenga-pocket-sizes-simple-masturbator-sleeves-for-a-quick-pick-up-and-go\/","title":{"rendered":"TENGA Pocket-Sizes Simple Masturbator Sleeves f\u00fcr einen schnellen Pick-up und gehen"},"content":{"rendered":"<p>Einfache \u00c4rmel f\u00fcr ein schnelles Aufnehmen und Mitnehmen! Die Pocket TENGA sind aus einem Super-Stretch-Material hergestellt, das M\u00e4nnern der meisten Gr\u00f6\u00dfen passt. Alle enthalten ein kostenloses Probep\u00e4ckchen mit Gleitgel und sind in ihrer Verpackung leicht zu entsorgen!<\/p>","protected":false},"excerpt":{"rendered":"<p>Artikel in Taschenformat f\u00fcr einfachen Spa\u00df!<\/p>\n<ul>\n<li>BLOCK EDGE - Rumpelnde, sensationelle Quadrate!<\/li>\n<li>CLICK BALL - Kugelf\u00f6rmige Noppen, die sich \u00fcberall kr\u00e4useln!<\/li>\n<li>WAVE LINE - Sanfte Stimulation durch endlose Wellen!<\/li>\n<\/ul>","protected":false},"featured_media":25316,"comment_status":"open","ping_status":"closed","template":"","meta":{"_seopress_robots_primary_cat":"","_seopress_titles_title":"","_seopress_titles_desc":"","_seopress_robots_index":""},"store":[4025],"product_brand":[],"product_cat":[3450],"product_tag":[3935],"class_list":{"0":"post-24998","1":"product","2":"type-product","3":"status-publish","4":"has-post-thumbnail","6":"store-tenga","7":"product_cat-male-masturbators","8":"product_tag-for-men","10":"first","11":"outofstock","12":"sale","13":"taxable","14":"shipping-taxable","15":"purchasable","16":"product-type-variable"},"_links":{"self":[{"href":"https:\/\/sextoysproductstore.com\/de\/wp-json\/wp\/v2\/product\/24998","targetHints":{"allow":["GET"]}}],"collection":[{"href":"https:\/\/sextoysproductstore.com\/de\/wp-json\/wp\/v2\/product"}],"about":[{"href":"https:\/\/sextoysproductstore.com\/de\/wp-json\/wp\/v2\/types\/product"}],"replies":[{"embeddable":true,"href":"https:\/\/sextoysproductstore.com\/de\/wp-json\/wp\/v2\/comments?post=24998"}],"version-history":[{"count":0,"href":"https:\/\/sextoysproductstore.com\/de\/wp-json\/wp\/v2\/product\/24998\/revisions"}],"wp:featuredmedia":[{"embeddable":true,"href":"https:\/\/sextoysproductstore.com\/de\/wp-json\/wp\/v2\/media\/25316"}],"wp:attachment":[{"href":"https:\/\/sextoysproductstore.com\/de\/wp-json\/wp\/v2\/media?parent=24998"}],"wp:term":[{"taxonomy":"store","embeddable":true,"href":"https:\/\/sextoysproductstore.com\/de\/wp-json\/wp\/v2\/store?post=24998"},{"taxonomy":"product_brand","embeddable":true,"href":"https:\/\/sextoysproductstore.com\/de\/wp-json\/wp\/v2\/product_brand?post=24998"},{"taxonomy":"product_cat","embeddable":true,"href":"https:\/\/sextoysproductstore.com\/de\/wp-json\/wp\/v2\/product_cat?post=24998"},{"taxonomy":"product_tag","embeddable":true,"href":"https:\/\/sextoysproductstore.com\/de\/wp-json\/wp\/v2\/product_tag?post=24998"}],"curies":[{"name":"wp","href":"https:\/\/api.w.org\/{rel}","templated":true}]}}