{"id":21587,"date":"2020-11-23T03:47:02","date_gmt":"2020-11-23T02:47:02","guid":{"rendered":"https:\/\/sextoysproductstore.com\/product\/girl-sexy-high-school-football-baby-soccer-cheerleader-costume-11-country-brazil-australia-france-spain-italy-mexico-uniform\/"},"modified":"2026-04-10T02:26:59","modified_gmt":"2026-04-10T00:26:59","slug":"girl-sexy-high-school-football-baby-soccer-cheerleader-costume-11-country-brazil-australia-france-spain-italy-mexico-uniform","status":"publish","type":"product","link":"https:\/\/sextoysproductstore.com\/de\/store\/sexy-outfits\/costumes\/girl-sexy-high-school-football-baby-soccer-cheerleader-costume-11-country-brazil-australia-france-spain-italy-mexico-uniform\/","title":{"rendered":"M\u00e4dchen Sexy High School Football Baby Fu\u00dfball Cheerleader Kost\u00fcm 11 Land Brasilien Australien Frankreich Spanien Italien Mexiko Uniform"},"content":{"rendered":"","protected":false},"excerpt":{"rendered":"","protected":false},"featured_media":21724,"comment_status":"open","ping_status":"closed","template":"","meta":{"_seopress_robots_primary_cat":"","_seopress_titles_title":"","_seopress_titles_desc":"","_seopress_robots_index":""},"store":[],"product_brand":[],"product_cat":[3858,3856],"product_tag":[],"class_list":{"0":"post-21587","1":"product","2":"type-product","3":"status-publish","4":"has-post-thumbnail","6":"product_cat-costumes","7":"product_cat-sexy-outfits","9":"first","10":"outofstock","11":"sale","12":"taxable","13":"shipping-taxable","14":"purchasable","15":"product-type-variable"},"_links":{"self":[{"href":"https:\/\/sextoysproductstore.com\/de\/wp-json\/wp\/v2\/product\/21587","targetHints":{"allow":["GET"]}}],"collection":[{"href":"https:\/\/sextoysproductstore.com\/de\/wp-json\/wp\/v2\/product"}],"about":[{"href":"https:\/\/sextoysproductstore.com\/de\/wp-json\/wp\/v2\/types\/product"}],"replies":[{"embeddable":true,"href":"https:\/\/sextoysproductstore.com\/de\/wp-json\/wp\/v2\/comments?post=21587"}],"version-history":[{"count":0,"href":"https:\/\/sextoysproductstore.com\/de\/wp-json\/wp\/v2\/product\/21587\/revisions"}],"wp:featuredmedia":[{"embeddable":true,"href":"https:\/\/sextoysproductstore.com\/de\/wp-json\/wp\/v2\/media\/21724"}],"wp:attachment":[{"href":"https:\/\/sextoysproductstore.com\/de\/wp-json\/wp\/v2\/media?parent=21587"}],"wp:term":[{"taxonomy":"store","embeddable":true,"href":"https:\/\/sextoysproductstore.com\/de\/wp-json\/wp\/v2\/store?post=21587"},{"taxonomy":"product_brand","embeddable":true,"href":"https:\/\/sextoysproductstore.com\/de\/wp-json\/wp\/v2\/product_brand?post=21587"},{"taxonomy":"product_cat","embeddable":true,"href":"https:\/\/sextoysproductstore.com\/de\/wp-json\/wp\/v2\/product_cat?post=21587"},{"taxonomy":"product_tag","embeddable":true,"href":"https:\/\/sextoysproductstore.com\/de\/wp-json\/wp\/v2\/product_tag?post=21587"}],"curies":[{"name":"wp","href":"https:\/\/api.w.org\/{rel}","templated":true}]}}