{"id":21487,"date":"2020-11-23T03:46:44","date_gmt":"2020-11-23T02:46:44","guid":{"rendered":"https:\/\/sextoysproductstore.com\/product\/women-exotic-long-sleeves-zipper-vinyl-pvc-leather-dress-nightclub-ds-bar-shiny-sheath-mini-dress\/"},"modified":"2026-04-10T02:23:56","modified_gmt":"2026-04-10T00:23:56","slug":"women-exotic-long-sleeves-zipper-vinyl-pvc-leather-dress-nightclub-ds-bar-shiny-sheath-mini-dress","status":"publish","type":"product","link":"https:\/\/sextoysproductstore.com\/de\/store\/sexy-outfits\/costumes\/women-exotic-long-sleeves-zipper-vinyl-pvc-leather-dress-nightclub-ds-bar-shiny-sheath-mini-dress\/","title":{"rendered":"Frauen Exotisch Lange \u00c4rmel Rei\u00dfverschluss Vinyl PVC Leder Kleid Nachtclub DS Bar Gl\u00e4nzend Mantel Mini Kleid"},"content":{"rendered":"","protected":false},"excerpt":{"rendered":"","protected":false},"featured_media":21662,"comment_status":"open","ping_status":"closed","template":"","meta":{"_seopress_robots_primary_cat":"","_seopress_titles_title":"","_seopress_titles_desc":"","_seopress_robots_index":""},"store":[],"product_brand":[],"product_cat":[3858,3932,3856],"product_tag":[],"class_list":{"0":"post-21487","1":"product","2":"type-product","3":"status-publish","4":"has-post-thumbnail","6":"product_cat-costumes","7":"product_cat-kinky-outfits","8":"product_cat-sexy-outfits","10":"first","11":"outofstock","12":"taxable","13":"shipping-taxable","14":"product-type-variable"},"_links":{"self":[{"href":"https:\/\/sextoysproductstore.com\/de\/wp-json\/wp\/v2\/product\/21487","targetHints":{"allow":["GET"]}}],"collection":[{"href":"https:\/\/sextoysproductstore.com\/de\/wp-json\/wp\/v2\/product"}],"about":[{"href":"https:\/\/sextoysproductstore.com\/de\/wp-json\/wp\/v2\/types\/product"}],"replies":[{"embeddable":true,"href":"https:\/\/sextoysproductstore.com\/de\/wp-json\/wp\/v2\/comments?post=21487"}],"version-history":[{"count":0,"href":"https:\/\/sextoysproductstore.com\/de\/wp-json\/wp\/v2\/product\/21487\/revisions"}],"wp:featuredmedia":[{"embeddable":true,"href":"https:\/\/sextoysproductstore.com\/de\/wp-json\/wp\/v2\/media\/21662"}],"wp:attachment":[{"href":"https:\/\/sextoysproductstore.com\/de\/wp-json\/wp\/v2\/media?parent=21487"}],"wp:term":[{"taxonomy":"store","embeddable":true,"href":"https:\/\/sextoysproductstore.com\/de\/wp-json\/wp\/v2\/store?post=21487"},{"taxonomy":"product_brand","embeddable":true,"href":"https:\/\/sextoysproductstore.com\/de\/wp-json\/wp\/v2\/product_brand?post=21487"},{"taxonomy":"product_cat","embeddable":true,"href":"https:\/\/sextoysproductstore.com\/de\/wp-json\/wp\/v2\/product_cat?post=21487"},{"taxonomy":"product_tag","embeddable":true,"href":"https:\/\/sextoysproductstore.com\/de\/wp-json\/wp\/v2\/product_tag?post=21487"}],"curies":[{"name":"wp","href":"https:\/\/api.w.org\/{rel}","templated":true}]}}