{"id":15283,"date":"2020-08-18T00:40:02","date_gmt":"2020-08-18T00:40:02","guid":{"rendered":"https:\/\/sextoysproductstore.com\/product\/double-dildo-strap-on-harness-sex-toy-realistic-g-spot-men-penis-ladies-lesbian-gay-couples-dong-strapon-dildos-for-women\/"},"modified":"2026-04-11T08:51:30","modified_gmt":"2026-04-11T06:51:30","slug":"baile-double-dildo-strap-on-harness","status":"publish","type":"product","link":"https:\/\/sextoysproductstore.com\/de\/store\/strap-on-dildos\/baile-double-dildo-strap-on-harness\/","title":{"rendered":"Baile Double Dildo Strap On Harness"},"content":{"rendered":"<p><strong>Verwendung:<\/strong><\/p>\n<ol>\n<li>Hinweis: Dieses Ger\u00e4t ist ausschlie\u00dflich f\u00fcr einzelne<\/li>\n<li>Vor dem Gebrauch, mit 75% von medizinischen Alkohol schrubben dieses Ger\u00e4t, vollst\u00e4ndig zu desinfizieren und zu reinigen es<\/li>\n<li>Empfehlen Sie die Verwendung mit Kondom<\/li>\n<li>Bei der Verwendung kann es etwas Schmiermittel auf sie anwenden<\/li>\n<li>Wenn das Produkt nach dem Gebrauch gereinigt wird, muss der Teil des Schaltkreises von Wasser ferngehalten werden.<\/li>\n<\/ol>","protected":false},"excerpt":{"rendered":"<p><strong>Funktion<\/strong><\/p>\n<ul>\n<li>Hergestellt aus ungiftigem und sicherem TPR, kein schlechter Geruch, Nylon und PU-Leder<\/li>\n<li>Verstellbare und elastische Unterw\u00e4sche<\/li>\n<li>Abnehmbare Dildos mit der harten und flexiblen Textur<\/li>\n<li>2 Dildos zur Stimulation der Vagina oder des Anus Ihres Partners<\/li>\n<li>Spezialisiertes Produkt f\u00fcr Lesben, um homosexuellen Geschlechtsverkehr zu haben. Abnehmbare Dildos, wasserdichtes Design f\u00fcr eine einfache Reinigung<\/li>\n<\/ul>\n<p><strong>Beschreibung:<\/strong><\/p>\n<ul>\n<li>Gr\u00f6\u00dfe: Gro\u00dfer Dildo 180*35mm Kleiner Dildo 125*25mm<\/li>\n<li>Material: TPR, auch bekannt als thermoplastischer Gummi<\/li>\n<\/ul>","protected":false},"featured_media":15377,"comment_status":"open","ping_status":"closed","template":"","meta":{"_seopress_robots_primary_cat":"","_seopress_titles_title":"","_seopress_titles_desc":"","_seopress_robots_index":""},"store":[3849],"product_brand":[],"product_cat":[3661],"product_tag":[],"class_list":{"0":"post-15283","1":"product","2":"type-product","3":"status-publish","4":"has-post-thumbnail","6":"store-baile","7":"product_cat-strap-on-dildos","9":"first","10":"outofstock","11":"sale","12":"taxable","13":"shipping-taxable","14":"purchasable","15":"product-type-variable"},"_links":{"self":[{"href":"https:\/\/sextoysproductstore.com\/de\/wp-json\/wp\/v2\/product\/15283","targetHints":{"allow":["GET"]}}],"collection":[{"href":"https:\/\/sextoysproductstore.com\/de\/wp-json\/wp\/v2\/product"}],"about":[{"href":"https:\/\/sextoysproductstore.com\/de\/wp-json\/wp\/v2\/types\/product"}],"replies":[{"embeddable":true,"href":"https:\/\/sextoysproductstore.com\/de\/wp-json\/wp\/v2\/comments?post=15283"}],"version-history":[{"count":0,"href":"https:\/\/sextoysproductstore.com\/de\/wp-json\/wp\/v2\/product\/15283\/revisions"}],"wp:featuredmedia":[{"embeddable":true,"href":"https:\/\/sextoysproductstore.com\/de\/wp-json\/wp\/v2\/media\/15377"}],"wp:attachment":[{"href":"https:\/\/sextoysproductstore.com\/de\/wp-json\/wp\/v2\/media?parent=15283"}],"wp:term":[{"taxonomy":"store","embeddable":true,"href":"https:\/\/sextoysproductstore.com\/de\/wp-json\/wp\/v2\/store?post=15283"},{"taxonomy":"product_brand","embeddable":true,"href":"https:\/\/sextoysproductstore.com\/de\/wp-json\/wp\/v2\/product_brand?post=15283"},{"taxonomy":"product_cat","embeddable":true,"href":"https:\/\/sextoysproductstore.com\/de\/wp-json\/wp\/v2\/product_cat?post=15283"},{"taxonomy":"product_tag","embeddable":true,"href":"https:\/\/sextoysproductstore.com\/de\/wp-json\/wp\/v2\/product_tag?post=15283"}],"curies":[{"name":"wp","href":"https:\/\/api.w.org\/{rel}","templated":true}]}}