{"id":15276,"date":"2020-08-18T00:39:59","date_gmt":"2020-08-18T00:39:59","guid":{"rendered":"https:\/\/sextoysproductstore.com\/product\/unisex-big-dildos-huge-strap-on-realistic-dildo-pants-harness-adjustable-8-5-penis-anal-sex-toy-for-woman-couples-lesbian\/"},"modified":"2026-04-11T08:48:37","modified_gmt":"2026-04-11T06:48:37","slug":"lovetoy-rodeo-unisex-huge-realistic-strap-on-dildo-penis","status":"publish","type":"product","link":"https:\/\/sextoysproductstore.com\/de\/store\/strap-on-dildos\/lovetoy-rodeo-unisex-huge-realistic-strap-on-dildo-penis\/","title":{"rendered":"Lovetoy Rodeo 8 Zoll und 8,5 Zoll Unisex Realistischer Strap-on Dildo Penis"},"content":{"rendered":"<p>The Finest Lifelike Stap-On silicone dildo out there. This Sex Toy is revolutionary and functional, with an incredibly lifelike real-looking penis shaft and Super smooth penis glans that create an authentic sensation for each companion. It is made to deliver the most lifelike satisfaction essentially.<\/p>\n<p>The hollow silicone strap-on supports your erection ultimately. This hole strap-on is perfect for individuals who undergo erectile dysfunction and those on the lookout for an on-the-spot erection girth enhancement. In contrast, its mushy silicone Suggestions please your companion with such practical sensations.<\/p>\n<p>The Comfiest Waistband sizes are 24-48 inches to suit women and men. They are designed to fit women and men (waist sizes 24&#8243;\u201348&#8243;) with different physique styles and sizes.<\/p>\n<p>Der elastische Bund im Jock-Stil macht ihn zum bequemsten Strap-on auf dem Markt. Zehn Verschl\u00fcsse am Riemen, verstellbare glatte Klettverschl\u00fcsse an den Seiten und dehnbares Gurtband sorgen f\u00fcr eine ideale Anpassung.<\/p>","protected":false},"excerpt":{"rendered":"<p>Lovetoy Rodeo the finest Lifelike Hole strap-on, dildo out there. They are designed to deliver essentially the most lifelike satisfaction.<\/p>\n<ul>\n<li>Realistisch, bequem, weich genug<\/li>\n<li>Super soft glans with a relatively rigid stem department combine perfectly<\/li>\n<li>Super echtes Gef\u00fchlserlebnis mit diesem Strap-On Dildo-Set, das jeden Zentimeter wert ist<\/li>\n<li>Der hohle Dildo ist aus Silikon gefertigt<\/li>\n<li>LV415001 Length: 8 inches, Insertable length: 7.5 inches, Outer width: 1.75 inches, Inner width: 1.25 inch<\/li>\n<li>LV415002 Length: 8.5 inches, Insertable length: 8 inches, Outer width: 2 inches, Inner width: 1.45 inch<\/li>\n<li>The waistband is made from polyester, with a Width of 2 inches, and is designed to fit both men and women (waist sizes 24\u201d\u2013 48\u201d). The jock-style elastic waistband makes it the most comfortable strap-on on the market.<\/li>\n<li>Zehn Verschl\u00fcsse am Bund, verstellbare weiche Klettverschl\u00fcsse an den Seiten und dehnbares Gurtband sorgen f\u00fcr eine perfekte Passform.<\/li>\n<\/ul>","protected":false},"featured_media":20518,"comment_status":"open","ping_status":"closed","template":"","meta":{"_seopress_robots_primary_cat":"","_seopress_titles_title":"Lovetoy Rodeo Unisex Huge Realistic Strap-on Dildo Penis","_seopress_titles_desc":"Lovetoy Rodeo the finest Lifelike Hole strap-on, dildo out there. They are designed to deliver essentially the most lifelike satisfaction.","_seopress_robots_index":""},"store":[3847],"product_brand":[],"product_cat":[3661],"product_tag":[],"class_list":{"0":"post-15276","1":"product","2":"type-product","3":"status-publish","4":"has-post-thumbnail","6":"store-lovetoy","7":"product_cat-strap-on-dildos","9":"first","10":"outofstock","11":"sale","12":"taxable","13":"shipping-taxable","14":"purchasable","15":"product-type-variable"},"_links":{"self":[{"href":"https:\/\/sextoysproductstore.com\/de\/wp-json\/wp\/v2\/product\/15276","targetHints":{"allow":["GET"]}}],"collection":[{"href":"https:\/\/sextoysproductstore.com\/de\/wp-json\/wp\/v2\/product"}],"about":[{"href":"https:\/\/sextoysproductstore.com\/de\/wp-json\/wp\/v2\/types\/product"}],"replies":[{"embeddable":true,"href":"https:\/\/sextoysproductstore.com\/de\/wp-json\/wp\/v2\/comments?post=15276"}],"version-history":[{"count":0,"href":"https:\/\/sextoysproductstore.com\/de\/wp-json\/wp\/v2\/product\/15276\/revisions"}],"wp:featuredmedia":[{"embeddable":true,"href":"https:\/\/sextoysproductstore.com\/de\/wp-json\/wp\/v2\/media\/20518"}],"wp:attachment":[{"href":"https:\/\/sextoysproductstore.com\/de\/wp-json\/wp\/v2\/media?parent=15276"}],"wp:term":[{"taxonomy":"store","embeddable":true,"href":"https:\/\/sextoysproductstore.com\/de\/wp-json\/wp\/v2\/store?post=15276"},{"taxonomy":"product_brand","embeddable":true,"href":"https:\/\/sextoysproductstore.com\/de\/wp-json\/wp\/v2\/product_brand?post=15276"},{"taxonomy":"product_cat","embeddable":true,"href":"https:\/\/sextoysproductstore.com\/de\/wp-json\/wp\/v2\/product_cat?post=15276"},{"taxonomy":"product_tag","embeddable":true,"href":"https:\/\/sextoysproductstore.com\/de\/wp-json\/wp\/v2\/product_tag?post=15276"}],"curies":[{"name":"wp","href":"https:\/\/api.w.org\/{rel}","templated":true}]}}