{"id":14828,"date":"2020-08-17T17:30:52","date_gmt":"2020-08-17T17:30:52","guid":{"rendered":"https:\/\/sextoysproductstore.com\/product\/lovetoy-12-realistic-pvc-king-sized-dildo-huge-dildos-with-suction-cup-for-women-masturbation-sex-toys\/"},"modified":"2026-01-16T04:52:45","modified_gmt":"2026-01-16T03:52:45","slug":"lovetoy-12-inch-realistic-king-size-xxl-huge-dildo","status":"publish","type":"product","link":"https:\/\/sextoysproductstore.com\/de\/store\/realistic-dildo-penis\/lovetoy-12-inch-realistic-king-size-xxl-huge-dildo\/","title":{"rendered":"Lovetoy 12 Zoll Realistische K\u00f6nig-Gr\u00f6\u00dfe XXL Riesendildo"},"content":{"rendered":"<p>This high-quality, realistic king-sized dildo from Love Toys Legendary Realistic dildo Series has a blush-pink rounded tip for easy insertion and a sensationally veined shaft to enhance internal pleasure.<\/p>\n<p>Flexing during use. The bendy shaft works with your body to satisfy you, while the textured balls double your fun with incredible external stimulation. This king-sized huge dildo is so amazing it is skin-like -especially if warmed in water beforehand. You&#8217;re guaranteed a sensationally filling experience.<\/p>\n<p>This toy has a suction cup base you can attach to any smooth, hard surface for the hands-free ride of your sex Dreams.<\/p>\n<p>Verwenden Sie reichlich Gleitmittel mit diesem Toy f\u00fcr das beste und glitschigste Erlebnis.<\/p>","protected":false},"excerpt":{"rendered":"<p>Explore every inch of the legendary Lovetoy 12 Inch king-sized realistic dildo, extra Sensational length and girth for filling stimulation.<\/p>\n<p>Satisfy yourself with every vein, curve, and bulge of this giant replica that looks and feels like your fantasies come to life.<\/p>\n<ul>\n<li>Size: 12\u201d length X 2.2\u201d width<\/li>\n<li>Extra Sensationelle L\u00e4nge und Umfang f\u00fcr f\u00fcllende Stimulation<\/li>\n<li>Realit\u00e4tsnahes, phthalatfreies PVC-Material f\u00fcr ein realistisches Erlebnis<\/li>\n<li>Saugnapfsockel f\u00fcr freih\u00e4ndiges Spielen<\/li>\n<li>Nettogewicht: 1,2 kg<\/li>\n<\/ul>","protected":false},"featured_media":20419,"comment_status":"open","ping_status":"closed","template":"","meta":{"_seopress_robots_primary_cat":"","_seopress_titles_title":"","_seopress_titles_desc":"Explore every inch of the legendary Lovetoy 12 Inch king-sized realistic dildo, extra Sensational length and girth for filling stimulation.","_seopress_robots_index":""},"store":[3847],"product_brand":[],"product_cat":[3621],"product_tag":[3936],"class_list":{"0":"post-14828","1":"product","2":"type-product","3":"status-publish","4":"has-post-thumbnail","6":"store-lovetoy","7":"product_cat-realistic-dildo-penis","8":"product_tag-for-women","10":"first","11":"outofstock","12":"sale","13":"taxable","14":"shipping-taxable","15":"purchasable","16":"product-type-simple"},"_links":{"self":[{"href":"https:\/\/sextoysproductstore.com\/de\/wp-json\/wp\/v2\/product\/14828","targetHints":{"allow":["GET"]}}],"collection":[{"href":"https:\/\/sextoysproductstore.com\/de\/wp-json\/wp\/v2\/product"}],"about":[{"href":"https:\/\/sextoysproductstore.com\/de\/wp-json\/wp\/v2\/types\/product"}],"replies":[{"embeddable":true,"href":"https:\/\/sextoysproductstore.com\/de\/wp-json\/wp\/v2\/comments?post=14828"}],"version-history":[{"count":0,"href":"https:\/\/sextoysproductstore.com\/de\/wp-json\/wp\/v2\/product\/14828\/revisions"}],"wp:featuredmedia":[{"embeddable":true,"href":"https:\/\/sextoysproductstore.com\/de\/wp-json\/wp\/v2\/media\/20419"}],"wp:attachment":[{"href":"https:\/\/sextoysproductstore.com\/de\/wp-json\/wp\/v2\/media?parent=14828"}],"wp:term":[{"taxonomy":"store","embeddable":true,"href":"https:\/\/sextoysproductstore.com\/de\/wp-json\/wp\/v2\/store?post=14828"},{"taxonomy":"product_brand","embeddable":true,"href":"https:\/\/sextoysproductstore.com\/de\/wp-json\/wp\/v2\/product_brand?post=14828"},{"taxonomy":"product_cat","embeddable":true,"href":"https:\/\/sextoysproductstore.com\/de\/wp-json\/wp\/v2\/product_cat?post=14828"},{"taxonomy":"product_tag","embeddable":true,"href":"https:\/\/sextoysproductstore.com\/de\/wp-json\/wp\/v2\/product_tag?post=14828"}],"curies":[{"name":"wp","href":"https:\/\/api.w.org\/{rel}","templated":true}]}}