{"id":14797,"date":"2020-08-17T17:30:42","date_gmt":"2020-08-17T17:30:42","guid":{"rendered":"https:\/\/sextoysproductstore.com\/product\/8-inch-realistic-dick-dual-density-body-safe-liquid-silicone-dildo-soft-bendable-lifelike-penis-with-strong-suction-cup\/"},"modified":"2026-01-16T03:55:05","modified_gmt":"2026-01-16T02:55:05","slug":"lovetoy-8-inch-realistic-dual-density-soft-bendable-dildo-penis","status":"publish","type":"product","link":"https:\/\/sextoysproductstore.com\/de\/store\/realistic-dildo-penis\/lovetoy-8-inch-realistic-dual-density-soft-bendable-dildo-penis\/","title":{"rendered":"Lovetoy 8 Zoll Realistische Dual Density Soft Bendable Dildo Penis"},"content":{"rendered":"<p>Gebaut, um ein H\u00f6chstma\u00df an lebensechter Zufriedenheit zu erreichen.<\/p>\n<p>Der Love Toy Dual. Lagen-Silikon-Naturschwanz ist unglaublich lebensecht mit einem doppellagigen Schaft, einem wulstigen Kopf und texturierten Kugeln, die ein authentisches Gef\u00fchl sowohl innen als auch au\u00dfen erzeugen.<\/p>\n<p>Du wirst das nat\u00fcrliche Gef\u00fchl an deinem K\u00f6rper lieben, das sich durch eine unglaublich realistische Weichheit mit einem festen inneren Kern auszeichnet, der sich wie eine echte Erektion anf\u00fchlt.<\/p>\n<p>While its rounded lifelike head and veined shaft takes care of business internally. The suction base make him perfect for hands free play, with or without a harness.<\/p>","protected":false},"excerpt":{"rendered":"<p>Lovetoy 8 Inch the most lifelike satisfaction, the dual-layered silicone natural cock is an incredibly lifelike bulging head and textured balls.<\/p>\n<ul>\n<li>Stolz hergestellt aus zweischichtigem Fl\u00fcssigsilikon<\/li>\n<li>Innen festes Silikon, au\u00dfen ultraweiches Silikon<\/li>\n<li>Super echtes Gef\u00fchlserlebnis mit diesem Silikon-Dildo, der jeden Zentimeter wert ist<\/li>\n<li>Ein Dildo von h\u00f6chster Qualit\u00e4t, der ein Leben lang Freude bereitet<\/li>\n<li>Material: Fl\u00fcssigsilikon, phthalatfrei, latexfrei<\/li>\n<li>Hahn durchschnittliche Gr\u00f6\u00dfe: 20.5*3.6CM (einschlie\u00dflich Saugfu\u00df)<\/li>\n<li>6,5 cm Durchmesser f\u00fcr Silikon-Saugfu\u00df.<\/li>\n<\/ul>","protected":false},"featured_media":20800,"comment_status":"open","ping_status":"closed","template":"","meta":{"_seopress_robots_primary_cat":"","_seopress_titles_title":"","_seopress_titles_desc":"Lovetoy 8 Inch the most lifelike satisfaction, the dual-layered silicone natural cock is an incredibly lifelike bulging head and textured balls.","_seopress_robots_index":""},"store":[3847],"product_brand":[],"product_cat":[3621],"product_tag":[3936],"class_list":{"0":"post-14797","1":"product","2":"type-product","3":"status-publish","4":"has-post-thumbnail","6":"store-lovetoy","7":"product_cat-realistic-dildo-penis","8":"product_tag-for-women","10":"first","11":"outofstock","12":"sale","13":"taxable","14":"shipping-taxable","15":"purchasable","16":"product-type-variable"},"_links":{"self":[{"href":"https:\/\/sextoysproductstore.com\/de\/wp-json\/wp\/v2\/product\/14797","targetHints":{"allow":["GET"]}}],"collection":[{"href":"https:\/\/sextoysproductstore.com\/de\/wp-json\/wp\/v2\/product"}],"about":[{"href":"https:\/\/sextoysproductstore.com\/de\/wp-json\/wp\/v2\/types\/product"}],"replies":[{"embeddable":true,"href":"https:\/\/sextoysproductstore.com\/de\/wp-json\/wp\/v2\/comments?post=14797"}],"version-history":[{"count":0,"href":"https:\/\/sextoysproductstore.com\/de\/wp-json\/wp\/v2\/product\/14797\/revisions"}],"wp:featuredmedia":[{"embeddable":true,"href":"https:\/\/sextoysproductstore.com\/de\/wp-json\/wp\/v2\/media\/20800"}],"wp:attachment":[{"href":"https:\/\/sextoysproductstore.com\/de\/wp-json\/wp\/v2\/media?parent=14797"}],"wp:term":[{"taxonomy":"store","embeddable":true,"href":"https:\/\/sextoysproductstore.com\/de\/wp-json\/wp\/v2\/store?post=14797"},{"taxonomy":"product_brand","embeddable":true,"href":"https:\/\/sextoysproductstore.com\/de\/wp-json\/wp\/v2\/product_brand?post=14797"},{"taxonomy":"product_cat","embeddable":true,"href":"https:\/\/sextoysproductstore.com\/de\/wp-json\/wp\/v2\/product_cat?post=14797"},{"taxonomy":"product_tag","embeddable":true,"href":"https:\/\/sextoysproductstore.com\/de\/wp-json\/wp\/v2\/product_tag?post=14797"}],"curies":[{"name":"wp","href":"https:\/\/api.w.org\/{rel}","templated":true}]}}