{"id":14786,"date":"2020-08-17T17:30:40","date_gmt":"2020-08-17T17:30:40","guid":{"rendered":"https:\/\/sextoysproductstore.com\/product\/tpe-realistic-ultra-soft-dude-dildo-with-suction-cup-big-penis-for-lesbian-women-masturbation-toy-adult-sex-anal-huge-dildos\/"},"modified":"2026-01-15T13:43:22","modified_gmt":"2026-01-15T12:43:22","slug":"lovetoy-7-5-inch-till-9-inch-realistic-ultra-soft-dude-dildo-penis","status":"publish","type":"product","link":"https:\/\/sextoysproductstore.com\/de\/store\/realistic-dildo-penis\/lovetoy-7-5-inch-till-9-inch-realistic-ultra-soft-dude-dildo-penis\/","title":{"rendered":"Lovetoy 7,5 Zoll bis 9 Zoll Realistische Ultra Soft Dude Dildo Penis"},"content":{"rendered":"<p>Dieser Dildo ist so nah wie m\u00f6glich an einer dampfenden Sitzung mit den wahrscheinlich extrem matschigen echten Poren und der Haut.<\/p>\n<p>Der Stoff ist absolut haut\u00e4hnlich - vor allem, wenn er vorher in hei\u00dfem Wasser erw\u00e4rmt wurde - und garantiert ein sensationell f\u00fcllendes Erlebnis.<\/p>\n<p>Dieses Spielzeug hat eine Saugnapf-Basis, die Sie m\u00f6glicherweise an jeden einfachen, ersch\u00f6pfenden Boden f\u00fcr die freih\u00e4ndige Reise Ihrer W\u00fcnsche anschlie\u00dfen k\u00f6nnen.<\/p>\n<p>Beschichten Sie ihn einfach mit Gleitmittel auf Wasserbasis, schieben Sie ihn darauf und winkeln Sie ihn an, um Ihre erogenen Zonen zu stimulieren und ein unvorstellbares Vergn\u00fcgen zu erleben.<\/p>","protected":false},"excerpt":{"rendered":"<p>Entdecke jeden Zentimeter des extrem sanften Dildos und erf\u00fclle dich selbst mit jeder Ader, Kurve und Ausbuchtung dieser tats\u00e4chlichen Reproduktion, die so aussieht, als w\u00fcrden deine Fantasien zum Leben erwachen.<\/p>\n<ul class=\"pruductoptions\">\n<li>100% weiche Cyberhaut<\/li>\n<li>realistischer Weichhaut-Dildo mit Saugnapf-Basis<\/li>\n<li>Material: TPE<\/li>\n<\/ul>\n<p><strong>Erh\u00e4ltlich in den folgenden Gr\u00f6\u00dfen:<\/strong><\/p>\n<style>.elementor-20759 .elementor-element.elementor-element-3ca5f00{margin-top:5px;margin-bottom:0px;}.elementor-20759 .elementor-element.elementor-element-7ce4303 .pp-grid-item .pp-gallery-image-content{transform:translateZ(20px);}.elementor-20759 .elementor-element.elementor-element-7ce4303 .pp-image-gallery .pp-grid-item-wrap{padding-left:calc(10px\/2);padding-right:calc(10px\/2);}.elementor-20759 .elementor-element.elementor-element-7ce4303 .pp-image-gallery{margin-left:calc(-10px\/2);margin-right:calc(-10px\/2);}.elementor-20759 .elementor-element.elementor-element-7ce4303 .pp-image-gallery .pp-grid-item{margin-bottom:10px;}.elementor-20759 .elementor-element.elementor-element-7ce4303 .pp-image-gallery-thumbnail img{transform:scale(1);}.elementor-20759 .elementor-element.elementor-element-7ce4303 .pp-gallery-image-content{justify-content:flex-end;align-items:center;}.elementor-20759 .elementor-element.elementor-element-7ce4303 .pp-gallery-image-caption{margin:5px 0px 0px 0px;padding:0px 0px 0px 0px;background-color:#FFFFFF;border-radius:4px 4px 4px 4px;}.elementor-20759 .elementor-element.elementor-element-7ce4303 .pp-gallery-image-title{color:#515151;font-size:12px;letter-spacing:0.1px;}.elementor-20759 .elementor-element.elementor-element-7ce4303 .pp-image-overlay{mix-blend-mode:normal;}@media(max-width:766px){.elementor-20759 .elementor-element.elementor-element-7ce4303 .pp-gallery-image-title{font-size:10px;letter-spacing:0.1px;}}<\/style>\n<div data-elementor-type=\"section\" data-elementor-id=\"20759\" class=\"elementor elementor-20759\" data-elementor-post-type=\"elementor_library\">\n<section class=\"elementor-section elementor-top-section elementor-element elementor-element-3ca5f00 elementor-section-boxed elementor-section-height-default elementor-section-height-default\" data-id=\"3ca5f00\" data-element_type=\"section\" data-e-type=\"section\">\n<div class=\"elementor-container elementor-column-gap-no\">\n<div class=\"elementor-column elementor-col-100 elementor-top-column elementor-element elementor-element-ad3b3cb\" data-id=\"ad3b3cb\" data-element_type=\"column\" data-e-type=\"column\">\n<div class=\"elementor-widget-wrap elementor-element-populated\">\n<div class=\"elementor-element elementor-element-7ce4303 elementor-grid-6 elementor-grid-tablet-6 elementor-grid-mobile-6 pp-ins-normal elementor-widget elementor-widget-pp-image-gallery\" data-id=\"7ce4303\" data-element_type=\"widget\" data-e-type=\"widget\" data-widget_type=\"pp-image-gallery.default\">\n<div class=\"pp-image-gallery-container\" data-settings=\"{&quot;tilt_enable&quot;:&quot;yes&quot;,&quot;tilt_axis&quot;:&quot;&quot;,&quot;tilt_amount&quot;:20,&quot;tilt_scale&quot;:1.06,&quot;tilt_speed&quot;:800,&quot;layout&quot;:&quot;grid&quot;,&quot;post_id&quot;:14786,&quot;template_id&quot;:20759,&quot;widget_id&quot;:&quot;7ce4303&quot;}\">\n<div class=\"pp-image-gallery pp-elementor-grid\" id=\"pp-image-gallery-7ce4303\">\n<div class=\"pp-grid-item-wrap\" data-item-id=\"20752\">\n<div class=\"pp-grid-item pp-image\">\n<div class=\"pp-image-gallery-thumbnail-wrap pp-ins-filter-hover pp-gallery-tilt\">\n\t\t\t\t\t\t<a data-elementor-open-lightbox=\"yes\" data-elementor-lightbox-slideshow=\"7ce4303\" data-elementor-lightbox-title=\"The Ultra Soft Dude LV1081 8.5\u201dlong x 1.7\u201dwidth\" data-elementor-lightbox-description=\"8.5\u201dlong x 1.7\u201dwidth\" data-e-action-hash=\"#elementor-action%3Aaction%3Dlightbox%26settings%3DeyJpZCI6MjA3NTIsInVybCI6Imh0dHBzOlwvXC9zZXh0b3lzcHJvZHVjdHN0b3JlLmNvbVwvd3AtY29udGVudFwvdXBsb2Fkc1wvbG92ZXRveVwvTFYxMDgxLTcuanBnIiwic2xpZGVzaG93IjoiN2NlNDMwMyJ9\" class=\"elementor-clickable pp-image-gallery-item-link\" href=\"https:\/\/sextoysproductstore.com\/wp-content\/uploads\/lovetoy\/LV1081-7.jpg\"><\/p>\n<div class=\"pp-ins-filter-target pp-image-gallery-thumbnail\"><img decoding=\"async\" class=\"pp-gallery-slide-image\" src=\"https:\/\/sextoysproductstore.com\/wp-content\/uploads\/lovetoy\/LV1081-7.jpg\" alt=\"The Ultra Soft Dude LV1081\" data-no-lazy=\"1\"\/><\/div>\n<div class=\"pp-image-overlay pp-media-overlay\"><\/div>\n<div class=\"pp-gallery-image-content pp-media-content\"><\/div>\n<p><\/a>\t\t\t\t\t\t\t<\/p>\n<div class=\"pp-gallery-image-content\">\n<div class=\"pp-gallery-image-caption\">\n<div class=\"pp-gallery-image-title\">\n\t\t\t\t\tLV1081\t\t\t\t<\/div>\n<div class=\"pp-gallery-image-description\">\n\t\t\t\t\tLV1081\t\t\t\t<\/div>\n<\/p><\/div>\n<\/p><\/div>\n<\/p><\/div>\n<\/p><\/div>\n<\/p><\/div>\n<div class=\"pp-grid-item-wrap\" data-item-id=\"20747\">\n<div class=\"pp-grid-item pp-image\">\n<div class=\"pp-image-gallery-thumbnail-wrap pp-ins-filter-hover pp-gallery-tilt\">\n\t\t\t\t\t\t<a data-elementor-open-lightbox=\"yes\" data-elementor-lightbox-slideshow=\"7ce4303\" data-elementor-lightbox-title=\"The Ultra Soft Dude LV1082 8.8\u201dlong x 1.7\u201dwidth\" data-elementor-lightbox-description=\"8.8\u201dlong x 1.7\u201dwidth\" data-e-action-hash=\"#elementor-action%3Aaction%3Dlightbox%26settings%3DeyJpZCI6MjA3NDcsInVybCI6Imh0dHBzOlwvXC9zZXh0b3lzcHJvZHVjdHN0b3JlLmNvbVwvd3AtY29udGVudFwvdXBsb2Fkc1wvbG92ZXRveVwvTFYxMDgyLTYuanBnIiwic2xpZGVzaG93IjoiN2NlNDMwMyJ9\" class=\"elementor-clickable pp-image-gallery-item-link\" href=\"https:\/\/sextoysproductstore.com\/wp-content\/uploads\/lovetoy\/LV1082-6.jpg\"><\/p>\n<div class=\"pp-ins-filter-target pp-image-gallery-thumbnail\"><img decoding=\"async\" class=\"pp-gallery-slide-image\" src=\"https:\/\/sextoysproductstore.com\/wp-content\/uploads\/lovetoy\/LV1082-6.jpg\" alt=\"The Ultra Soft Dude LV1082\" data-no-lazy=\"1\"\/><\/div>\n<div class=\"pp-image-overlay pp-media-overlay\"><\/div>\n<div class=\"pp-gallery-image-content pp-media-content\"><\/div>\n<p><\/a>\t\t\t\t\t\t\t<\/p>\n<div class=\"pp-gallery-image-content\">\n<div class=\"pp-gallery-image-caption\">\n<div class=\"pp-gallery-image-title\">\n\t\t\t\t\tLV1082\t\t\t\t<\/div>\n<div class=\"pp-gallery-image-description\">\n\t\t\t\t\tLV1082\t\t\t\t<\/div>\n<\/p><\/div>\n<\/p><\/div>\n<\/p><\/div>\n<\/p><\/div>\n<\/p><\/div>\n<div class=\"pp-grid-item-wrap\" data-item-id=\"20750\">\n<div class=\"pp-grid-item pp-image\">\n<div class=\"pp-image-gallery-thumbnail-wrap pp-ins-filter-hover pp-gallery-tilt\">\n\t\t\t\t\t\t<a data-elementor-open-lightbox=\"yes\" data-elementor-lightbox-slideshow=\"7ce4303\" data-elementor-lightbox-title=\"The Ultra Soft Dude LV1083 7.5\u201dlong x 1.43\u201dwidth\" data-elementor-lightbox-description=\"7.5\u201dlong x 1.43\u201dwidth\" data-e-action-hash=\"#elementor-action%3Aaction%3Dlightbox%26settings%3DeyJpZCI6MjA3NTAsInVybCI6Imh0dHBzOlwvXC9zZXh0b3lzcHJvZHVjdHN0b3JlLmNvbVwvd3AtY29udGVudFwvdXBsb2Fkc1wvbG92ZXRveVwvTFYxMDgzLTIuanBnIiwic2xpZGVzaG93IjoiN2NlNDMwMyJ9\" class=\"elementor-clickable pp-image-gallery-item-link\" href=\"https:\/\/sextoysproductstore.com\/wp-content\/uploads\/lovetoy\/LV1083-2.jpg\"><\/p>\n<div class=\"pp-ins-filter-target pp-image-gallery-thumbnail\"><img decoding=\"async\" class=\"pp-gallery-slide-image\" src=\"https:\/\/sextoysproductstore.com\/wp-content\/uploads\/lovetoy\/LV1083-2.jpg\" alt=\"The Ultra Soft Dude LV1083\" data-no-lazy=\"1\"\/><\/div>\n<div class=\"pp-image-overlay pp-media-overlay\"><\/div>\n<div class=\"pp-gallery-image-content pp-media-content\"><\/div>\n<p><\/a>\t\t\t\t\t\t\t<\/p>\n<div class=\"pp-gallery-image-content\">\n<div class=\"pp-gallery-image-caption\">\n<div class=\"pp-gallery-image-title\">\n\t\t\t\t\tLV1083\t\t\t\t<\/div>\n<div class=\"pp-gallery-image-description\">\n\t\t\t\t\tLV1083\t\t\t\t<\/div>\n<\/p><\/div>\n<\/p><\/div>\n<\/p><\/div>\n<\/p><\/div>\n<\/p><\/div>\n<div class=\"pp-grid-item-wrap\" data-item-id=\"20748\">\n<div class=\"pp-grid-item pp-image\">\n<div class=\"pp-image-gallery-thumbnail-wrap pp-ins-filter-hover pp-gallery-tilt\">\n\t\t\t\t\t\t<a data-elementor-open-lightbox=\"yes\" data-elementor-lightbox-slideshow=\"7ce4303\" data-elementor-lightbox-title=\"The Ultra Soft Dude LV1084 7.5\u201dlong x 1.65\u201dwidth\" data-elementor-lightbox-description=\"7.5\u201dlong x 1.65\u201dwidth\" data-e-action-hash=\"#elementor-action%3Aaction%3Dlightbox%26settings%3DeyJpZCI6MjA3NDgsInVybCI6Imh0dHBzOlwvXC9zZXh0b3lzcHJvZHVjdHN0b3JlLmNvbVwvd3AtY29udGVudFwvdXBsb2Fkc1wvbG92ZXRveVwvTFYxMDg0LTIuanBnIiwic2xpZGVzaG93IjoiN2NlNDMwMyJ9\" class=\"elementor-clickable pp-image-gallery-item-link\" href=\"https:\/\/sextoysproductstore.com\/wp-content\/uploads\/lovetoy\/LV1084-2.jpg\"><\/p>\n<div class=\"pp-ins-filter-target pp-image-gallery-thumbnail\"><img decoding=\"async\" class=\"pp-gallery-slide-image\" src=\"https:\/\/sextoysproductstore.com\/wp-content\/uploads\/lovetoy\/LV1084-2.jpg\" alt=\"The Ultra Soft Dude LV1084\" data-no-lazy=\"1\"\/><\/div>\n<div class=\"pp-image-overlay pp-media-overlay\"><\/div>\n<div class=\"pp-gallery-image-content pp-media-content\"><\/div>\n<p><\/a>\t\t\t\t\t\t\t<\/p>\n<div class=\"pp-gallery-image-content\">\n<div class=\"pp-gallery-image-caption\">\n<div class=\"pp-gallery-image-title\">\n\t\t\t\t\tLV1084\t\t\t\t<\/div>\n<div class=\"pp-gallery-image-description\">\n\t\t\t\t\tLV1084\t\t\t\t<\/div>\n<\/p><\/div>\n<\/p><\/div>\n<\/p><\/div>\n<\/p><\/div>\n<\/p><\/div>\n<div class=\"pp-grid-item-wrap\" data-item-id=\"20749\">\n<div class=\"pp-grid-item pp-image\">\n<div class=\"pp-image-gallery-thumbnail-wrap pp-ins-filter-hover pp-gallery-tilt\">\n\t\t\t\t\t\t<a data-elementor-open-lightbox=\"yes\" data-elementor-lightbox-slideshow=\"7ce4303\" data-elementor-lightbox-title=\"The Ultra Soft Dude LV1085 8.8\u201dlong x 1.7\u201dwidth\" data-elementor-lightbox-description=\"8.8\u201dlong x 1.7\u201dwidth\" data-e-action-hash=\"#elementor-action%3Aaction%3Dlightbox%26settings%3DeyJpZCI6MjA3NDksInVybCI6Imh0dHBzOlwvXC9zZXh0b3lzcHJvZHVjdHN0b3JlLmNvbVwvd3AtY29udGVudFwvdXBsb2Fkc1wvbG92ZXRveVwvTFYxMDg1LTIuanBnIiwic2xpZGVzaG93IjoiN2NlNDMwMyJ9\" class=\"elementor-clickable pp-image-gallery-item-link\" href=\"https:\/\/sextoysproductstore.com\/wp-content\/uploads\/lovetoy\/LV1085-2.jpg\"><\/p>\n<div class=\"pp-ins-filter-target pp-image-gallery-thumbnail\"><img decoding=\"async\" class=\"pp-gallery-slide-image\" src=\"https:\/\/sextoysproductstore.com\/wp-content\/uploads\/lovetoy\/LV1085-2.jpg\" alt=\"The Ultra Soft Dude LV1085\" data-no-lazy=\"1\"\/><\/div>\n<div class=\"pp-image-overlay pp-media-overlay\"><\/div>\n<div class=\"pp-gallery-image-content pp-media-content\"><\/div>\n<p><\/a>\t\t\t\t\t\t\t<\/p>\n<div class=\"pp-gallery-image-content\">\n<div class=\"pp-gallery-image-caption\">\n<div class=\"pp-gallery-image-title\">\n\t\t\t\t\tLV1085\t\t\t\t<\/div>\n<div class=\"pp-gallery-image-description\">\n\t\t\t\t\tLV1085\t\t\t\t<\/div>\n<\/p><\/div>\n<\/p><\/div>\n<\/p><\/div>\n<\/p><\/div>\n<\/p><\/div>\n<div class=\"pp-grid-item-wrap\" data-item-id=\"20751\">\n<div class=\"pp-grid-item pp-image\">\n<div class=\"pp-image-gallery-thumbnail-wrap pp-ins-filter-hover pp-gallery-tilt\">\n\t\t\t\t\t\t<a data-elementor-open-lightbox=\"yes\" data-elementor-lightbox-slideshow=\"7ce4303\" data-elementor-lightbox-title=\"The Ultra Soft Dude LV1086 9\u201dlong x 1.6\u201dwidth\" data-elementor-lightbox-description=\"9\u201dlong x 1.6\u201dwidth\" data-e-action-hash=\"#elementor-action%3Aaction%3Dlightbox%26settings%3DeyJpZCI6MjA3NTEsInVybCI6Imh0dHBzOlwvXC9zZXh0b3lzcHJvZHVjdHN0b3JlLmNvbVwvd3AtY29udGVudFwvdXBsb2Fkc1wvbG92ZXRveVwvTFYxMDg2LTIuanBnIiwic2xpZGVzaG93IjoiN2NlNDMwMyJ9\" class=\"elementor-clickable pp-image-gallery-item-link\" href=\"https:\/\/sextoysproductstore.com\/wp-content\/uploads\/lovetoy\/LV1086-2.jpg\"><\/p>\n<div class=\"pp-ins-filter-target pp-image-gallery-thumbnail\"><img decoding=\"async\" class=\"pp-gallery-slide-image\" src=\"https:\/\/sextoysproductstore.com\/wp-content\/uploads\/lovetoy\/LV1086-2.jpg\" alt=\"The Ultra Soft Dude LV1086\" data-no-lazy=\"1\"\/><\/div>\n<div class=\"pp-image-overlay pp-media-overlay\"><\/div>\n<div class=\"pp-gallery-image-content pp-media-content\"><\/div>\n<p><\/a>\t\t\t\t\t\t\t<\/p>\n<div class=\"pp-gallery-image-content\">\n<div class=\"pp-gallery-image-caption\">\n<div class=\"pp-gallery-image-title\">\n\t\t\t\t\tLV1086\t\t\t\t<\/div>\n<div class=\"pp-gallery-image-description\">\n\t\t\t\t\tLV1086\t\t\t\t<\/div>\n<\/p><\/div>\n<\/p><\/div>\n<\/p><\/div>\n<\/p><\/div>\n<\/p><\/div>\n<\/p><\/div>\n<\/p><\/div>\n<\/p><\/div>\n<\/p><\/div>\n<\/p><\/div>\n<\/p><\/div>\n<\/section><\/div>","protected":false},"featured_media":20732,"comment_status":"open","ping_status":"closed","template":"","meta":{"_seopress_robots_primary_cat":"","_seopress_titles_title":"","_seopress_titles_desc":"","_seopress_robots_index":""},"store":[3847],"product_brand":[],"product_cat":[3621],"product_tag":[3936],"class_list":{"0":"post-14786","1":"product","2":"type-product","3":"status-publish","4":"has-post-thumbnail","6":"store-lovetoy","7":"product_cat-realistic-dildo-penis","8":"product_tag-for-women","10":"first","11":"outofstock","12":"sale","13":"taxable","14":"shipping-taxable","15":"purchasable","16":"product-type-variable"},"_links":{"self":[{"href":"https:\/\/sextoysproductstore.com\/de\/wp-json\/wp\/v2\/product\/14786","targetHints":{"allow":["GET"]}}],"collection":[{"href":"https:\/\/sextoysproductstore.com\/de\/wp-json\/wp\/v2\/product"}],"about":[{"href":"https:\/\/sextoysproductstore.com\/de\/wp-json\/wp\/v2\/types\/product"}],"replies":[{"embeddable":true,"href":"https:\/\/sextoysproductstore.com\/de\/wp-json\/wp\/v2\/comments?post=14786"}],"version-history":[{"count":0,"href":"https:\/\/sextoysproductstore.com\/de\/wp-json\/wp\/v2\/product\/14786\/revisions"}],"wp:featuredmedia":[{"embeddable":true,"href":"https:\/\/sextoysproductstore.com\/de\/wp-json\/wp\/v2\/media\/20732"}],"wp:attachment":[{"href":"https:\/\/sextoysproductstore.com\/de\/wp-json\/wp\/v2\/media?parent=14786"}],"wp:term":[{"taxonomy":"store","embeddable":true,"href":"https:\/\/sextoysproductstore.com\/de\/wp-json\/wp\/v2\/store?post=14786"},{"taxonomy":"product_brand","embeddable":true,"href":"https:\/\/sextoysproductstore.com\/de\/wp-json\/wp\/v2\/product_brand?post=14786"},{"taxonomy":"product_cat","embeddable":true,"href":"https:\/\/sextoysproductstore.com\/de\/wp-json\/wp\/v2\/product_cat?post=14786"},{"taxonomy":"product_tag","embeddable":true,"href":"https:\/\/sextoysproductstore.com\/de\/wp-json\/wp\/v2\/product_tag?post=14786"}],"curies":[{"name":"wp","href":"https:\/\/api.w.org\/{rel}","templated":true}]}}